{"id":1866,"date":"2023-11-13T17:02:41","date_gmt":"2023-11-13T16:02:41","guid":{"rendered":"https:\/\/www.moto-boutique-valais.ch\/casque-de-motard\/casque-bluetooth-ucom6r\/"},"modified":"2023-12-08T19:59:50","modified_gmt":"2023-12-08T18:59:50","slug":"casque-bluetooth-ucom6r","status":"publish","type":"page","link":"https:\/\/moto-boutique-valais.ch\/fr\/casque-de-motard\/casque-bluetooth-ucom6r\/","title":{"rendered":"CASQUE BLUETOOTH UCOM6R"},"content":{"rendered":"\t\t<div data-elementor-type=\"wp-page\" data-elementor-id=\"1866\" class=\"elementor elementor-1866 elementor-1528\" data-elementor-post-type=\"page\">\n\t\t\t\t<div class=\"elementor-element elementor-element-693d28e8 e-con-full e-ecs-flex e-flex e-con e-parent\" data-id=\"693d28e8\" data-element_type=\"container\" data-e-type=\"container\" data-settings=\"{&quot;background_background&quot;:&quot;classic&quot;,&quot;ecs_container_type&quot;:&quot;flex&quot;}\">\n\t\t<div class=\"elementor-element elementor-element-4cf7c1cb e-con-full e-ecs-flex e-flex e-con e-child\" data-id=\"4cf7c1cb\" data-element_type=\"container\" data-e-type=\"container\" data-settings=\"{&quot;ecs_container_type&quot;:&quot;flex&quot;}\">\n\t\t\t\t<div class=\"elementor-element elementor-element-7255c21a elementor-invisible elementor-widget elementor-widget-text-editor\" data-id=\"7255c21a\" data-element_type=\"widget\" data-e-type=\"widget\" data-settings=\"{&quot;_animation&quot;:&quot;fadeIn&quot;,&quot;_animation_delay&quot;:200}\" data-widget_type=\"text-editor.default\">\n\t\t\t\t<div class=\"elementor-widget-container\">\n\t\t\t\t\t\t\t\t\t<p>2 personnes (pilote+passager ou pilote sur une autre moto jusqu&rsquo;\u00e0 1km. de distance)<\/p>\n\t\t\t\t\t\t\t\t<\/div>\n\t\t\t\t<\/div>\n\t\t\t\t<div class=\"elementor-element elementor-element-bbcfe9f elementor-widget elementor-widget-text-editor\" data-id=\"bbcfe9f\" data-element_type=\"widget\" data-e-type=\"widget\" data-widget_type=\"text-editor.default\">\n\t\t\t\t<div class=\"elementor-widget-container\">\n\t\t\t\t\t\t\t\t\t<p>Les deux packs comprennent l&rsquo;\u00e9quipement microphonique aussi bien pour les casques jet ouverts, les casques pliants + les casques int\u00e9graux !<\/p>\n<p>U-com 6R est l&rsquo;interphone \u00e9quip\u00e9 de la technologie Bluetooth 5.2, parfait pour la communication \u00e0 deux : aussi bien entre le pilote et le passager qu&rsquo;entre la moto et la moto, jusqu&rsquo;\u00e0 une distance maximale de 1 km. Sa compatibilit\u00e9 totale avec tous les syst\u00e8mes Sena, TFT, GPS et OEM des principaux fabricants de casques du march\u00e9 en fait le compagnon d&rsquo;aventure id\u00e9al. U-com 6R offre \u00e9galement des performances audio tr\u00e8s \u00e9lev\u00e9es gr\u00e2ce aux nouveaux haut-parleurs HD de 32 mm pour des basses profondes et enveloppantes pendant que vous \u00e9coutez vos playlists pr\u00e9f\u00e9r\u00e9es, m\u00eame en arri\u00e8re-plan pendant une conversation. Tout comme la performance audio, la batterie offre une performance de pointe : 15 bonnes heures en mode interphone ! Une autre particularit\u00e9 de ce mod\u00e8le est qu&rsquo;il est enti\u00e8rement amovible. Gr\u00e2ce aux fixations fournies (autocollant ou pince), vous pouvez l&rsquo;installer en un tour de main sur tous vos casques pr\u00e9f\u00e9r\u00e9s. De plus, gr\u00e2ce au design multi-touches, un confort d&rsquo;utilisation maximal est garanti m\u00eame avec des gants.<\/p>\n\t\t\t\t\t\t\t\t<\/div>\n\t\t\t\t<\/div>\n\t\t\t\t<div class=\"elementor-element elementor-element-58fd58c elementor-widget elementor-widget-text-editor\" data-id=\"58fd58c\" data-element_type=\"widget\" data-e-type=\"widget\" data-widget_type=\"text-editor.default\">\n\t\t\t\t<div class=\"elementor-widget-container\">\n\t\t\t\t\t\t\t\t\t<p>L&rsquo;<strong>installation<\/strong> de l&rsquo;appareil dans le casque ne devrait pas poser de probl\u00e8me aux personnes ayant des connaissances techniques. Des vid\u00e9os explicatives sont disponibles. Mais si tu souhaites que nous l&rsquo;installions, pas de probl\u00e8me, nous le ferons pour Fr. 100.- par casque et nous l&rsquo;installerons et le configurerons avec toi !<\/p>\n\t\t\t\t\t\t\t\t<\/div>\n\t\t\t\t<\/div>\n\t\t\t\t<div class=\"elementor-element elementor-element-a3d6567 elementor-widget elementor-widget-heading\" data-id=\"a3d6567\" data-element_type=\"widget\" data-e-type=\"widget\" data-widget_type=\"heading.default\">\n\t\t\t\t<div class=\"elementor-widget-container\">\n\t\t\t\t\t<h3 class=\"elementor-heading-title elementor-size-default\">Prix<\/h3>\t\t\t\t<\/div>\n\t\t\t\t<\/div>\n\t\t\t\t<div class=\"elementor-element elementor-element-8f4fbcf elementor-widget elementor-widget-text-editor\" data-id=\"8f4fbcf\" data-element_type=\"widget\" data-e-type=\"widget\" data-widget_type=\"text-editor.default\">\n\t\t\t\t<div class=\"elementor-widget-container\">\n\t\t\t\t\t\t\t\t\t<ul>\n<li>BLUETOOTH HEADSET UCOM6R TWIN PACK (pour 2 casques) Fr. 309.-<\/li>\n<li>BLUETOOTH HEADSET UCOM6R (pour 1 casque) Fr. 179.-<\/li>\n<\/ul>\n<div> <\/div>\n\t\t\t\t\t\t\t\t<\/div>\n\t\t\t\t<\/div>\n\t\t\t\t<\/div>\n\t\t<div class=\"elementor-element elementor-element-71e2a63d e-con-full e-ecs-flex e-flex e-con e-child\" data-id=\"71e2a63d\" data-element_type=\"container\" data-e-type=\"container\" data-settings=\"{&quot;background_background&quot;:&quot;classic&quot;,&quot;ecs_container_type&quot;:&quot;flex&quot;}\">\n\t\t\t\t<div class=\"elementor-element elementor-element-741697df elementor-invisible elementor-widget elementor-widget-image\" data-id=\"741697df\" data-element_type=\"widget\" data-e-type=\"widget\" data-settings=\"{&quot;_animation&quot;:&quot;zoomIn&quot;}\" data-widget_type=\"image.default\">\n\t\t\t\t<div class=\"elementor-widget-container\">\n\t\t\t\t\t\t\t\t\t\t\t\t\t\t\t<img fetchpriority=\"high\" decoding=\"async\" width=\"704\" height=\"412\" src=\"https:\/\/moto-boutique-valais.ch\/wp-content\/uploads\/2023\/11\/Bild-1.jpg\" class=\"attachment-large size-large wp-image-1605\" alt=\"\" srcset=\"https:\/\/moto-boutique-valais.ch\/wp-content\/uploads\/2023\/11\/Bild-1.jpg 704w, https:\/\/moto-boutique-valais.ch\/wp-content\/uploads\/2023\/11\/Bild-1-300x176.jpg 300w\" sizes=\"(max-width: 704px) 100vw, 704px\" \/>\t\t\t\t\t\t\t\t\t\t\t\t\t\t\t<\/div>\n\t\t\t\t<\/div>\n\t\t<div class=\"elementor-element elementor-element-015e92c e-ecs-flex e-flex e-con-boxed e-con e-child\" data-id=\"015e92c\" data-element_type=\"container\" data-e-type=\"container\" data-settings=\"{&quot;ecs_container_type&quot;:&quot;flex&quot;}\">\n\t\t\t\t\t<div class=\"e-con-inner\">\n\t\t\t\t<div class=\"elementor-element elementor-element-6e8e3e2 elementor-widget elementor-widget-image\" data-id=\"6e8e3e2\" data-element_type=\"widget\" data-e-type=\"widget\" data-widget_type=\"image.default\">\n\t\t\t\t<div class=\"elementor-widget-container\">\n\t\t\t\t\t\t\t\t\t\t\t\t\t\t\t\t<a href=\"https:\/\/www.moto-boutique-valais.ch\/wp-content\/uploads\/2023\/11\/Bild-1A.jpg\" data-elementor-open-lightbox=\"yes\" data-elementor-lightbox-title=\"Bild 1A\" data-e-action-hash=\"#elementor-action%3Aaction%3Dlightbox%26settings%3DeyJpZCI6MTQ4OSwidXJsIjoiaHR0cHM6XC9cL21vdG8tYm91dGlxdWUtdmFsYWlzLmNoXC93cC1jb250ZW50XC91cGxvYWRzXC8yMDIzXC8xMVwvQmlsZC0xQS5qcGcifQ%3D%3D\">\n\t\t\t\t\t\t\t<img decoding=\"async\" width=\"281\" height=\"300\" src=\"https:\/\/moto-boutique-valais.ch\/wp-content\/uploads\/2023\/11\/Bild-1A-281x300.jpg\" class=\"attachment-medium size-medium wp-image-1489\" alt=\"\" srcset=\"https:\/\/moto-boutique-valais.ch\/wp-content\/uploads\/2023\/11\/Bild-1A-281x300.jpg 281w, https:\/\/moto-boutique-valais.ch\/wp-content\/uploads\/2023\/11\/Bild-1A.jpg 659w\" sizes=\"(max-width: 281px) 100vw, 281px\" \/>\t\t\t\t\t\t\t\t<\/a>\n\t\t\t\t\t\t\t\t\t\t\t\t\t\t\t<\/div>\n\t\t\t\t<\/div>\n\t\t\t\t<div class=\"elementor-element elementor-element-3a19d9d elementor-widget elementor-widget-image\" data-id=\"3a19d9d\" data-element_type=\"widget\" data-e-type=\"widget\" data-widget_type=\"image.default\">\n\t\t\t\t<div class=\"elementor-widget-container\">\n\t\t\t\t\t\t\t\t\t\t\t\t\t\t\t\t<a href=\"https:\/\/www.moto-boutique-valais.ch\/wp-content\/uploads\/2023\/11\/Bild-5.jpg\" data-elementor-open-lightbox=\"yes\" data-elementor-lightbox-title=\"Bild 5\" data-e-action-hash=\"#elementor-action%3Aaction%3Dlightbox%26settings%3DeyJpZCI6MTQ4NSwidXJsIjoiaHR0cHM6XC9cL21vdG8tYm91dGlxdWUtdmFsYWlzLmNoXC93cC1jb250ZW50XC91cGxvYWRzXC8yMDIzXC8xMVwvQmlsZC01LmpwZyJ9\">\n\t\t\t\t\t\t\t<img decoding=\"async\" width=\"263\" height=\"300\" src=\"https:\/\/moto-boutique-valais.ch\/wp-content\/uploads\/2023\/11\/Bild-5-263x300.jpg\" class=\"attachment-medium size-medium wp-image-1485\" alt=\"\" srcset=\"https:\/\/moto-boutique-valais.ch\/wp-content\/uploads\/2023\/11\/Bild-5-263x300.jpg 263w, https:\/\/moto-boutique-valais.ch\/wp-content\/uploads\/2023\/11\/Bild-5.jpg 618w\" sizes=\"(max-width: 263px) 100vw, 263px\" \/>\t\t\t\t\t\t\t\t<\/a>\n\t\t\t\t\t\t\t\t\t\t\t\t\t\t\t<\/div>\n\t\t\t\t<\/div>\n\t\t\t\t<div class=\"elementor-element elementor-element-6174ded elementor-widget elementor-widget-image\" data-id=\"6174ded\" data-element_type=\"widget\" data-e-type=\"widget\" data-widget_type=\"image.default\">\n\t\t\t\t<div class=\"elementor-widget-container\">\n\t\t\t\t\t\t\t\t\t\t\t\t\t\t\t\t<a href=\"https:\/\/www.moto-boutique-valais.ch\/wp-content\/uploads\/2023\/11\/Bild-1B.jpg\" data-elementor-open-lightbox=\"yes\" data-elementor-lightbox-title=\"Bild 1B\" data-e-action-hash=\"#elementor-action%3Aaction%3Dlightbox%26settings%3DeyJpZCI6MTUzNywidXJsIjoiaHR0cHM6XC9cL21vdG8tYm91dGlxdWUtdmFsYWlzLmNoXC93cC1jb250ZW50XC91cGxvYWRzXC8yMDIzXC8xMVwvQmlsZC0xQi5qcGcifQ%3D%3D\">\n\t\t\t\t\t\t\t<img loading=\"lazy\" decoding=\"async\" width=\"300\" height=\"278\" src=\"https:\/\/moto-boutique-valais.ch\/wp-content\/uploads\/2023\/11\/Bild-1B-300x278.jpg\" class=\"attachment-medium size-medium wp-image-1537\" alt=\"\" srcset=\"https:\/\/moto-boutique-valais.ch\/wp-content\/uploads\/2023\/11\/Bild-1B-300x278.jpg 300w, https:\/\/moto-boutique-valais.ch\/wp-content\/uploads\/2023\/11\/Bild-1B.jpg 704w\" sizes=\"(max-width: 300px) 100vw, 300px\" \/>\t\t\t\t\t\t\t\t<\/a>\n\t\t\t\t\t\t\t\t\t\t\t\t\t\t\t<\/div>\n\t\t\t\t<\/div>\n\t\t\t\t<div class=\"elementor-element elementor-element-6837b8b elementor-widget elementor-widget-image\" data-id=\"6837b8b\" data-element_type=\"widget\" data-e-type=\"widget\" data-widget_type=\"image.default\">\n\t\t\t\t<div class=\"elementor-widget-container\">\n\t\t\t\t\t\t\t\t\t\t\t\t\t\t\t\t<a href=\"https:\/\/www.moto-boutique-valais.ch\/wp-content\/uploads\/2023\/11\/Bild-7.jpg\" data-elementor-open-lightbox=\"yes\" data-elementor-lightbox-title=\"Bild 7\" data-e-action-hash=\"#elementor-action%3Aaction%3Dlightbox%26settings%3DeyJpZCI6MTU1NywidXJsIjoiaHR0cHM6XC9cL21vdG8tYm91dGlxdWUtdmFsYWlzLmNoXC93cC1jb250ZW50XC91cGxvYWRzXC8yMDIzXC8xMVwvQmlsZC03LmpwZyJ9\">\n\t\t\t\t\t\t\t<img loading=\"lazy\" decoding=\"async\" width=\"300\" height=\"222\" src=\"https:\/\/moto-boutique-valais.ch\/wp-content\/uploads\/2023\/11\/Bild-7-300x222.jpg\" class=\"attachment-medium size-medium wp-image-1557\" alt=\"\" srcset=\"https:\/\/moto-boutique-valais.ch\/wp-content\/uploads\/2023\/11\/Bild-7-300x222.jpg 300w, https:\/\/moto-boutique-valais.ch\/wp-content\/uploads\/2023\/11\/Bild-7.jpg 704w\" sizes=\"(max-width: 300px) 100vw, 300px\" \/>\t\t\t\t\t\t\t\t<\/a>\n\t\t\t\t\t\t\t\t\t\t\t\t\t\t\t<\/div>\n\t\t\t\t<\/div>\n\t\t\t\t\t<\/div>\n\t\t\t\t<\/div>\n\t\t<div class=\"elementor-element elementor-element-f1f7f9d e-ecs-flex e-flex e-con-boxed e-con e-child\" data-id=\"f1f7f9d\" data-element_type=\"container\" data-e-type=\"container\" data-settings=\"{&quot;ecs_container_type&quot;:&quot;flex&quot;}\">\n\t\t\t\t\t<div class=\"e-con-inner\">\n\t\t\t\t<div class=\"elementor-element elementor-element-22d0e6f elementor-widget elementor-widget-image\" data-id=\"22d0e6f\" data-element_type=\"widget\" data-e-type=\"widget\" data-widget_type=\"image.default\">\n\t\t\t\t<div class=\"elementor-widget-container\">\n\t\t\t\t\t\t\t\t\t\t\t\t\t\t\t\t<a href=\"https:\/\/www.moto-boutique-valais.ch\/wp-content\/uploads\/2023\/11\/Bild-7B.jpg\" data-elementor-open-lightbox=\"yes\" data-elementor-lightbox-title=\"Bild 7B\" data-e-action-hash=\"#elementor-action%3Aaction%3Dlightbox%26settings%3DeyJpZCI6MTU2MSwidXJsIjoiaHR0cHM6XC9cL21vdG8tYm91dGlxdWUtdmFsYWlzLmNoXC93cC1jb250ZW50XC91cGxvYWRzXC8yMDIzXC8xMVwvQmlsZC03Qi5qcGcifQ%3D%3D\">\n\t\t\t\t\t\t\t<img loading=\"lazy\" decoding=\"async\" width=\"300\" height=\"110\" src=\"https:\/\/moto-boutique-valais.ch\/wp-content\/uploads\/2023\/11\/Bild-7B-300x110.jpg\" class=\"attachment-medium size-medium wp-image-1561\" alt=\"\" srcset=\"https:\/\/moto-boutique-valais.ch\/wp-content\/uploads\/2023\/11\/Bild-7B-300x110.jpg 300w, https:\/\/moto-boutique-valais.ch\/wp-content\/uploads\/2023\/11\/Bild-7B.jpg 352w\" sizes=\"(max-width: 300px) 100vw, 300px\" \/>\t\t\t\t\t\t\t\t<\/a>\n\t\t\t\t\t\t\t\t\t\t\t\t\t\t\t<\/div>\n\t\t\t\t<\/div>\n\t\t\t\t<div class=\"elementor-element elementor-element-4969493 elementor-widget elementor-widget-image\" data-id=\"4969493\" data-element_type=\"widget\" data-e-type=\"widget\" data-widget_type=\"image.default\">\n\t\t\t\t<div class=\"elementor-widget-container\">\n\t\t\t\t\t\t\t\t\t\t\t\t\t\t\t\t<a href=\"https:\/\/www.moto-boutique-valais.ch\/wp-content\/uploads\/2023\/11\/Bild-2.jpg\" data-elementor-open-lightbox=\"yes\" data-elementor-lightbox-title=\"Bild 2\" data-e-action-hash=\"#elementor-action%3Aaction%3Dlightbox%26settings%3DeyJpZCI6MTU0MSwidXJsIjoiaHR0cHM6XC9cL21vdG8tYm91dGlxdWUtdmFsYWlzLmNoXC93cC1jb250ZW50XC91cGxvYWRzXC8yMDIzXC8xMVwvQmlsZC0yLmpwZyJ9\">\n\t\t\t\t\t\t\t<img loading=\"lazy\" decoding=\"async\" width=\"300\" height=\"93\" src=\"https:\/\/moto-boutique-valais.ch\/wp-content\/uploads\/2023\/11\/Bild-2-300x93.jpg\" class=\"attachment-medium size-medium wp-image-1541\" alt=\"\" srcset=\"https:\/\/moto-boutique-valais.ch\/wp-content\/uploads\/2023\/11\/Bild-2-300x93.jpg 300w, https:\/\/moto-boutique-valais.ch\/wp-content\/uploads\/2023\/11\/Bild-2.jpg 704w\" sizes=\"(max-width: 300px) 100vw, 300px\" \/>\t\t\t\t\t\t\t\t<\/a>\n\t\t\t\t\t\t\t\t\t\t\t\t\t\t\t<\/div>\n\t\t\t\t<\/div>\n\t\t\t\t<div class=\"elementor-element elementor-element-d523d37 elementor-widget elementor-widget-image\" data-id=\"d523d37\" data-element_type=\"widget\" data-e-type=\"widget\" data-widget_type=\"image.default\">\n\t\t\t\t<div class=\"elementor-widget-container\">\n\t\t\t\t\t\t\t\t\t\t\t\t\t\t\t\t<a href=\"https:\/\/www.moto-boutique-valais.ch\/wp-content\/uploads\/2023\/11\/Bild-3.jpg\" data-elementor-open-lightbox=\"yes\" data-elementor-lightbox-title=\"Bild 3\" data-e-action-hash=\"#elementor-action%3Aaction%3Dlightbox%26settings%3DeyJpZCI6MTU0NSwidXJsIjoiaHR0cHM6XC9cL21vdG8tYm91dGlxdWUtdmFsYWlzLmNoXC93cC1jb250ZW50XC91cGxvYWRzXC8yMDIzXC8xMVwvQmlsZC0zLmpwZyJ9\">\n\t\t\t\t\t\t\t<img loading=\"lazy\" decoding=\"async\" width=\"300\" height=\"282\" src=\"https:\/\/moto-boutique-valais.ch\/wp-content\/uploads\/2023\/11\/Bild-3-300x282.jpg\" class=\"attachment-medium size-medium wp-image-1545\" alt=\"\" srcset=\"https:\/\/moto-boutique-valais.ch\/wp-content\/uploads\/2023\/11\/Bild-3-300x282.jpg 300w, https:\/\/moto-boutique-valais.ch\/wp-content\/uploads\/2023\/11\/Bild-3.jpg 704w\" sizes=\"(max-width: 300px) 100vw, 300px\" \/>\t\t\t\t\t\t\t\t<\/a>\n\t\t\t\t\t\t\t\t\t\t\t\t\t\t\t<\/div>\n\t\t\t\t<\/div>\n\t\t\t\t<div class=\"elementor-element elementor-element-cb938ea elementor-widget elementor-widget-image\" data-id=\"cb938ea\" data-element_type=\"widget\" data-e-type=\"widget\" data-widget_type=\"image.default\">\n\t\t\t\t<div class=\"elementor-widget-container\">\n\t\t\t\t\t\t\t\t\t\t\t\t\t\t\t\t<a href=\"https:\/\/www.moto-boutique-valais.ch\/wp-content\/uploads\/2023\/11\/Bild-4.jpg\" data-elementor-open-lightbox=\"yes\" data-elementor-lightbox-title=\"Bild 4\" data-e-action-hash=\"#elementor-action%3Aaction%3Dlightbox%26settings%3DeyJpZCI6MTU0OSwidXJsIjoiaHR0cHM6XC9cL21vdG8tYm91dGlxdWUtdmFsYWlzLmNoXC93cC1jb250ZW50XC91cGxvYWRzXC8yMDIzXC8xMVwvQmlsZC00LmpwZyJ9\">\n\t\t\t\t\t\t\t<img loading=\"lazy\" decoding=\"async\" width=\"300\" height=\"296\" src=\"https:\/\/moto-boutique-valais.ch\/wp-content\/uploads\/2023\/11\/Bild-4-300x296.jpg\" class=\"attachment-medium size-medium wp-image-1549\" alt=\"\" srcset=\"https:\/\/moto-boutique-valais.ch\/wp-content\/uploads\/2023\/11\/Bild-4-300x296.jpg 300w, https:\/\/moto-boutique-valais.ch\/wp-content\/uploads\/2023\/11\/Bild-4.jpg 704w\" sizes=\"(max-width: 300px) 100vw, 300px\" \/>\t\t\t\t\t\t\t\t<\/a>\n\t\t\t\t\t\t\t\t\t\t\t\t\t\t\t<\/div>\n\t\t\t\t<\/div>\n\t\t\t\t\t<\/div>\n\t\t\t\t<\/div>\n\t\t\t\t<\/div>\n\t\t\t\t<\/div>\n\t\t\t\t<\/div>\n\t\t","protected":false},"excerpt":{"rendered":"<p>2 personnes (pilote+passager ou pilote sur une autre moto jusqu&rsquo;\u00e0 1km. de distance) Les deux packs comprennent l&rsquo;\u00e9quipement microphonique aussi bien pour les casques jet ouverts, les casques pliants + les casques int\u00e9graux ! U-com 6R est l&rsquo;interphone \u00e9quip\u00e9 de la technologie Bluetooth 5.2, parfait pour la communication \u00e0 deux : aussi bien entre le [&hellip;]<\/p>\n","protected":false},"author":1,"featured_media":0,"parent":1864,"menu_order":0,"comment_status":"closed","ping_status":"closed","template":"elementor_theme","meta":{"itsec_x_frame_options":"","footnotes":""},"class_list":["post-1866","page","type-page","status-publish","hentry"],"_links":{"self":[{"href":"https:\/\/moto-boutique-valais.ch\/fr\/wp-json\/wp\/v2\/pages\/1866","targetHints":{"allow":["GET"]}}],"collection":[{"href":"https:\/\/moto-boutique-valais.ch\/fr\/wp-json\/wp\/v2\/pages"}],"about":[{"href":"https:\/\/moto-boutique-valais.ch\/fr\/wp-json\/wp\/v2\/types\/page"}],"author":[{"embeddable":true,"href":"https:\/\/moto-boutique-valais.ch\/fr\/wp-json\/wp\/v2\/users\/1"}],"replies":[{"embeddable":true,"href":"https:\/\/moto-boutique-valais.ch\/fr\/wp-json\/wp\/v2\/comments?post=1866"}],"version-history":[{"count":0,"href":"https:\/\/moto-boutique-valais.ch\/fr\/wp-json\/wp\/v2\/pages\/1866\/revisions"}],"up":[{"embeddable":true,"href":"https:\/\/moto-boutique-valais.ch\/fr\/wp-json\/wp\/v2\/pages\/1864"}],"wp:attachment":[{"href":"https:\/\/moto-boutique-valais.ch\/fr\/wp-json\/wp\/v2\/media?parent=1866"}],"curies":[{"name":"wp","href":"https:\/\/api.w.org\/{rel}","templated":true}]}}