{"id":1872,"date":"2023-11-13T17:29:34","date_gmt":"2023-11-13T16:29:34","guid":{"rendered":"https:\/\/www.moto-boutique-valais.ch\/casque-de-motard\/casque-bluetooth-ucom8r\/"},"modified":"2023-12-08T20:01:28","modified_gmt":"2023-12-08T19:01:28","slug":"casque-bluetooth-ucom8r","status":"publish","type":"page","link":"https:\/\/moto-boutique-valais.ch\/fr\/casque-de-motard\/casque-bluetooth-ucom8r\/","title":{"rendered":"CASQUE BLUETOOTH UCOM8R"},"content":{"rendered":"\t\t<div data-elementor-type=\"wp-page\" data-elementor-id=\"1872\" class=\"elementor elementor-1872 elementor-1636\" data-elementor-post-type=\"page\">\n\t\t\t\t<div class=\"elementor-element elementor-element-693d28e8 e-con-full e-flex e-con e-parent\" data-id=\"693d28e8\" data-element_type=\"container\" data-e-type=\"container\" data-settings=\"{&quot;background_background&quot;:&quot;classic&quot;}\">\n\t\t<div class=\"elementor-element elementor-element-4cf7c1cb e-con-full e-flex e-con e-child\" data-id=\"4cf7c1cb\" data-element_type=\"container\" data-e-type=\"container\">\n\t\t\t\t<div class=\"elementor-element elementor-element-7255c21a elementor-invisible elementor-widget elementor-widget-text-editor\" data-id=\"7255c21a\" data-element_type=\"widget\" data-e-type=\"widget\" data-settings=\"{&quot;_animation&quot;:&quot;fadeIn&quot;,&quot;_animation_delay&quot;:200}\" data-widget_type=\"text-editor.default\">\n\t\t\t\t<div class=\"elementor-widget-container\">\n\t\t\t\t\t\t\t\t\t<p>Connexion uniquement via un syst\u00e8me Mesh 2.0 compatible Sena pour 24 personnes maximum<\/p>\n\t\t\t\t\t\t\t\t<\/div>\n\t\t\t\t<\/div>\n\t\t\t\t<div class=\"elementor-element elementor-element-bbcfe9f elementor-widget elementor-widget-text-editor\" data-id=\"bbcfe9f\" data-element_type=\"widget\" data-e-type=\"widget\" data-widget_type=\"text-editor.default\">\n\t\t\t\t<div class=\"elementor-widget-container\">\n\t\t\t\t\t\t\t\t\t<p>U-COM8R est l&rsquo;interphone avec technologie de maillage le plus intuitif du march\u00e9. Gr\u00e2ce \u00e0 cette technologie avanc\u00e9e, vous b\u00e9n\u00e9ficiez d&rsquo;une connexion plus fiable et d&rsquo;une connexion de groupe avec d&rsquo;autres interphones, jusqu&rsquo;\u00e0 24 personnes, d&rsquo;un simple clic jusqu&rsquo;\u00e0 1,6 km. Le Bluetooth\u00ae 5.2 (uniquement pour smartphones \/ GPS \/ TFT) et la compatibilit\u00e9 totale avec tous les syst\u00e8mes Sena, TFT, GPS et OEM des principaux fabricants de casques sur le march\u00e9 en font le compagnon d&rsquo;aventure id\u00e9al. U-com8R offre \u00e9galement des performances audio tr\u00e8s \u00e9lev\u00e9es gr\u00e2ce aux nouveaux haut-parleurs HD de 40 mm pour des basses profondes et enveloppantes pendant que vous \u00e9coutez vos playlists pr\u00e9f\u00e9r\u00e9es, m\u00eame en arri\u00e8re-plan pendant une conversation.<\/p>\n<p>Un autre \u00e9l\u00e9ment caract\u00e9ristique de ce mod\u00e8le est la conception multi-touches pour une convivialit\u00e9 maximale, chaque touche correspondant \u00e0 une fonction pour une utilisation intuitive.<\/p>\n<p>Gr\u00e2ce \u00e0 son amovibilit\u00e9 totale, vous pouvez installer le syst\u00e8me sur tous vos casques pr\u00e9f\u00e9r\u00e9s en un tour de main.<\/p>\n<h3><b>Aper\u00e7u des fonctions<\/b><\/h3>\n<h4>Technologie Mesh 2.0 et Bluetooth\u00ae 5.2<\/h4>\n<p>Communication maill\u00e9e en groupes jusqu&rsquo;\u00e0 24 interphones &#8211; Autonomie de la batterie en mode maill\u00e9 18h (dur\u00e9e variable avec musique de fond\/GPS\/radio) &#8211; Recharge compl\u00e8te en 2,5h &#8211; Compatibilit\u00e9 \u00e9tendue avec tous les syst\u00e8mes Sena, TFT et GPS du march\u00e9 &#8211; Commandes vocales int\u00e9gr\u00e9es pour g\u00e9rer les fonctions de l&rsquo;appareil.<\/p>\n<h4>Micrologiciel :<\/h4>\n<p>Adaptation et configuration de l&rsquo;appareil sur PC (Windows et MacOs)<\/p>\n<h4>APP<\/h4>\n<p>Nouvelle application iOS et Android &#8211; Contr\u00f4le total des fonctions d&rsquo;interphonie &#8211; Affichage de l&rsquo;autonomie restante &#8211; Affichage de la version du firmware install\u00e9e et de la disponibilit\u00e9 de nouvelles versions &#8211; Affichage du pourcentage de charge de la batterie &#8211; S\u00e9lection des pr\u00e9r\u00e9glages de l&rsquo;\u00e9galiseur audio.<\/p>\n<h4>AUDIO<\/h4>\n<p>Messages vocaux pr\u00e9enregistr\u00e9s &#8211; Microphone directionnel r\u00e9sistant au vent &#8211; R\u00e9glage automatique du volume (d\u00e9sactivable) sur 3 niveaux &#8211; Nouveaux haut-parleurs 40 mm HD-Top-Sound &#8211; \u00c9galiseur audio CHIP\/BATTERIE\/CHARGEUR DE BATTERIE : Chipset : Bluetooth\u00ae version 5.2 (uniquement pour les appareils) et Mesh 2.0 &#8211; Charge rapide : rechargez votre interphone \u00e0 la vitesse maximale. &#8211; Connexions micro pour le microphone et les haut-parleurs, type C pour la charge et les donn\u00e9es.<\/p>\n<h4>Compatibilit\u00e9<\/h4>\n<p>Equip\u00e9 de tous les smartphones avec technologie Bluetooth\u00ae &#8211; Navigateurs GPS avec technologie Bluetooth\u00ae et profil HFP &#8211; Int\u00e9gration totale avec tous les syst\u00e8mes Sena Mesh et les casques avec syst\u00e8me de communication Mesh int\u00e9gr\u00e9 (v\u00e9rifier la compatibilit\u00e9) &#8211; Compatibilit\u00e9 avec tous les TFT et GPS &#8211; Peut \u00eatre install\u00e9 sur la plupart des casques.<\/p>\n<h4>Dimensions<\/h4>\n<p>Poids : 51 g &#8211; Longueur : 85 mm &#8211; Hauteur : 49 mm &#8211; \u00c9paisseur : 25 mm<\/p>\n<h4>Caract\u00e9ristiques g\u00e9n\u00e9rales<\/h4>\n<p>Connexion entre les interphones jusqu&rsquo;\u00e0 1,6 km &#8211; Connexion entre les interphones en un seul clic &#8211; Menu avec guide vocal multilingue &#8211; Connexion au smartphone pour \u00e9couter la musique, la radio et les appels t\u00e9l\u00e9phoniques &#8211; \u00c9tanch\u00e9it\u00e9 IP 67 &#8211; Conversation entre les interphones avec fond sonore des fonctions radio\/GPS\/musique &#8211; Configuration de l&rsquo;appareil en mode d\u00e9butant ou expert &#8211; Possibilit\u00e9 de recharger l&rsquo;interphone pendant l&rsquo;utilisation GPS : Compatible avec les principaux navigateurs Bluetooth\u00ae pour motos &#8211; Instructions vocales GPS \u00e9galement en arri\u00e8re-plan pendant la conversation &#8211; Compatible avec les principales applications de navigation pour smartphones, instructions vocales \u00e9galement en arri\u00e8re-plan.<\/p>\n<h4>T\u00e9l\u00e9phone portable<\/h4>\n<p>Double point, possibilit\u00e9 de connecter deux smartphones simultan\u00e9ment \u00e0 l&rsquo;autoradio &#8211; commande vocale &#8211; gestion avec l&rsquo;assistant vocal Apple et Android &#8211; num\u00e9rotation rapide : possibilit\u00e9 de m\u00e9moriser 3 num\u00e9ros de t\u00e9l\u00e9phone &#8211; recomposition du dernier appel.<\/p>\n<h4>Musique<\/h4>\n<p>Lecture audio (A2DP\/AVRCP) \u00e0 partir de smartphones, de syst\u00e8mes multim\u00e9dias embarqu\u00e9s (tft), de lecteurs MP3 et d&rsquo;autres lecteurs Bluetooth\u00ae.<\/p>\n<h4>Contenu de l&#8217;emballage<\/h4>\n<p>Clip adh\u00e9sif pour le montage sur casque &#8211; Support \u00e0 clip &#8211; Haut-parleur HD 40 mm &#8211; Microphone boom (casques jet et modulaires) et adh\u00e9sif (casques int\u00e9graux) &#8211; C\u00e2ble USB type C pour les donn\u00e9es et pour la recharge.<\/p>\n\t\t\t\t\t\t\t\t<\/div>\n\t\t\t\t<\/div>\n\t\t\t\t<div class=\"elementor-element elementor-element-58fd58c elementor-widget elementor-widget-text-editor\" data-id=\"58fd58c\" data-element_type=\"widget\" data-e-type=\"widget\" data-widget_type=\"text-editor.default\">\n\t\t\t\t<div class=\"elementor-widget-container\">\n\t\t\t\t\t\t\t\t\t<p>L&rsquo;<strong>installation<\/strong> de l&rsquo;appareil dans le casque ne devrait pas poser de probl\u00e8me aux personnes ayant des connaissances techniques. Des vid\u00e9os explicatives sont disponibles. Mais si tu souhaites que nous l&rsquo;installions, pas de probl\u00e8me, nous le ferons pour Fr. 100.- par casque et nous l&rsquo;installerons et le configurerons avec toi !<\/p>\n\t\t\t\t\t\t\t\t<\/div>\n\t\t\t\t<\/div>\n\t\t\t\t<div class=\"elementor-element elementor-element-a3d6567 elementor-widget elementor-widget-heading\" data-id=\"a3d6567\" data-element_type=\"widget\" data-e-type=\"widget\" data-widget_type=\"heading.default\">\n\t\t\t\t<div class=\"elementor-widget-container\">\n\t\t\t\t\t<h3 class=\"elementor-heading-title elementor-size-default\">Prix<\/h3>\t\t\t\t<\/div>\n\t\t\t\t<\/div>\n\t\t\t\t<div class=\"elementor-element elementor-element-8f4fbcf elementor-widget elementor-widget-text-editor\" data-id=\"8f4fbcf\" data-element_type=\"widget\" data-e-type=\"widget\" data-widget_type=\"text-editor.default\">\n\t\t\t\t<div class=\"elementor-widget-container\">\n\t\t\t\t\t\t\t\t\t<ul>\n<li>BLUETOOTH HEADSET UCOM8R TWIN PACK (pour 2 casques) Fr. 459.-<\/li>\n<li>BLUETOOTH HEADSET UCOM8R (pour 1 casque) Fr. 259.-<\/li>\n<\/ul>\n\t\t\t\t\t\t\t\t<\/div>\n\t\t\t\t<\/div>\n\t\t\t\t<\/div>\n\t\t<div class=\"elementor-element elementor-element-71e2a63d e-con-full e-flex e-con e-child\" data-id=\"71e2a63d\" data-element_type=\"container\" data-e-type=\"container\" data-settings=\"{&quot;background_background&quot;:&quot;classic&quot;}\">\n\t\t\t\t<div class=\"elementor-element elementor-element-741697df elementor-invisible elementor-widget elementor-widget-image\" data-id=\"741697df\" data-element_type=\"widget\" data-e-type=\"widget\" data-settings=\"{&quot;_animation&quot;:&quot;zoomIn&quot;}\" data-widget_type=\"image.default\">\n\t\t\t\t<div class=\"elementor-widget-container\">\n\t\t\t\t\t\t\t\t\t\t\t\t\t\t\t<img fetchpriority=\"high\" decoding=\"async\" width=\"704\" height=\"412\" src=\"https:\/\/moto-boutique-valais.ch\/wp-content\/uploads\/2023\/11\/Bild-1.jpg\" class=\"attachment-large size-large wp-image-1605\" alt=\"\" srcset=\"https:\/\/moto-boutique-valais.ch\/wp-content\/uploads\/2023\/11\/Bild-1.jpg 704w, https:\/\/moto-boutique-valais.ch\/wp-content\/uploads\/2023\/11\/Bild-1-300x176.jpg 300w\" sizes=\"(max-width: 704px) 100vw, 704px\" \/>\t\t\t\t\t\t\t\t\t\t\t\t\t\t\t<\/div>\n\t\t\t\t<\/div>\n\t\t<div class=\"elementor-element elementor-element-015e92c e-flex e-con-boxed e-con e-child\" data-id=\"015e92c\" data-element_type=\"container\" data-e-type=\"container\">\n\t\t\t\t\t<div class=\"e-con-inner\">\n\t\t\t\t<div class=\"elementor-element elementor-element-6e8e3e2 elementor-widget elementor-widget-image\" data-id=\"6e8e3e2\" data-element_type=\"widget\" data-e-type=\"widget\" data-widget_type=\"image.default\">\n\t\t\t\t<div class=\"elementor-widget-container\">\n\t\t\t\t\t\t\t\t\t\t\t\t\t\t\t\t<a href=\"https:\/\/www.moto-boutique-valais.ch\/wp-content\/uploads\/2023\/11\/Bild-2.jpg\" data-elementor-open-lightbox=\"yes\" data-elementor-lightbox-title=\"Bild 2\" data-e-action-hash=\"#elementor-action%3Aaction%3Dlightbox%26settings%3DeyJpZCI6MTU0MSwidXJsIjoiaHR0cHM6XC9cL21vdG8tYm91dGlxdWUtdmFsYWlzLmNoXC93cC1jb250ZW50XC91cGxvYWRzXC8yMDIzXC8xMVwvQmlsZC0yLmpwZyJ9\">\n\t\t\t\t\t\t\t<img decoding=\"async\" width=\"300\" height=\"93\" src=\"https:\/\/moto-boutique-valais.ch\/wp-content\/uploads\/2023\/11\/Bild-2-300x93.jpg\" class=\"attachment-medium size-medium wp-image-1541\" alt=\"\" srcset=\"https:\/\/moto-boutique-valais.ch\/wp-content\/uploads\/2023\/11\/Bild-2-300x93.jpg 300w, https:\/\/moto-boutique-valais.ch\/wp-content\/uploads\/2023\/11\/Bild-2.jpg 704w\" sizes=\"(max-width: 300px) 100vw, 300px\" \/>\t\t\t\t\t\t\t\t<\/a>\n\t\t\t\t\t\t\t\t\t\t\t\t\t\t\t<\/div>\n\t\t\t\t<\/div>\n\t\t\t\t<div class=\"elementor-element elementor-element-3a19d9d elementor-widget elementor-widget-image\" data-id=\"3a19d9d\" data-element_type=\"widget\" data-e-type=\"widget\" data-widget_type=\"image.default\">\n\t\t\t\t<div class=\"elementor-widget-container\">\n\t\t\t\t\t\t\t\t\t\t\t\t\t\t\t\t<a href=\"https:\/\/www.moto-boutique-valais.ch\/wp-content\/uploads\/2023\/11\/Bild-3.jpg\" data-elementor-open-lightbox=\"yes\" data-elementor-lightbox-title=\"Bild 3\" data-e-action-hash=\"#elementor-action%3Aaction%3Dlightbox%26settings%3DeyJpZCI6MTU0NSwidXJsIjoiaHR0cHM6XC9cL21vdG8tYm91dGlxdWUtdmFsYWlzLmNoXC93cC1jb250ZW50XC91cGxvYWRzXC8yMDIzXC8xMVwvQmlsZC0zLmpwZyJ9\">\n\t\t\t\t\t\t\t<img decoding=\"async\" width=\"300\" height=\"282\" src=\"https:\/\/moto-boutique-valais.ch\/wp-content\/uploads\/2023\/11\/Bild-3-300x282.jpg\" class=\"attachment-medium size-medium wp-image-1545\" alt=\"\" srcset=\"https:\/\/moto-boutique-valais.ch\/wp-content\/uploads\/2023\/11\/Bild-3-300x282.jpg 300w, https:\/\/moto-boutique-valais.ch\/wp-content\/uploads\/2023\/11\/Bild-3.jpg 704w\" sizes=\"(max-width: 300px) 100vw, 300px\" \/>\t\t\t\t\t\t\t\t<\/a>\n\t\t\t\t\t\t\t\t\t\t\t\t\t\t\t<\/div>\n\t\t\t\t<\/div>\n\t\t\t\t<div class=\"elementor-element elementor-element-6174ded elementor-widget elementor-widget-image\" data-id=\"6174ded\" data-element_type=\"widget\" data-e-type=\"widget\" data-widget_type=\"image.default\">\n\t\t\t\t<div class=\"elementor-widget-container\">\n\t\t\t\t\t\t\t\t\t\t\t\t\t\t\t\t<a href=\"https:\/\/www.moto-boutique-valais.ch\/wp-content\/uploads\/2023\/11\/Bild-4.jpg\" data-elementor-open-lightbox=\"yes\" data-elementor-lightbox-title=\"Bild 4\" data-e-action-hash=\"#elementor-action%3Aaction%3Dlightbox%26settings%3DeyJpZCI6MTU0OSwidXJsIjoiaHR0cHM6XC9cL21vdG8tYm91dGlxdWUtdmFsYWlzLmNoXC93cC1jb250ZW50XC91cGxvYWRzXC8yMDIzXC8xMVwvQmlsZC00LmpwZyJ9\">\n\t\t\t\t\t\t\t<img loading=\"lazy\" decoding=\"async\" width=\"300\" height=\"296\" src=\"https:\/\/moto-boutique-valais.ch\/wp-content\/uploads\/2023\/11\/Bild-4-300x296.jpg\" class=\"attachment-medium size-medium wp-image-1549\" alt=\"\" srcset=\"https:\/\/moto-boutique-valais.ch\/wp-content\/uploads\/2023\/11\/Bild-4-300x296.jpg 300w, https:\/\/moto-boutique-valais.ch\/wp-content\/uploads\/2023\/11\/Bild-4.jpg 704w\" sizes=\"(max-width: 300px) 100vw, 300px\" \/>\t\t\t\t\t\t\t\t<\/a>\n\t\t\t\t\t\t\t\t\t\t\t\t\t\t\t<\/div>\n\t\t\t\t<\/div>\n\t\t\t\t\t<\/div>\n\t\t\t\t<\/div>\n\t\t\t\t<\/div>\n\t\t\t\t<\/div>\n\t\t\t\t<\/div>\n\t\t","protected":false},"excerpt":{"rendered":"<p>Connexion uniquement via un syst\u00e8me Mesh 2.0 compatible Sena pour 24 personnes maximum U-COM8R est l&rsquo;interphone avec technologie de maillage le plus intuitif du march\u00e9. Gr\u00e2ce \u00e0 cette technologie avanc\u00e9e, vous b\u00e9n\u00e9ficiez d&rsquo;une connexion plus fiable et d&rsquo;une connexion de groupe avec d&rsquo;autres interphones, jusqu&rsquo;\u00e0 24 personnes, d&rsquo;un simple clic jusqu&rsquo;\u00e0 1,6 km. Le Bluetooth\u00ae [&hellip;]<\/p>\n","protected":false},"author":1,"featured_media":0,"parent":1864,"menu_order":0,"comment_status":"closed","ping_status":"closed","template":"elementor_theme","meta":{"itsec_x_frame_options":"","footnotes":""},"class_list":["post-1872","page","type-page","status-publish","hentry"],"_links":{"self":[{"href":"https:\/\/moto-boutique-valais.ch\/fr\/wp-json\/wp\/v2\/pages\/1872","targetHints":{"allow":["GET"]}}],"collection":[{"href":"https:\/\/moto-boutique-valais.ch\/fr\/wp-json\/wp\/v2\/pages"}],"about":[{"href":"https:\/\/moto-boutique-valais.ch\/fr\/wp-json\/wp\/v2\/types\/page"}],"author":[{"embeddable":true,"href":"https:\/\/moto-boutique-valais.ch\/fr\/wp-json\/wp\/v2\/users\/1"}],"replies":[{"embeddable":true,"href":"https:\/\/moto-boutique-valais.ch\/fr\/wp-json\/wp\/v2\/comments?post=1872"}],"version-history":[{"count":0,"href":"https:\/\/moto-boutique-valais.ch\/fr\/wp-json\/wp\/v2\/pages\/1872\/revisions"}],"up":[{"embeddable":true,"href":"https:\/\/moto-boutique-valais.ch\/fr\/wp-json\/wp\/v2\/pages\/1864"}],"wp:attachment":[{"href":"https:\/\/moto-boutique-valais.ch\/fr\/wp-json\/wp\/v2\/media?parent=1872"}],"curies":[{"name":"wp","href":"https:\/\/api.w.org\/{rel}","templated":true}]}}