{"id":1876,"date":"2023-11-13T17:54:52","date_gmt":"2023-11-13T16:54:52","guid":{"rendered":"https:\/\/www.moto-boutique-valais.ch\/casque-de-motard\/interphone-srl03-pour-neotec-3-gt-air-3\/"},"modified":"2023-12-08T20:02:03","modified_gmt":"2023-12-08T19:02:03","slug":"interphone-srl03-pour-neotec-3-gt-air-3","status":"publish","type":"page","link":"https:\/\/moto-boutique-valais.ch\/fr\/casque-de-motard\/interphone-srl03-pour-neotec-3-gt-air-3\/","title":{"rendered":"Interphone SRL03 pour Neotec 3 &amp; GT-Air 3"},"content":{"rendered":"\t\t<div data-elementor-type=\"wp-page\" data-elementor-id=\"1876\" class=\"elementor elementor-1876 elementor-1660\" data-elementor-post-type=\"page\">\n\t\t\t\t<div class=\"elementor-element elementor-element-693d28e8 e-con-full e-flex e-con e-parent\" data-id=\"693d28e8\" data-element_type=\"container\" data-e-type=\"container\" data-settings=\"{&quot;background_background&quot;:&quot;classic&quot;}\">\n\t\t<div class=\"elementor-element elementor-element-4cf7c1cb e-con-full e-flex e-con e-child\" data-id=\"4cf7c1cb\" data-element_type=\"container\" data-e-type=\"container\">\n\t\t\t\t<div class=\"elementor-element elementor-element-7255c21a elementor-invisible elementor-widget elementor-widget-text-editor\" data-id=\"7255c21a\" data-element_type=\"widget\" data-e-type=\"widget\" data-settings=\"{&quot;_animation&quot;:&quot;fadeIn&quot;,&quot;_animation_delay&quot;:200}\" data-widget_type=\"text-editor.default\">\n\t\t\t\t<div class=\"elementor-widget-container\">\n\t\t\t\t\t\t\t\t\t<p>Con\u00e7u pour les casques SHOEI : SHOEI Neotec 3 et SHOEI GT-Air 3<\/p>\n\t\t\t\t\t\t\t\t<\/div>\n\t\t\t\t<\/div>\n\t\t\t\t<div class=\"elementor-element elementor-element-bbcfe9f elementor-widget elementor-widget-text-editor\" data-id=\"bbcfe9f\" data-element_type=\"widget\" data-e-type=\"widget\" data-widget_type=\"text-editor.default\">\n\t\t\t\t<div class=\"elementor-widget-container\">\n\t\t\t\t\t\t\t\t\t<p>S&rsquo;adapte parfaitement aux \u00e9videments frais\u00e9s dans ces casques !<\/p>\n<h4>COMMUNICATION PREMIUM. SON PREMIUM<\/h4>\n<p>La nouvelle g\u00e9n\u00e9ration de Sena&rsquo;s SRL pour SHOEI est arriv\u00e9e. Le SRL-3 est bourr\u00e9 de fonctionnalit\u00e9s haut de gamme, dont le Mesh Intercom\u2122 et le haut-parleur et le microphone SOUND BY Harman Kardon. Le SRL-3 a \u00e9t\u00e9 sp\u00e9cialement con\u00e7u pour deux des nouveaux casques les plus populaires de SHOEI et sera le compagnon id\u00e9al de votre prochaine sortie. L&rsquo;appareil mince offre cette<\/p>\n<h4>Fonctions<\/h4>\n<ul>\n<li>SOUND BY Harman Kardon<\/li>\n<li>Con\u00e7u pour les casques SHOEI : SHOEI Neotec 3 et SHOEI GT-Air 3<\/li>\n<li>Bluetooth 5<\/li>\n<li>Mesh Intercom\u2122<\/li>\n<li>Interphone Bluetooth\u00ae 4 voies<\/li>\n<li>Acc\u00e8s aux assistants num\u00e9riques<\/li>\n<li>Contr\u00f4le avanc\u00e9 du bruit\u2122<\/li>\n<\/ul>\n<h4>G\u00e9n\u00e9ralit\u00e9s<\/h4>\n<p>Dimensions<\/p>\n<p>Module principal : 82 mm x 39 mm x 33 mm<br \/>Haut-parleur : 40 mm &#8211; \u00e9paisseur 7,3 mm<br \/>microphone \u00e0 \u00e9trier : longueur 55 mm<br \/>longueur du c\u00e2ble entre les haut-parleurs : 85 mm<br \/>Poids : module principal &#8211; 100 g<br \/>temp\u00e9rature de fonctionnement : -10\u00b0C &#8211; 50\u00b0C<\/p>\n<h4>MESH INTERCOM<\/h4>\n<ul>\n<li>Technologie Mesh Intercom\u2122<\/li>\n<\/ul>\n<h4>BLUETOOTH<\/h4>\n<ul>\n<li>Bluetooth 5<\/li>\n<li>Profil de casque (HSP)<\/li>\n<li>Profil mains libres (HFP)<\/li>\n<li>Profil de distribution audio avanc\u00e9e (A2DP)<\/li>\n<li>Profil de contr\u00f4le audio vid\u00e9o \u00e0 distance (AVRCP)<\/li>\n<\/ul>\n<h4>INTERPR\u00c8TE<\/h4>\n<p>Port\u00e9e :<\/p>\n<ul>\n<li>Interphonie Bluetooth : jusqu&rsquo;\u00e0 2 km en terrain ouvert<\/li>\n<li>Mesh Intercom : jusqu&rsquo;\u00e0 2 km en terrain ouvert<\/li>\n<li>*Peut aller jusqu&rsquo;\u00e0 8,0 km entre au moins 6 coureurs<\/li>\n<li>Supporte jusqu&rsquo;\u00e0 :\n<ul>\n<li>Interphonie Bluetooth : 4 conducteurs<\/li>\n<li>Open Mesh Intercom : nombre illimit\u00e9<\/li>\n<li>Group Mesh Intercom : 24 conducteurs<\/li>\n<\/ul>\n<\/li>\n<li>Canaux pris en charge :\n<ul>\n<li>Interphone \u00e0 maillage ouvert : 9 canaux<\/li>\n<\/ul>\n<\/li>\n<\/ul>\n<p>AUDIO<\/p>\n<ul>\n<li>R\u00e9duction du bruit : Advanced Noise Control\u2122<\/li>\n<li>Codec : codec SBC int\u00e9gr\u00e9<\/li>\n<li>Radio FM :<\/li>\n<li>Donn\u00e9es de fr\u00e9quence radio : 76 ~ 108MHz<\/li>\n<li>10 stations pr\u00e9s\u00e9lectionn\u00e9es et recherche automatique<\/li>\n<li>Haut-parleurs et microphone haut de gamme avec SOUND BY Harman Kardon<\/li>\n<li>AKKU<\/li>\n<\/ul>\n<h4>Temps de conversation<\/h4>\n<ul>\n<li>Interphonie Bluetooth : 8 heures<\/li>\n<li>Interphone maill\u00e9 : 8 heures<\/li>\n<li>Temps de charge : 2,5 heures<\/li>\n<li>Type : batterie au lithium polym\u00e8re<\/li>\n<\/ul>\n<h4>CONSTRUIT POUR CASQUES SHOEI<\/h4>\n<p>Le SRL-3 a \u00e9t\u00e9 sp\u00e9cialement con\u00e7u pour \u00eatre install\u00e9 dans les encoches int\u00e9rieures des casques SHOEI Neotec 3, SHOEI GT-Air 3. Une fois install\u00e9e, l&rsquo;unit\u00e9 compacte SRL-3 est pratiquement invisible de l&rsquo;ext\u00e9rieur. Sur le c\u00f4t\u00e9 gauche du SRL-MESH se trouve une commande \u00e0 3 boutons, tandis que sur le c\u00f4t\u00e9 droit se trouve le bouton Mesh Intercom\u2122, qui vous permet de vous connecter en appuyant simplement sur un bouton.<\/p>\n<h4>CONFORT AVEC LA COMMANDE VOCALE DE SENA<\/h4>\n<p>Les commandes vocales de Sena vous permettent de contr\u00f4ler les fonctions syst\u00e8me du SRL-MESH, par exemple de d\u00e9crocher le t\u00e9l\u00e9phone ou de d\u00e9marrer une session Group Mesh. Le SRL-MESH prend en charge les commandes vocales en huit langues : Anglais, fran\u00e7ais, allemand, espagnol, italien, chinois, japonais et russe !<\/p>\n<p>L&rsquo;essence s&rsquo;\u00e9puise-t-elle ? \u00ab\u00a0H\u00e9 Google, itin\u00e9raire jusqu&rsquo;\u00e0 la prochaine station-service\u00a0\u00bb. Le SRL-3 peut se connecter \u00e0 Google Assistant et \u00e0 Siri d&rsquo;Apple par une simple commande vocale, ce qui vous permet d&rsquo;utiliser les fonctions de votre smartphone, y compris la navigation GPS, la lecture de musique, la s\u00e9lection vocale ou une multitude d&rsquo;autres options.<\/p>\n<h4>RESTE CONNECT\u00c9 AVEC L&rsquo;APPLICATION SENA MOTORCYCLES<\/h4>\n<p>L&rsquo;application Sena Motorcycles offre aux utilisateurs la possibilit\u00e9 de configurer les param\u00e8tres de l&rsquo;appareil SRL-MESH. T\u00e9l\u00e9chargez l&rsquo;application pour personnaliser diff\u00e9rents param\u00e8tres et fonctions, y compris la possibilit\u00e9 de g\u00e9rer \u00e0 distance les param\u00e8tres des canaux pour Open Mesh ou de cr\u00e9er un groupe priv\u00e9 pour Group Mesh. T\u00e9l\u00e9chargez l&rsquo;application Sena Motorcycles dans l&rsquo;App Store ou dans le Google Play Store.<\/p>\n<h4>MESH SOUND BY HARMAN KARDON CON\u00c7U POUR LES CASQUES SHOEI<\/h4>\n<p>Le SRL-MESH a \u00e9t\u00e9 sp\u00e9cialement con\u00e7u pour \u00eatre install\u00e9 dans les \u00e9videments int\u00e9rieurs des casques SHOEI Neotec 3 et SHOEI GT-Air 3.<\/p>\n\t\t\t\t\t\t\t\t<\/div>\n\t\t\t\t<\/div>\n\t\t\t\t<div class=\"elementor-element elementor-element-58fd58c elementor-widget elementor-widget-text-editor\" data-id=\"58fd58c\" data-element_type=\"widget\" data-e-type=\"widget\" data-widget_type=\"text-editor.default\">\n\t\t\t\t<div class=\"elementor-widget-container\">\n\t\t\t\t\t\t\t\t\t<p>L&rsquo;<strong>installation<\/strong> de l&rsquo;appareil dans le casque ne devrait pas poser de probl\u00e8me aux personnes ayant des connaissances techniques. Des vid\u00e9os explicatives sont disponibles. Mais si tu souhaites que nous l&rsquo;installions, pas de probl\u00e8me, nous le ferons pour Fr. 100.- par casque et nous l&rsquo;installerons et le configurerons avec toi !<\/p>\n\t\t\t\t\t\t\t\t<\/div>\n\t\t\t\t<\/div>\n\t\t\t\t<div class=\"elementor-element elementor-element-a3d6567 elementor-widget elementor-widget-heading\" data-id=\"a3d6567\" data-element_type=\"widget\" data-e-type=\"widget\" data-widget_type=\"heading.default\">\n\t\t\t\t<div class=\"elementor-widget-container\">\n\t\t\t\t\t<h3 class=\"elementor-heading-title elementor-size-default\">Prix<\/h3>\t\t\t\t<\/div>\n\t\t\t\t<\/div>\n\t\t\t\t<div class=\"elementor-element elementor-element-8f4fbcf elementor-widget elementor-widget-text-editor\" data-id=\"8f4fbcf\" data-element_type=\"widget\" data-e-type=\"widget\" data-widget_type=\"text-editor.default\">\n\t\t\t\t<div class=\"elementor-widget-container\">\n\t\t\t\t\t\t\t\t\t<ul>\n<li>Paquet pour 1 casque : Fr. 399.00 (avec tous les accessoires de montage)  <\/li>\n<\/ul>\n\t\t\t\t\t\t\t\t<\/div>\n\t\t\t\t<\/div>\n\t\t\t\t<\/div>\n\t\t<div class=\"elementor-element elementor-element-71e2a63d e-con-full e-flex e-con e-child\" data-id=\"71e2a63d\" data-element_type=\"container\" data-e-type=\"container\" data-settings=\"{&quot;background_background&quot;:&quot;classic&quot;}\">\n\t\t\t\t<div class=\"elementor-element elementor-element-741697df elementor-invisible elementor-widget elementor-widget-image\" data-id=\"741697df\" data-element_type=\"widget\" data-e-type=\"widget\" data-settings=\"{&quot;_animation&quot;:&quot;zoomIn&quot;}\" data-widget_type=\"image.default\">\n\t\t\t\t<div class=\"elementor-widget-container\">\n\t\t\t\t\t\t\t\t\t\t\t\t\t\t\t<img fetchpriority=\"high\" decoding=\"async\" width=\"704\" height=\"351\" src=\"https:\/\/moto-boutique-valais.ch\/wp-content\/uploads\/2023\/11\/Bild-801-1.jpg\" class=\"attachment-large size-large wp-image-1585\" alt=\"\" srcset=\"https:\/\/moto-boutique-valais.ch\/wp-content\/uploads\/2023\/11\/Bild-801-1.jpg 704w, https:\/\/moto-boutique-valais.ch\/wp-content\/uploads\/2023\/11\/Bild-801-1-300x150.jpg 300w\" sizes=\"(max-width: 704px) 100vw, 704px\" \/>\t\t\t\t\t\t\t\t\t\t\t\t\t\t\t<\/div>\n\t\t\t\t<\/div>\n\t\t<div class=\"elementor-element elementor-element-015e92c e-flex e-con-boxed e-con e-child\" data-id=\"015e92c\" data-element_type=\"container\" data-e-type=\"container\">\n\t\t\t\t\t<div class=\"e-con-inner\">\n\t\t\t\t<div class=\"elementor-element elementor-element-6174ded elementor-widget elementor-widget-image\" data-id=\"6174ded\" data-element_type=\"widget\" data-e-type=\"widget\" data-widget_type=\"image.default\">\n\t\t\t\t<div class=\"elementor-widget-container\">\n\t\t\t\t\t\t\t\t\t\t\t\t\t\t\t\t<a href=\"https:\/\/www.moto-boutique-valais.ch\/wp-content\/uploads\/2023\/11\/Bild-801-4.jpg\" data-elementor-open-lightbox=\"yes\" data-elementor-lightbox-title=\"Bild 801-4\" data-e-action-hash=\"#elementor-action%3Aaction%3Dlightbox%26settings%3DeyJpZCI6MTU5NywidXJsIjoiaHR0cHM6XC9cL21vdG8tYm91dGlxdWUtdmFsYWlzLmNoXC93cC1jb250ZW50XC91cGxvYWRzXC8yMDIzXC8xMVwvQmlsZC04MDEtNC5qcGcifQ%3D%3D\">\n\t\t\t\t\t\t\t<img decoding=\"async\" width=\"300\" height=\"262\" src=\"https:\/\/moto-boutique-valais.ch\/wp-content\/uploads\/2023\/11\/Bild-801-4-300x262.jpg\" class=\"attachment-medium size-medium wp-image-1597\" alt=\"\" srcset=\"https:\/\/moto-boutique-valais.ch\/wp-content\/uploads\/2023\/11\/Bild-801-4-300x262.jpg 300w, https:\/\/moto-boutique-valais.ch\/wp-content\/uploads\/2023\/11\/Bild-801-4.jpg 704w\" sizes=\"(max-width: 300px) 100vw, 300px\" \/>\t\t\t\t\t\t\t\t<\/a>\n\t\t\t\t\t\t\t\t\t\t\t\t\t\t\t<\/div>\n\t\t\t\t<\/div>\n\t\t\t\t\t<\/div>\n\t\t\t\t<\/div>\n\t\t\t\t<\/div>\n\t\t\t\t<\/div>\n\t\t\t\t<\/div>\n\t\t","protected":false},"excerpt":{"rendered":"<p>Con\u00e7u pour les casques SHOEI : SHOEI Neotec 3 et SHOEI GT-Air 3 S&rsquo;adapte parfaitement aux \u00e9videments frais\u00e9s dans ces casques ! COMMUNICATION PREMIUM. SON PREMIUM La nouvelle g\u00e9n\u00e9ration de Sena&rsquo;s SRL pour SHOEI est arriv\u00e9e. Le SRL-3 est bourr\u00e9 de fonctionnalit\u00e9s haut de gamme, dont le Mesh Intercom\u2122 et le haut-parleur et le microphone [&hellip;]<\/p>\n","protected":false},"author":1,"featured_media":0,"parent":1864,"menu_order":0,"comment_status":"closed","ping_status":"closed","template":"elementor_theme","meta":{"itsec_x_frame_options":"","footnotes":""},"class_list":["post-1876","page","type-page","status-publish","hentry"],"_links":{"self":[{"href":"https:\/\/moto-boutique-valais.ch\/fr\/wp-json\/wp\/v2\/pages\/1876","targetHints":{"allow":["GET"]}}],"collection":[{"href":"https:\/\/moto-boutique-valais.ch\/fr\/wp-json\/wp\/v2\/pages"}],"about":[{"href":"https:\/\/moto-boutique-valais.ch\/fr\/wp-json\/wp\/v2\/types\/page"}],"author":[{"embeddable":true,"href":"https:\/\/moto-boutique-valais.ch\/fr\/wp-json\/wp\/v2\/users\/1"}],"replies":[{"embeddable":true,"href":"https:\/\/moto-boutique-valais.ch\/fr\/wp-json\/wp\/v2\/comments?post=1876"}],"version-history":[{"count":0,"href":"https:\/\/moto-boutique-valais.ch\/fr\/wp-json\/wp\/v2\/pages\/1876\/revisions"}],"up":[{"embeddable":true,"href":"https:\/\/moto-boutique-valais.ch\/fr\/wp-json\/wp\/v2\/pages\/1864"}],"wp:attachment":[{"href":"https:\/\/moto-boutique-valais.ch\/fr\/wp-json\/wp\/v2\/media?parent=1876"}],"curies":[{"name":"wp","href":"https:\/\/api.w.org\/{rel}","templated":true}]}}