{"id":1880,"date":"2023-12-04T22:29:41","date_gmt":"2023-12-04T21:29:41","guid":{"rendered":"https:\/\/www.moto-boutique-valais.ch\/casque-de-motard\/appareil-special-pour-shoei-nxr2-interphone-srl-ext\/"},"modified":"2023-12-08T20:02:24","modified_gmt":"2023-12-08T19:02:24","slug":"appareil-special-pour-shoei-nxr2-interphone-srl-ext","status":"publish","type":"page","link":"https:\/\/moto-boutique-valais.ch\/fr\/casque-de-motard\/appareil-special-pour-shoei-nxr2-interphone-srl-ext\/","title":{"rendered":"Appareil sp\u00e9cial pour Shoei NXR2 &#8211; Interphone SRL-EXT"},"content":{"rendered":"\t\t<div data-elementor-type=\"wp-page\" data-elementor-id=\"1880\" class=\"elementor elementor-1880 elementor-1763\" data-elementor-post-type=\"page\">\n\t\t\t\t<div class=\"elementor-element elementor-element-693d28e8 e-con-full e-flex e-con e-parent\" data-id=\"693d28e8\" data-element_type=\"container\" data-e-type=\"container\" data-settings=\"{&quot;background_background&quot;:&quot;classic&quot;}\">\n\t\t<div class=\"elementor-element elementor-element-4cf7c1cb e-con-full e-flex e-con e-child\" data-id=\"4cf7c1cb\" data-element_type=\"container\" data-e-type=\"container\">\n\t\t\t\t<div class=\"elementor-element elementor-element-7255c21a elementor-invisible elementor-widget elementor-widget-text-editor\" data-id=\"7255c21a\" data-element_type=\"widget\" data-e-type=\"widget\" data-settings=\"{&quot;_animation&quot;:&quot;fadeIn&quot;,&quot;_animation_delay&quot;:200}\" data-widget_type=\"text-editor.default\">\n\t\t\t\t<div class=\"elementor-widget-container\">\n\t\t\t\t\t\t\t\t\t<p>TECHNOLOGIE PREMIUM POUR TON CASQUE SHOEI<\/p>\n\t\t\t\t\t\t\t\t<\/div>\n\t\t\t\t<\/div>\n\t\t\t\t<div class=\"elementor-element elementor-element-bbcfe9f elementor-widget elementor-widget-text-editor\" data-id=\"bbcfe9f\" data-element_type=\"widget\" data-e-type=\"widget\" data-widget_type=\"text-editor.default\">\n\t\t\t\t<div class=\"elementor-widget-container\">\n\t\t\t\t\t\t\t\t\t<p>Communication de SENA, protection de SHOEI et SOUND BY Harman Kardon. Le SRL-EXT a \u00e9t\u00e9 sp\u00e9cialement con\u00e7u pour l&rsquo;un des casques les plus populaires de SHOEI, le NXR2. Le SRL-EXT compact offre \u00e0 la fois l&rsquo;interphonie maill\u00e9e et Bluetooth ainsi que la connectivit\u00e9 smartphone pour la musique, le GPS, les appels t\u00e9l\u00e9phoniques et plus encore. Les utilisateurs de SRL-EXT font l&rsquo;exp\u00e9rience d&rsquo;un SOUND BY Harman Kardon de premi\u00e8re classe dans leur SHOEI NXR2. Le SRL-EXT offre des fonctionnalit\u00e9s haut de gamme, notamment<\/p>\n<ul>\n<li>SOUND BY Harman Kardon Haut-parleur et microphone<\/li>\n<li>Sp\u00e9cialement con\u00e7u pour le SHOEI NXR2<\/li>\n<li>Bluetooth 5<\/li>\n<li>Mesh Intercom\u2122<\/li>\n<li>Intercom Bluetooth\u00ae 4 voies<\/li>\n<li>Acc\u00e8s aux assistants num\u00e9riques<\/li>\n<li>Contr\u00f4le avanc\u00e9 du bruit\u2122<\/li>\n<\/ul>\n<h4>CON\u00c7U POUR LE SHOEI NXR2<\/h4>\n<p>Le SRL-EXT a \u00e9t\u00e9 sp\u00e9cialement con\u00e7u pour le casque SHOEI NXR2. La forme du module principal SRL-EXT et de la batterie externe est courb\u00e9e pour correspondre aux courbes ext\u00e9rieures du NXR2. Le SRL-EXT permet \u00e0 l&rsquo;utilisateur de choisir entre un montage par serrage rapide ou par collage. Le module principal SRL-EXT est install\u00e9 sur le c\u00f4t\u00e9 gauche du casque, tandis que la batterie externe est coll\u00e9e sur le c\u00f4t\u00e9 droit du casque.<\/p>\n<h4>MESH BLUETOOTH INTERCOM<\/h4>\n<p>Le SRL-EXT offre \u00e0 la fois l&rsquo;interphonie maill\u00e9e\u2122 et l&rsquo;interphonie Bluetooth 4 voies traditionnelle. La plateforme de communication Mesh Intercom\u2122 de Sena, leader de l&rsquo;industrie, dispose de deux modes : Multi-Channel<br \/>Open Mesh Intercom\u2122 (maillage ouvert) et Group Mesh Intercom\u2122.<\/p>\n<p>Open Mesh permet de se connecter au r\u00e9seau Mesh Intercom\u2122 en appuyant sur un seul bouton et offre le premier syst\u00e8me de canaux Mesh Intercom\u2122 de l&rsquo;industrie. Comme pour les radios portatives traditionnelles ou les radios CB, l&rsquo;utilisateur peut choisir entre neuf canaux avec Open Mesh. Il prend \u00e9galement en charge un nombre quasiment illimit\u00e9 d&rsquo;utilisateurs dans un rayon allant jusqu&rsquo;\u00e0 8 km (au moins 6 participants \u00e0 1 km de distance).<\/p>\n<p>Group Mesh prend en charge un seul groupe priv\u00e9 pouvant accueillir jusqu&rsquo;\u00e0 24 participants et la m\u00eame port\u00e9e que Open Mesh pour une conversation de groupe plus personnelle. Seuls les utilisateurs invit\u00e9s peuvent participer au chat de la grille de groupe.<br \/>adh\u00e9rer. L&rsquo;Open Mesh et le Group Mesh offrent une qualit\u00e9 audio d&rsquo;interphonie sans pr\u00e9c\u00e9dent et une connectivit\u00e9 robuste.<\/p>\n\t\t\t\t\t\t\t\t<\/div>\n\t\t\t\t<\/div>\n\t\t\t\t<div class=\"elementor-element elementor-element-58fd58c elementor-widget elementor-widget-text-editor\" data-id=\"58fd58c\" data-element_type=\"widget\" data-e-type=\"widget\" data-widget_type=\"text-editor.default\">\n\t\t\t\t<div class=\"elementor-widget-container\">\n\t\t\t\t\t\t\t\t\t<p>L&rsquo;<strong>installation<\/strong> de l&rsquo;appareil dans le casque ne devrait pas poser de probl\u00e8me aux personnes ayant des connaissances techniques. Des vid\u00e9os explicatives sont disponibles. Mais si tu souhaites que nous l&rsquo;installions, pas de probl\u00e8me, nous le ferons pour Fr. 100.- par casque et nous l&rsquo;installerons et le configurerons avec toi !<\/p>\n\t\t\t\t\t\t\t\t<\/div>\n\t\t\t\t<\/div>\n\t\t\t\t<div class=\"elementor-element elementor-element-a3d6567 elementor-widget elementor-widget-heading\" data-id=\"a3d6567\" data-element_type=\"widget\" data-e-type=\"widget\" data-widget_type=\"heading.default\">\n\t\t\t\t<div class=\"elementor-widget-container\">\n\t\t\t\t\t<h3 class=\"elementor-heading-title elementor-size-default\">Prix<\/h3>\t\t\t\t<\/div>\n\t\t\t\t<\/div>\n\t\t\t\t<div class=\"elementor-element elementor-element-8f4fbcf elementor-widget elementor-widget-text-editor\" data-id=\"8f4fbcf\" data-element_type=\"widget\" data-e-type=\"widget\" data-widget_type=\"text-editor.default\">\n\t\t\t\t<div class=\"elementor-widget-container\">\n\t\t\t\t\t\t\t\t\t<ul>\n<li>Fr. 379.00<\/li>\n<\/ul>\n\t\t\t\t\t\t\t\t<\/div>\n\t\t\t\t<\/div>\n\t\t\t\t<\/div>\n\t\t<div class=\"elementor-element elementor-element-71e2a63d e-con-full e-flex e-con e-child\" data-id=\"71e2a63d\" data-element_type=\"container\" data-e-type=\"container\" data-settings=\"{&quot;background_background&quot;:&quot;classic&quot;}\">\n\t\t\t\t<div class=\"elementor-element elementor-element-741697df elementor-invisible elementor-widget elementor-widget-image\" data-id=\"741697df\" data-element_type=\"widget\" data-e-type=\"widget\" data-settings=\"{&quot;_animation&quot;:&quot;zoomIn&quot;}\" data-widget_type=\"image.default\">\n\t\t\t\t<div class=\"elementor-widget-container\">\n\t\t\t\t\t\t\t\t\t\t\t\t\t\t\t\t<a href=\"https:\/\/www.moto-boutique-valais.ch\/wp-content\/uploads\/2023\/12\/Bild-Sena-Z15-2.jpg\" data-elementor-open-lightbox=\"yes\" data-elementor-lightbox-title=\"Bild Sena Z15-2\" data-e-action-hash=\"#elementor-action%3Aaction%3Dlightbox%26settings%3DeyJpZCI6MTc4NSwidXJsIjoiaHR0cHM6XC9cL21vdG8tYm91dGlxdWUtdmFsYWlzLmNoXC93cC1jb250ZW50XC91cGxvYWRzXC8yMDIzXC8xMlwvQmlsZC1TZW5hLVoxNS0yLmpwZyJ9\">\n\t\t\t\t\t\t\t<img fetchpriority=\"high\" decoding=\"async\" width=\"704\" height=\"444\" src=\"https:\/\/moto-boutique-valais.ch\/wp-content\/uploads\/2023\/12\/Bild-Sena-Z15-2.jpg\" class=\"attachment-large size-large wp-image-1785\" alt=\"\" srcset=\"https:\/\/moto-boutique-valais.ch\/wp-content\/uploads\/2023\/12\/Bild-Sena-Z15-2.jpg 704w, https:\/\/moto-boutique-valais.ch\/wp-content\/uploads\/2023\/12\/Bild-Sena-Z15-2-300x189.jpg 300w\" sizes=\"(max-width: 704px) 100vw, 704px\" \/>\t\t\t\t\t\t\t\t<\/a>\n\t\t\t\t\t\t\t\t\t\t\t\t\t\t\t<\/div>\n\t\t\t\t<\/div>\n\t\t<div class=\"elementor-element elementor-element-015e92c e-flex e-con-boxed e-con e-child\" data-id=\"015e92c\" data-element_type=\"container\" data-e-type=\"container\">\n\t\t\t\t\t<div class=\"e-con-inner\">\n\t\t\t\t<div class=\"elementor-element elementor-element-54ffd8b elementor-widget elementor-widget-image\" data-id=\"54ffd8b\" data-element_type=\"widget\" data-e-type=\"widget\" data-widget_type=\"image.default\">\n\t\t\t\t<div class=\"elementor-widget-container\">\n\t\t\t\t\t\t\t\t\t\t\t\t\t\t\t\t<a href=\"https:\/\/www.moto-boutique-valais.ch\/wp-content\/uploads\/2023\/12\/Bild-Sena-Z15-3.jpg\" data-elementor-open-lightbox=\"yes\" data-elementor-lightbox-title=\"Bild Sena Z15-3\" data-e-action-hash=\"#elementor-action%3Aaction%3Dlightbox%26settings%3DeyJpZCI6MTc4MSwidXJsIjoiaHR0cHM6XC9cL21vdG8tYm91dGlxdWUtdmFsYWlzLmNoXC93cC1jb250ZW50XC91cGxvYWRzXC8yMDIzXC8xMlwvQmlsZC1TZW5hLVoxNS0zLmpwZyJ9\">\n\t\t\t\t\t\t\t<img decoding=\"async\" width=\"704\" height=\"469\" src=\"https:\/\/moto-boutique-valais.ch\/wp-content\/uploads\/2023\/12\/Bild-Sena-Z15-3.jpg\" class=\"attachment-large size-large wp-image-1781\" alt=\"\" srcset=\"https:\/\/moto-boutique-valais.ch\/wp-content\/uploads\/2023\/12\/Bild-Sena-Z15-3.jpg 704w, https:\/\/moto-boutique-valais.ch\/wp-content\/uploads\/2023\/12\/Bild-Sena-Z15-3-300x200.jpg 300w\" sizes=\"(max-width: 704px) 100vw, 704px\" \/>\t\t\t\t\t\t\t\t<\/a>\n\t\t\t\t\t\t\t\t\t\t\t\t\t\t\t<\/div>\n\t\t\t\t<\/div>\n\t\t\t\t<div class=\"elementor-element elementor-element-b17ea1e elementor-widget elementor-widget-image\" data-id=\"b17ea1e\" data-element_type=\"widget\" data-e-type=\"widget\" data-widget_type=\"image.default\">\n\t\t\t\t<div class=\"elementor-widget-container\">\n\t\t\t\t\t\t\t\t\t\t\t\t\t\t\t\t<a href=\"https:\/\/www.moto-boutique-valais.ch\/wp-content\/uploads\/2023\/12\/Bild-Sena-Z15-4.jpg\" data-elementor-open-lightbox=\"yes\" data-elementor-lightbox-title=\"Bild Sena Z15-4\" data-e-action-hash=\"#elementor-action%3Aaction%3Dlightbox%26settings%3DeyJpZCI6MTc3NywidXJsIjoiaHR0cHM6XC9cL21vdG8tYm91dGlxdWUtdmFsYWlzLmNoXC93cC1jb250ZW50XC91cGxvYWRzXC8yMDIzXC8xMlwvQmlsZC1TZW5hLVoxNS00LmpwZyJ9\">\n\t\t\t\t\t\t\t<img decoding=\"async\" width=\"704\" height=\"469\" src=\"https:\/\/moto-boutique-valais.ch\/wp-content\/uploads\/2023\/12\/Bild-Sena-Z15-4.jpg\" class=\"attachment-large size-large wp-image-1777\" alt=\"\" srcset=\"https:\/\/moto-boutique-valais.ch\/wp-content\/uploads\/2023\/12\/Bild-Sena-Z15-4.jpg 704w, https:\/\/moto-boutique-valais.ch\/wp-content\/uploads\/2023\/12\/Bild-Sena-Z15-4-300x200.jpg 300w\" sizes=\"(max-width: 704px) 100vw, 704px\" \/>\t\t\t\t\t\t\t\t<\/a>\n\t\t\t\t\t\t\t\t\t\t\t\t\t\t\t<\/div>\n\t\t\t\t<\/div>\n\t\t\t\t<div class=\"elementor-element elementor-element-8a01628 elementor-widget elementor-widget-image\" data-id=\"8a01628\" data-element_type=\"widget\" data-e-type=\"widget\" data-widget_type=\"image.default\">\n\t\t\t\t<div class=\"elementor-widget-container\">\n\t\t\t\t\t\t\t\t\t\t\t\t\t\t\t\t<a href=\"https:\/\/www.moto-boutique-valais.ch\/wp-content\/uploads\/2023\/12\/Bild-Sena-Z15-5.jpg\" data-elementor-open-lightbox=\"yes\" data-elementor-lightbox-title=\"Bild Sena Z15-5\" data-e-action-hash=\"#elementor-action%3Aaction%3Dlightbox%26settings%3DeyJpZCI6MTc3MywidXJsIjoiaHR0cHM6XC9cL21vdG8tYm91dGlxdWUtdmFsYWlzLmNoXC93cC1jb250ZW50XC91cGxvYWRzXC8yMDIzXC8xMlwvQmlsZC1TZW5hLVoxNS01LmpwZyJ9\">\n\t\t\t\t\t\t\t<img loading=\"lazy\" decoding=\"async\" width=\"704\" height=\"476\" src=\"https:\/\/moto-boutique-valais.ch\/wp-content\/uploads\/2023\/12\/Bild-Sena-Z15-5.jpg\" class=\"attachment-large size-large wp-image-1773\" alt=\"\" srcset=\"https:\/\/moto-boutique-valais.ch\/wp-content\/uploads\/2023\/12\/Bild-Sena-Z15-5.jpg 704w, https:\/\/moto-boutique-valais.ch\/wp-content\/uploads\/2023\/12\/Bild-Sena-Z15-5-300x203.jpg 300w\" sizes=\"(max-width: 704px) 100vw, 704px\" \/>\t\t\t\t\t\t\t\t<\/a>\n\t\t\t\t\t\t\t\t\t\t\t\t\t\t\t<\/div>\n\t\t\t\t<\/div>\n\t\t\t\t<div class=\"elementor-element elementor-element-77e7fe3 elementor-widget elementor-widget-image\" data-id=\"77e7fe3\" data-element_type=\"widget\" data-e-type=\"widget\" data-widget_type=\"image.default\">\n\t\t\t\t<div class=\"elementor-widget-container\">\n\t\t\t\t\t\t\t\t\t\t\t\t\t\t\t\t<a href=\"https:\/\/www.moto-boutique-valais.ch\/wp-content\/uploads\/2023\/12\/Bild-Sena-Z15-6.jpg\" data-elementor-open-lightbox=\"yes\" data-elementor-lightbox-title=\"Bild Sena Z15-6\" data-e-action-hash=\"#elementor-action%3Aaction%3Dlightbox%26settings%3DeyJpZCI6MTc2OSwidXJsIjoiaHR0cHM6XC9cL21vdG8tYm91dGlxdWUtdmFsYWlzLmNoXC93cC1jb250ZW50XC91cGxvYWRzXC8yMDIzXC8xMlwvQmlsZC1TZW5hLVoxNS02LmpwZyJ9\">\n\t\t\t\t\t\t\t<img loading=\"lazy\" decoding=\"async\" width=\"704\" height=\"611\" src=\"https:\/\/moto-boutique-valais.ch\/wp-content\/uploads\/2023\/12\/Bild-Sena-Z15-6.jpg\" class=\"attachment-large size-large wp-image-1769\" alt=\"\" srcset=\"https:\/\/moto-boutique-valais.ch\/wp-content\/uploads\/2023\/12\/Bild-Sena-Z15-6.jpg 704w, https:\/\/moto-boutique-valais.ch\/wp-content\/uploads\/2023\/12\/Bild-Sena-Z15-6-300x260.jpg 300w\" sizes=\"(max-width: 704px) 100vw, 704px\" \/>\t\t\t\t\t\t\t\t<\/a>\n\t\t\t\t\t\t\t\t\t\t\t\t\t\t\t<\/div>\n\t\t\t\t<\/div>\n\t\t\t\t\t<\/div>\n\t\t\t\t<\/div>\n\t\t\t\t<\/div>\n\t\t\t\t<\/div>\n\t\t\t\t<\/div>\n\t\t","protected":false},"excerpt":{"rendered":"<p>TECHNOLOGIE PREMIUM POUR TON CASQUE SHOEI Communication de SENA, protection de SHOEI et SOUND BY Harman Kardon. Le SRL-EXT a \u00e9t\u00e9 sp\u00e9cialement con\u00e7u pour l&rsquo;un des casques les plus populaires de SHOEI, le NXR2. Le SRL-EXT compact offre \u00e0 la fois l&rsquo;interphonie maill\u00e9e et Bluetooth ainsi que la connectivit\u00e9 smartphone pour la musique, le GPS, [&hellip;]<\/p>\n","protected":false},"author":1,"featured_media":0,"parent":1864,"menu_order":0,"comment_status":"closed","ping_status":"closed","template":"elementor_theme","meta":{"itsec_x_frame_options":"","footnotes":""},"class_list":["post-1880","page","type-page","status-publish","hentry"],"_links":{"self":[{"href":"https:\/\/moto-boutique-valais.ch\/fr\/wp-json\/wp\/v2\/pages\/1880","targetHints":{"allow":["GET"]}}],"collection":[{"href":"https:\/\/moto-boutique-valais.ch\/fr\/wp-json\/wp\/v2\/pages"}],"about":[{"href":"https:\/\/moto-boutique-valais.ch\/fr\/wp-json\/wp\/v2\/types\/page"}],"author":[{"embeddable":true,"href":"https:\/\/moto-boutique-valais.ch\/fr\/wp-json\/wp\/v2\/users\/1"}],"replies":[{"embeddable":true,"href":"https:\/\/moto-boutique-valais.ch\/fr\/wp-json\/wp\/v2\/comments?post=1880"}],"version-history":[{"count":0,"href":"https:\/\/moto-boutique-valais.ch\/fr\/wp-json\/wp\/v2\/pages\/1880\/revisions"}],"up":[{"embeddable":true,"href":"https:\/\/moto-boutique-valais.ch\/fr\/wp-json\/wp\/v2\/pages\/1864"}],"wp:attachment":[{"href":"https:\/\/moto-boutique-valais.ch\/fr\/wp-json\/wp\/v2\/media?parent=1880"}],"curies":[{"name":"wp","href":"https:\/\/api.w.org\/{rel}","templated":true}]}}