{"id":1882,"date":"2023-10-16T22:46:08","date_gmt":"2023-10-16T21:46:08","guid":{"rendered":"https:\/\/www.moto-boutique-valais.ch\/moto-electrique\/"},"modified":"2026-03-06T13:51:43","modified_gmt":"2026-03-06T12:51:43","slug":"moto-electrique","status":"publish","type":"page","link":"https:\/\/moto-boutique-valais.ch\/fr\/moto-electrique\/","title":{"rendered":"Moto \u00e9lectrique"},"content":{"rendered":"\t\t<div data-elementor-type=\"wp-page\" data-elementor-id=\"1882\" class=\"elementor elementor-1882 elementor-1181\" data-elementor-post-type=\"page\">\n\t\t\t\t<div class=\"elementor-element elementor-element-235ea39 e-ecs-flex e-flex e-con-boxed e-con e-parent\" data-id=\"235ea39\" data-element_type=\"container\" data-e-type=\"container\" data-settings=\"{&quot;ecs_container_type&quot;:&quot;flex&quot;}\">\n\t\t\t\t\t<div class=\"e-con-inner\">\n\t\t\t\t<div class=\"elementor-element elementor-element-19a541f elementor-widget elementor-widget-text-editor\" data-id=\"19a541f\" data-element_type=\"widget\" data-e-type=\"widget\" data-widget_type=\"text-editor.default\">\n\t\t\t\t<div class=\"elementor-widget-container\">\n\t\t\t\t\t\t\t\t\t<p>Nous collaborons avec nos partenaires et amis de <a href=\"https:\/\/www.bikelager.ch\">www.bikelager.ch<\/a>.<\/p>\t\t\t\t\t\t\t\t<\/div>\n\t\t\t\t<\/div>\n\t\t\t\t\t<\/div>\n\t\t\t\t<\/div>\n\t\t<div class=\"elementor-element elementor-element-d688fe7 e-ecs-flex e-flex e-con-boxed e-con e-parent\" data-id=\"d688fe7\" data-element_type=\"container\" data-e-type=\"container\" data-settings=\"{&quot;ecs_container_type&quot;:&quot;flex&quot;}\">\n\t\t\t\t\t<div class=\"e-con-inner\">\n\t\t<div class=\"elementor-element elementor-element-2efb191 e-con-full e-ecs-flex e-flex e-con e-child\" data-id=\"2efb191\" data-element_type=\"container\" data-e-type=\"container\" data-settings=\"{&quot;ecs_container_type&quot;:&quot;flex&quot;}\">\n\t\t\t\t<div class=\"elementor-element elementor-element-4906de5 elementor-widget elementor-widget-image\" data-id=\"4906de5\" data-element_type=\"widget\" data-e-type=\"widget\" data-widget_type=\"image.default\">\n\t\t\t\t<div class=\"elementor-widget-container\">\n\t\t\t\t\t\t\t\t\t\t\t\t\t\t\t<img fetchpriority=\"high\" decoding=\"async\" width=\"675\" height=\"675\" src=\"https:\/\/moto-boutique-valais.ch\/wp-content\/uploads\/2023\/10\/urs.jpg\" class=\"attachment-large size-large wp-image-1189\" alt=\"Urs de Elektro-Moto\" srcset=\"https:\/\/moto-boutique-valais.ch\/wp-content\/uploads\/2023\/10\/urs.jpg 675w, https:\/\/moto-boutique-valais.ch\/wp-content\/uploads\/2023\/10\/urs-300x300.jpg 300w, https:\/\/moto-boutique-valais.ch\/wp-content\/uploads\/2023\/10\/urs-150x150.jpg 150w\" sizes=\"(max-width: 675px) 100vw, 675px\" \/>\t\t\t\t\t\t\t\t\t\t\t\t\t\t\t<\/div>\n\t\t\t\t<\/div>\n\t\t\t\t<div class=\"elementor-element elementor-element-5063ca82 elementor-widget elementor-widget-text-editor\" data-id=\"5063ca82\" data-element_type=\"widget\" data-e-type=\"widget\" data-widget_type=\"text-editor.default\">\n\t\t\t\t<div class=\"elementor-widget-container\">\n\t\t\t\t\t\t\t\t\t\n<div class=\"wp-block-group\">\n<h3>Urs<\/h3>\n<\/div>\n\n<p>M\u00e9canicien cycles et motos, brevet f\u00e9d\u00e9ral Dipl. Directeur de la logistique. 25 ans d&rsquo;exp\u00e9rience en logistique nationale, 40 ans de passion pour la moto<\/p>\n\n<p>Je te conseille volontiers sur les questions m\u00e9caniques, mais aussi sur le stockage de ton v\u00e9lo.<\/p>\n\t\t\t\t\t\t\t\t<\/div>\n\t\t\t\t<\/div>\n\t\t\t\t<\/div>\n\t\t<div class=\"elementor-element elementor-element-fc14d80 e-con-full e-ecs-flex e-flex e-con e-child\" data-id=\"fc14d80\" data-element_type=\"container\" data-e-type=\"container\" data-settings=\"{&quot;ecs_container_type&quot;:&quot;flex&quot;}\">\n\t\t\t\t<div class=\"elementor-element elementor-element-aeecc1a elementor-widget elementor-widget-image\" data-id=\"aeecc1a\" data-element_type=\"widget\" data-e-type=\"widget\" data-widget_type=\"image.default\">\n\t\t\t\t<div class=\"elementor-widget-container\">\n\t\t\t\t\t\t\t\t\t\t\t\t\t\t\t<img decoding=\"async\" width=\"675\" height=\"675\" src=\"https:\/\/moto-boutique-valais.ch\/wp-content\/uploads\/2023\/10\/patric.jpg\" class=\"attachment-large size-large wp-image-1185\" alt=\"Patric de Elektro-Moto\" srcset=\"https:\/\/moto-boutique-valais.ch\/wp-content\/uploads\/2023\/10\/patric.jpg 675w, https:\/\/moto-boutique-valais.ch\/wp-content\/uploads\/2023\/10\/patric-300x300.jpg 300w, https:\/\/moto-boutique-valais.ch\/wp-content\/uploads\/2023\/10\/patric-150x150.jpg 150w\" sizes=\"(max-width: 675px) 100vw, 675px\" \/>\t\t\t\t\t\t\t\t\t\t\t\t\t\t\t<\/div>\n\t\t\t\t<\/div>\n\t\t\t\t<div class=\"elementor-element elementor-element-f72fc26 elementor-widget elementor-widget-text-editor\" data-id=\"f72fc26\" data-element_type=\"widget\" data-e-type=\"widget\" data-widget_type=\"text-editor.default\">\n\t\t\t\t<div class=\"elementor-widget-container\">\n\t\t\t\t\t\t\t\t\t<h3>Patrik<\/h3>\n<p>T\u00f4lier en carrosserie, sp\u00e9cialiste en logistique et en \u00e9conomie avec 40 ans dans la r\u00e9paration et l&rsquo;entretien de v\u00e9hicules. 20 ans de comp\u00e9tition cross, supermotard.<\/p>\n<p>C&rsquo;est avec plaisir que je te conseillerai pour l&rsquo;entretien et l&rsquo;entreposage de ton v\u00e9lo.<\/p>\t\t\t\t\t\t\t\t<\/div>\n\t\t\t\t<\/div>\n\t\t\t\t<\/div>\n\t\t\t\t\t<\/div>\n\t\t\t\t<\/div>\n\t\t<div class=\"elementor-element elementor-element-556ef65 e-ecs-flex e-flex e-con-boxed e-con e-parent\" data-id=\"556ef65\" data-element_type=\"container\" data-e-type=\"container\" data-settings=\"{&quot;ecs_container_type&quot;:&quot;flex&quot;}\">\n\t\t\t\t\t<div class=\"e-con-inner\">\n\t\t\t\t<div class=\"elementor-element elementor-element-0dfb309 elementor-widget elementor-widget-heading\" data-id=\"0dfb309\" data-element_type=\"widget\" data-e-type=\"widget\" data-widget_type=\"heading.default\">\n\t\t\t\t<div class=\"elementor-widget-container\">\n\t\t\t\t\t<h3 class=\"elementor-heading-title elementor-size-default\">Ici, les motos\/scooters \u00e9lectriques ne sont pas seulement vendus, mais aussi r\u00e9par\u00e9s (service inclus) !<\/h3>\t\t\t\t<\/div>\n\t\t\t\t<\/div>\n\t\t\t\t\t<\/div>\n\t\t\t\t<\/div>\n\t\t<div class=\"elementor-element elementor-element-6a974ba e-ecs-flex e-flex e-con-boxed e-con e-parent\" data-id=\"6a974ba\" data-element_type=\"container\" data-e-type=\"container\" data-settings=\"{&quot;ecs_container_type&quot;:&quot;flex&quot;}\">\n\t\t\t\t\t<div class=\"e-con-inner\">\n\t\t<div class=\"elementor-element elementor-element-21f1524 e-con-full e-ecs-flex e-flex e-con e-child\" data-id=\"21f1524\" data-element_type=\"container\" data-e-type=\"container\" data-settings=\"{&quot;ecs_container_type&quot;:&quot;flex&quot;}\">\n\t\t\t\t<div class=\"elementor-element elementor-element-7bd99db elementor-widget elementor-widget-image\" data-id=\"7bd99db\" data-element_type=\"widget\" data-e-type=\"widget\" data-widget_type=\"image.default\">\n\t\t\t\t<div class=\"elementor-widget-container\">\n\t\t\t\t\t\t\t\t\t\t\t\t\t\t\t<img decoding=\"async\" width=\"675\" height=\"675\" src=\"https:\/\/moto-boutique-valais.ch\/wp-content\/uploads\/2023\/10\/motorrad-einlagerung.jpg\" class=\"attachment-medium_large size-medium_large wp-image-1201\" alt=\"Moto stock\u00e9e\" srcset=\"https:\/\/moto-boutique-valais.ch\/wp-content\/uploads\/2023\/10\/motorrad-einlagerung.jpg 675w, https:\/\/moto-boutique-valais.ch\/wp-content\/uploads\/2023\/10\/motorrad-einlagerung-300x300.jpg 300w, https:\/\/moto-boutique-valais.ch\/wp-content\/uploads\/2023\/10\/motorrad-einlagerung-150x150.jpg 150w\" sizes=\"(max-width: 675px) 100vw, 675px\" \/>\t\t\t\t\t\t\t\t\t\t\t\t\t\t\t<\/div>\n\t\t\t\t<\/div>\n\t\t\t\t<div class=\"elementor-element elementor-element-a5d6220 elementor-widget elementor-widget-text-editor\" data-id=\"a5d6220\" data-element_type=\"widget\" data-e-type=\"widget\" data-widget_type=\"text-editor.default\">\n\t\t\t\t<div class=\"elementor-widget-container\">\n\t\t\t\t\t\t\t\t\t<h3>Camp de v\u00e9lo<\/h3><p>Tous les motards connaissent le probl\u00e8me. La saison est termin\u00e9e et les probl\u00e8mes de place commencent. O\u00f9 le mettre, devant en travers ou plut\u00f4t sur le c\u00f4t\u00e9, tout contre le mur ? Entretenir la batterie, remplir ou vider le r\u00e9servoir ? C&rsquo;est l\u00e0 que nous souhaitons apporter notre aide. Nous te proposons un lieu de stationnement adapt\u00e9, associ\u00e9 si tu le souhaites \u00e0 des programmes d&rsquo;entretien sp\u00e9cifiques.<\/p>\t\t\t\t\t\t\t\t<\/div>\n\t\t\t\t<\/div>\n\t\t\t\t<\/div>\n\t\t<div class=\"elementor-element elementor-element-3c03eae e-con-full e-ecs-flex e-flex e-con e-child\" data-id=\"3c03eae\" data-element_type=\"container\" data-e-type=\"container\" data-settings=\"{&quot;ecs_container_type&quot;:&quot;flex&quot;}\">\n\t\t\t\t<div class=\"elementor-element elementor-element-4554547 elementor-widget elementor-widget-image\" data-id=\"4554547\" data-element_type=\"widget\" data-e-type=\"widget\" data-widget_type=\"image.default\">\n\t\t\t\t<div class=\"elementor-widget-container\">\n\t\t\t\t\t\t\t\t\t\t\t\t\t\t\t<img loading=\"lazy\" decoding=\"async\" width=\"675\" height=\"675\" src=\"https:\/\/moto-boutique-valais.ch\/wp-content\/uploads\/2023\/10\/e-roller.jpg\" class=\"attachment-medium_large size-medium_large wp-image-1197\" alt=\"Scooter \u00e9lectrique\" srcset=\"https:\/\/moto-boutique-valais.ch\/wp-content\/uploads\/2023\/10\/e-roller.jpg 675w, https:\/\/moto-boutique-valais.ch\/wp-content\/uploads\/2023\/10\/e-roller-300x300.jpg 300w, https:\/\/moto-boutique-valais.ch\/wp-content\/uploads\/2023\/10\/e-roller-150x150.jpg 150w\" sizes=\"(max-width: 675px) 100vw, 675px\" \/>\t\t\t\t\t\t\t\t\t\t\t\t\t\t\t<\/div>\n\t\t\t\t<\/div>\n\t\t\t\t<div class=\"elementor-element elementor-element-a4adeb1 elementor-widget elementor-widget-text-editor\" data-id=\"a4adeb1\" data-element_type=\"widget\" data-e-type=\"widget\" data-widget_type=\"text-editor.default\">\n\t\t\t\t<div class=\"elementor-widget-container\">\n\t\t\t\t\t\t\t\t\t<h3>Scooter \u00e9lectrique<\/h3>\n<p>Chez bikelager.ch, nous proposons un m\u00e9lange de marques et de mod\u00e8les diff\u00e9rents, pour chaque utilisation le scooter \u00e9lectrique qui convient. Vous souhaitez vous rendre au travail sur un court ou un long trajet, rouler plut\u00f4t en montagne ou sur le plat ? Nous vous conseillons volontiers et pouvons vous recommander le v\u00e9hicule ad\u00e9quat.<\/p>\t\t\t\t\t\t\t\t<\/div>\n\t\t\t\t<\/div>\n\t\t\t\t<\/div>\n\t\t<div class=\"elementor-element elementor-element-f2dbd5d e-con-full e-ecs-flex e-flex e-con e-child\" data-id=\"f2dbd5d\" data-element_type=\"container\" data-e-type=\"container\" data-settings=\"{&quot;ecs_container_type&quot;:&quot;flex&quot;}\">\n\t\t\t\t<div class=\"elementor-element elementor-element-79f4944 elementor-widget elementor-widget-image\" data-id=\"79f4944\" data-element_type=\"widget\" data-e-type=\"widget\" data-widget_type=\"image.default\">\n\t\t\t\t<div class=\"elementor-widget-container\">\n\t\t\t\t\t\t\t\t\t\t\t\t\t\t\t<img loading=\"lazy\" decoding=\"async\" width=\"675\" height=\"675\" src=\"https:\/\/moto-boutique-valais.ch\/wp-content\/uploads\/2023\/10\/motorrad-pflege.jpg\" class=\"attachment-medium_large size-medium_large wp-image-1205\" alt=\"Entretien des motos\" srcset=\"https:\/\/moto-boutique-valais.ch\/wp-content\/uploads\/2023\/10\/motorrad-pflege.jpg 675w, https:\/\/moto-boutique-valais.ch\/wp-content\/uploads\/2023\/10\/motorrad-pflege-300x300.jpg 300w, https:\/\/moto-boutique-valais.ch\/wp-content\/uploads\/2023\/10\/motorrad-pflege-150x150.jpg 150w\" sizes=\"(max-width: 675px) 100vw, 675px\" \/>\t\t\t\t\t\t\t\t\t\t\t\t\t\t\t<\/div>\n\t\t\t\t<\/div>\n\t\t\t\t<div class=\"elementor-element elementor-element-0e81575 elementor-widget elementor-widget-text-editor\" data-id=\"0e81575\" data-element_type=\"widget\" data-e-type=\"widget\" data-widget_type=\"text-editor.default\">\n\t\t\t\t<div class=\"elementor-widget-container\">\n\t\t\t\t\t\t\t\t\t<h3>Entretien et pr\u00e9paration<\/h3>\n<p>Autour du v\u00e9lo ! Nous polissons ta moto, r\u00e9parons les d\u00e9g\u00e2ts de peinture, polissons les pi\u00e8ces chrom\u00e9es, entretenons les pi\u00e8ces en caoutchouc. Pr\u00e9serve et augmente la valeur de ton v\u00e9lo.<\/p>\t\t\t\t\t\t\t\t<\/div>\n\t\t\t\t<\/div>\n\t\t\t\t<\/div>\n\t\t\t\t\t<\/div>\n\t\t\t\t<\/div>\n\t\t<div class=\"elementor-element elementor-element-cffd762 e-ecs-flex e-flex e-con-boxed e-con e-parent\" data-id=\"cffd762\" data-element_type=\"container\" data-e-type=\"container\" data-settings=\"{&quot;ecs_container_type&quot;:&quot;flex&quot;}\">\n\t\t\t\t\t<div class=\"e-con-inner\">\n\t\t<div class=\"elementor-element elementor-element-dd1107d e-con-full e-ecs-flex e-flex e-con e-child\" data-id=\"dd1107d\" data-element_type=\"container\" data-e-type=\"container\" data-settings=\"{&quot;ecs_container_type&quot;:&quot;flex&quot;}\">\n\t\t\t\t<div class=\"elementor-element elementor-element-fbec5ce elementor-widget elementor-widget-heading\" data-id=\"fbec5ce\" data-element_type=\"widget\" data-e-type=\"widget\" data-widget_type=\"heading.default\">\n\t\t\t\t<div class=\"elementor-widget-container\">\n\t\t\t\t\t<h3 class=\"elementor-heading-title elementor-size-default\">Contact<\/h3>\t\t\t\t<\/div>\n\t\t\t\t<\/div>\n\t\t\t\t<div class=\"elementor-element elementor-element-ce444ae elementor-icon-list--layout-traditional elementor-list-item-link-full_width elementor-widget elementor-widget-icon-list\" data-id=\"ce444ae\" data-element_type=\"widget\" data-e-type=\"widget\" data-widget_type=\"icon-list.default\">\n\t\t\t\t<div class=\"elementor-widget-container\">\n\t\t\t\t\t\t\t<ul class=\"elementor-icon-list-items\">\n\t\t\t\t\t\t\t<li class=\"elementor-icon-list-item\">\n\t\t\t\t\t\t\t\t\t\t\t<span class=\"elementor-icon-list-icon\">\n\t\t\t\t\t\t\t<i aria-hidden=\"true\" class=\"far fa-envelope\"><\/i>\t\t\t\t\t\t<\/span>\n\t\t\t\t\t\t\t\t\t\t<span class=\"elementor-icon-list-text\">info@bikelager.ch<\/span>\n\t\t\t\t\t\t\t\t\t<\/li>\n\t\t\t\t\t\t\t\t<li class=\"elementor-icon-list-item\">\n\t\t\t\t\t\t\t\t\t\t\t<span class=\"elementor-icon-list-icon\">\n\t\t\t\t\t\t\t<i aria-hidden=\"true\" class=\"fas fa-phone-alt\"><\/i>\t\t\t\t\t\t<\/span>\n\t\t\t\t\t\t\t\t\t\t<span class=\"elementor-icon-list-text\">Urs : 079 340 52 66<\/span>\n\t\t\t\t\t\t\t\t\t<\/li>\n\t\t\t\t\t\t\t\t<li class=\"elementor-icon-list-item\">\n\t\t\t\t\t\t\t\t\t\t\t<span class=\"elementor-icon-list-icon\">\n\t\t\t\t\t\t\t<i aria-hidden=\"true\" class=\"fas fa-phone-alt\"><\/i>\t\t\t\t\t\t<\/span>\n\t\t\t\t\t\t\t\t\t\t<span class=\"elementor-icon-list-text\">Patric : 079 373 41 58<\/span>\n\t\t\t\t\t\t\t\t\t<\/li>\n\t\t\t\t\t\t\t\t<li class=\"elementor-icon-list-item\">\n\t\t\t\t\t\t\t\t\t\t\t<a href=\"https:\/\/www.facebook.com\/bikelager.ch\" target=\"_blank\">\n\n\t\t\t\t\t\t\t\t\t\t\t\t<span class=\"elementor-icon-list-icon\">\n\t\t\t\t\t\t\t<i aria-hidden=\"true\" class=\"fab fa-facebook-f\"><\/i>\t\t\t\t\t\t<\/span>\n\t\t\t\t\t\t\t\t\t\t<span class=\"elementor-icon-list-text\">@bikelager.ch<\/span>\n\t\t\t\t\t\t\t\t\t\t\t<\/a>\n\t\t\t\t\t\t\t\t\t<\/li>\n\t\t\t\t\t\t\t\t<li class=\"elementor-icon-list-item\">\n\t\t\t\t\t\t\t\t\t\t\t<a href=\"https:\/\/www.instagram.com\/bikelager.ch\/\" target=\"_blank\">\n\n\t\t\t\t\t\t\t\t\t\t\t\t<span class=\"elementor-icon-list-icon\">\n\t\t\t\t\t\t\t<i aria-hidden=\"true\" class=\"fab fa-instagram\"><\/i>\t\t\t\t\t\t<\/span>\n\t\t\t\t\t\t\t\t\t\t<span class=\"elementor-icon-list-text\">@bikelager.ch<\/span>\n\t\t\t\t\t\t\t\t\t\t\t<\/a>\n\t\t\t\t\t\t\t\t\t<\/li>\n\t\t\t\t\t\t<\/ul>\n\t\t\t\t\t\t<\/div>\n\t\t\t\t<\/div>\n\t\t\t\t<\/div>\n\t\t<div class=\"elementor-element elementor-element-b97b2d5 e-con-full e-ecs-flex e-flex e-con e-child\" data-id=\"b97b2d5\" data-element_type=\"container\" data-e-type=\"container\" data-settings=\"{&quot;ecs_container_type&quot;:&quot;flex&quot;}\">\n\t\t\t\t<div class=\"elementor-element elementor-element-4a8009c elementor-widget elementor-widget-heading\" data-id=\"4a8009c\" data-element_type=\"widget\" data-e-type=\"widget\" data-widget_type=\"heading.default\">\n\t\t\t\t<div class=\"elementor-widget-container\">\n\t\t\t\t\t<h3 class=\"elementor-heading-title elementor-size-default\">Exposition<\/h3>\t\t\t\t<\/div>\n\t\t\t\t<\/div>\n\t\t\t\t<div class=\"elementor-element elementor-element-b6b3c08 elementor-widget elementor-widget-text-editor\" data-id=\"b6b3c08\" data-element_type=\"widget\" data-e-type=\"widget\" data-widget_type=\"text-editor.default\">\n\t\t\t\t<div class=\"elementor-widget-container\">\n\t\t\t\t\t\t\t\t\t<p>Bikelager.ch GmbH<br>Belalpstrasse 1+2<br>3904 Naters VS<\/p>\t\t\t\t\t\t\t\t<\/div>\n\t\t\t\t<\/div>\n\t\t\t\t<\/div>\n\t\t<div class=\"elementor-element elementor-element-857fa7b e-con-full e-ecs-flex e-flex e-con e-child\" data-id=\"857fa7b\" data-element_type=\"container\" data-e-type=\"container\" data-settings=\"{&quot;ecs_container_type&quot;:&quot;flex&quot;}\">\n\t\t\t\t<div class=\"elementor-element elementor-element-1b29f09 elementor-widget elementor-widget-heading\" data-id=\"1b29f09\" data-element_type=\"widget\" data-e-type=\"widget\" data-widget_type=\"heading.default\">\n\t\t\t\t<div class=\"elementor-widget-container\">\n\t\t\t\t\t<h3 class=\"elementor-heading-title elementor-size-default\">Heures d'ouverture<\/h3>\t\t\t\t<\/div>\n\t\t\t\t<\/div>\n\t\t\t\t<div class=\"elementor-element elementor-element-54d7014 elementor-widget elementor-widget-text-editor\" data-id=\"54d7014\" data-element_type=\"widget\" data-e-type=\"widget\" data-widget_type=\"text-editor.default\">\n\t\t\t\t<div class=\"elementor-widget-container\">\n\t\t\t\t\t\t\t\t\t<p>Lun-Ven<br>09:15 \u00e0 12:00<br>13:30 \u00e0 18:30<br>Ferm\u00e9 le mardi<\/p><p>Sa<br>08:15 \u00e0 12:00<\/p><p>Nous sommes flexibles, n&rsquo;h\u00e9sitez pas \u00e0 nous appeler<\/p>\t\t\t\t\t\t\t\t<\/div>\n\t\t\t\t<\/div>\n\t\t\t\t<\/div>\n\t\t\t\t\t<\/div>\n\t\t\t\t<\/div>\n\t\t<div class=\"elementor-element elementor-element-f58a59d e-ecs-flex e-flex e-con-boxed e-con e-parent\" data-id=\"f58a59d\" data-element_type=\"container\" data-e-type=\"container\" data-settings=\"{&quot;ecs_container_type&quot;:&quot;flex&quot;}\">\n\t\t\t\t\t<div class=\"e-con-inner\">\n\t\t\t\t<div class=\"elementor-element elementor-element-b4aa918 elementor-widget elementor-widget-spacer\" data-id=\"b4aa918\" data-element_type=\"widget\" data-e-type=\"widget\" data-widget_type=\"spacer.default\">\n\t\t\t\t<div class=\"elementor-widget-container\">\n\t\t\t\t\t\t\t<div class=\"elementor-spacer\">\n\t\t\t<div class=\"elementor-spacer-inner\"><\/div>\n\t\t<\/div>\n\t\t\t\t\t\t<\/div>\n\t\t\t\t<\/div>\n\t\t\t\t\t<\/div>\n\t\t\t\t<\/div>\n\t\t\t\t<\/div>\n\t\t","protected":false},"excerpt":{"rendered":"<p>Nous collaborons avec nos partenaires et amis de www.bikelager.ch. Urs M\u00e9canicien cycles et motos, brevet f\u00e9d\u00e9ral Dipl. Directeur de la logistique. 25 ans d&rsquo;exp\u00e9rience en logistique nationale, 40 ans de passion pour la moto Je te conseille volontiers sur les questions m\u00e9caniques, mais aussi sur le stockage de ton v\u00e9lo. Patrik T\u00f4lier en carrosserie, sp\u00e9cialiste [&hellip;]<\/p>\n","protected":false},"author":1,"featured_media":0,"parent":0,"menu_order":0,"comment_status":"closed","ping_status":"closed","template":"elementor_theme","meta":{"itsec_x_frame_options":"","footnotes":""},"class_list":["post-1882","page","type-page","status-publish","hentry"],"_links":{"self":[{"href":"https:\/\/moto-boutique-valais.ch\/fr\/wp-json\/wp\/v2\/pages\/1882","targetHints":{"allow":["GET"]}}],"collection":[{"href":"https:\/\/moto-boutique-valais.ch\/fr\/wp-json\/wp\/v2\/pages"}],"about":[{"href":"https:\/\/moto-boutique-valais.ch\/fr\/wp-json\/wp\/v2\/types\/page"}],"author":[{"embeddable":true,"href":"https:\/\/moto-boutique-valais.ch\/fr\/wp-json\/wp\/v2\/users\/1"}],"replies":[{"embeddable":true,"href":"https:\/\/moto-boutique-valais.ch\/fr\/wp-json\/wp\/v2\/comments?post=1882"}],"version-history":[{"count":2,"href":"https:\/\/moto-boutique-valais.ch\/fr\/wp-json\/wp\/v2\/pages\/1882\/revisions"}],"predecessor-version":[{"id":2665,"href":"https:\/\/moto-boutique-valais.ch\/fr\/wp-json\/wp\/v2\/pages\/1882\/revisions\/2665"}],"wp:attachment":[{"href":"https:\/\/moto-boutique-valais.ch\/fr\/wp-json\/wp\/v2\/media?parent=1882"}],"curies":[{"name":"wp","href":"https:\/\/api.w.org\/{rel}","templated":true}]}}