{"id":1884,"date":"2023-10-16T22:34:50","date_gmt":"2023-10-16T21:34:50","guid":{"rendered":"https:\/\/www.moto-boutique-valais.ch\/ecole-de-conduite\/"},"modified":"2025-03-31T12:21:33","modified_gmt":"2025-03-31T11:21:33","slug":"ecole-de-conduite","status":"publish","type":"page","link":"https:\/\/moto-boutique-valais.ch\/fr\/ecole-de-conduite\/","title":{"rendered":"\u00c9cole de conduite"},"content":{"rendered":"\n<p>NOUS TE MONTRONS COMMENT FAIRE ! &#8211; LE CHEMIN VERS LE PERMIS DE CONDUIRE 35 KW<\/p>\n\n<p>Tu es pr\u00eat \u00e0 commencer ta premi\u00e8re saison de moto cette ann\u00e9e et tu ne veux pas perdre de temps ni d&rsquo;argent ? Alors tu es \u00e0 la bonne place chez nous. Dans cet article, nous mettons \u00e0 ta disposition toutes les informations n\u00e9cessaires pour profiter pleinement de ta passion pour la moto, en toute s\u00e9curit\u00e9 et sans d\u00e9tours inutiles. Tu apprendras ici tout ce que tu dois savoir pour r\u00e9ussir tes d\u00e9buts dans le monde de la moto.<\/p>\n\n<h2 class=\"wp-block-heading\">LES CONSEILS D&rsquo;EXPERT DE J\u00dcRG STALDER<\/h2>\n\n<p>Pour que nos conseils soient fiables, nous avons fait appel \u00e0 des professionnels. J\u00fcrg Stalder n&rsquo;est pas seulement un moniteur d&rsquo;auto-\u00e9cole exp\u00e9riment\u00e9, mais aussi le pr\u00e9sident du groupe sp\u00e9cialis\u00e9 moto de L-drive.ch ! Si quelqu&rsquo;un sait comment faire les choses correctement, c&rsquo;est bien lui.<\/p>\n\n<h3 class=\"wp-block-heading\">PROC\u00c9DURE SANS EXAMEN DE CONDUITE CAT. B \/ AUTO<\/h3>\n\n<p>Les nouveaux conducteurs sans permis de conduire de cat\u00e9gorie B ne peuvent pas demander directement le permis d&rsquo;\u00e9l\u00e8ve conducteur. Au pr\u00e9alable, il est imp\u00e9ratif de suivre les \u00e9tapes suivantes :<\/p>\n\n<p>1. suivre un cours de secourisme (nous pouvons l&rsquo;organiser pour vous)<br\/>2. passer un examen de la vue r\u00e9cent (tous les opticiens le font, p. ex : <strong><a href=\"https:\/\/www.fielmann.ch\/de\/niederlassungen\/brig-glis\/3902-kantonsstrasse-58\/\">Fielmann<\/a><\/strong> Kantonsstrasse 58, Simplon Center, 3902 Brig-Glis T\u00e9l\u00e9phone : 027 922 46 00<\/p>\n\n<p>3. remplir le formulaire de demande A\u226435 kW &gt;&gt;Impression avec lien :<br\/><a rel=\"noreferrer noopener\" href=\"https:\/\/www.vs.ch\/documents\/18119\/658309\/Gesuch+f%C3%BCr+einen+Lernfahr-+oder+F%C3%BChrerausweis.pdf\/4cbab9c4-f7c6-47c6-8825-3ce21509c383?t=1612427509288\" target=\"_blank\"><strong>https:\/\/www.vs.ch\/documents\/18119\/658309\/Gesuch+f%C3%BCr+un+permis+d&rsquo;apprenti+conducteur+ou+F%C3%BCermis.pdf&#8230;<\/strong><\/a><\/p>\n\n<p>Le formulaire de demande A\u226435 kW doit \u00eatre accompagn\u00e9 d&rsquo;une photo d&rsquo;identit\u00e9 r\u00e9cente ainsi que du test de la vue actuel et de l&rsquo;attestation du secouriste accompli.<\/p>\n\n<p>Le formulaire de demande doit \u00eatre remis en personne au service des automobiles ou \u00e0 l&rsquo;administration communale. Dans ce cas, le requ\u00e9rant doit pouvoir justifier de son identit\u00e9 au moyen d&rsquo;une carte d&rsquo;identit\u00e9 ou d&rsquo;un passeport en cours de validit\u00e9.<\/p>\n\n<p>Ensuite, nous vous recommandons de nous contacter directement pour trouver une auto-\u00e9cole appropri\u00e9e dans votre r\u00e9gion. Un accompagnement professionnel est ainsi garanti, de la th\u00e9orie \u00e0 l&rsquo;examen pratique.<\/p>\n\n<h4 class=\"wp-block-heading\">CE DONT TU DOIS TENIR COMPTE<\/h4>\n\n<h5 class=\"wp-block-heading\">EXIGENCES RELATIVES AU V\u00c9HICULE D&rsquo;EXAMEN<\/h5>\n\n<p>Les exigences pour la course d&rsquo;examen \u00e0 venir sont d\u00e9finies avec pr\u00e9cision et ne laissent aucune place \u00e0 l&rsquo;interpr\u00e9tation.<\/p>\n\n<p>Une moto adapt\u00e9e \u00e0 cet essai doit avoir une puissance moteur sup\u00e9rieure \u00e0 11 kW et ne doit pas d\u00e9passer une puissance maximale de 35 kW. Afin de garantir un rapport puissance\/poids harmonieux, celui-ci est limit\u00e9 \u00e0 0,20 kW\/kg au maximum. En outre, la moto doit pouvoir accueillir deux personnes et ne doit pas disposer d&rsquo;un side-car.<\/p>\n\n<h3 class=\"wp-block-heading\">PROC\u00c9DURE AVEC EXAMEN DE CONDUITE CAT. B \/ AUTO<\/h3>\n\n<p>Les titulaires du permis de conduire de la cat\u00e9gorie B ont d\u00e9j\u00e0 pass\u00e9 l&rsquo;examen th\u00e9orique requis et peuvent demander directement le permis d&rsquo;\u00e9l\u00e8ve motocycliste. Pour faire une demande, il faut imp\u00e9rativement suivre les \u00e9tapes suivantes :<\/p>\n\n<ol class=\"wp-block-list\">\n<li>Test de la vue actuel (datant de moins de deux ans)<\/li>\n\n\n\n<li>Photo d&rsquo;identit\u00e9 r\u00e9cente<\/li>\n\n\n\n<li>Remplir le formulaire de demande A\u226435 kW (site web du service des automobiles)<\/li>\n<\/ol>\n\n<p>La demande peut \u00eatre remplie sur le site web du service des automobiles de la r\u00e9gion ou directement au guichet. Dans ce cas \u00e9galement, il est recommand\u00e9 de prendre imm\u00e9diatement contact avec une \u00e9cole de conduite moto de la r\u00e9gion.<\/p>\n\n<p>La demande peut \u00eatre remplie sur le site web du service des automobiles de la r\u00e9gion ou directement au guichet. Dans ce cas \u00e9galement, il est recommand\u00e9 de prendre imm\u00e9diatement contact avec une \u00e9cole de conduite moto de la r\u00e9gion.<\/p>\n\n<p>Tu peux aussi venir chercher ce formulaire chez nous \u00e0 Moto-Gampel-Steg, le remplir et le remettre \u00e0 ton administration communale ! Si tu le souhaites, nous organisons \u00e9galement ta formation \u00e0 la conduite !<\/p>\n\n<p>Apr\u00e8s avoir re\u00e7u ton permis d&rsquo;\u00e9l\u00e8ve conducteur (tu as d&rsquo;ailleurs \u00e9galement droit \u00e0 une r\u00e9duction de 20% sur tout dans notre magasin pendant toute la dur\u00e9e de validit\u00e9 du permis !) et tu peux imm\u00e9diatement conduire une moto de ta cat\u00e9gorie !<\/p>\n\n<h4 class=\"wp-block-heading\">APR\u00c8S AVOIR DEMAND\u00c9 LE BADGE :<\/h4>\n\n<p>La prochaine \u00e9tape, \u00e0 laquelle il faut s&rsquo;atteler le plus rapidement possible, est de suivre la formation pratique de base (FPB). Elle dure en g\u00e9n\u00e9ral 12 heures (exception pour les titulaires de la cat\u00e9gorie A1, acquisition jusqu&rsquo;au 31.12.2020 seulement 4 heures) et peut \u00eatre pass\u00e9e directement \u00e0 l&rsquo;auto-\u00e9cole.<br\/><br\/>Ensuite, les \u00e9l\u00e8ves conducteurs peuvent se pr\u00e9parer individuellement \u00e0 l&rsquo;examen dans le cadre de le\u00e7ons de conduite priv\u00e9es. En r\u00e8gle g\u00e9n\u00e9rale, trois \u00e0 quatre doubles le\u00e7ons suffisent pour cela.<\/p>\n\n<p>Bonnes nouvelles pour la rel\u00e8ve motocycliste suisse<\/p>\n\n<p>Depuis 2021, les nouveaux conducteurs de plus de 18 ans peuvent obtenir la cat\u00e9gorie dite A (limit\u00e9e), connue dans l&rsquo;UE sous le nom de cat\u00e9gorie A2. Les titulaires de ce permis ont le droit de conduire des motocycles d&rsquo;une puissance maximale de 35 kW (48 CV).<br\/><br\/>Compte tenu du fait que l&rsquo;acc\u00e8s \u00e9tait jusqu&rsquo;\u00e0 pr\u00e9sent possible via les motos 125, qui peuvent aujourd&rsquo;hui \u00eatre pilot\u00e9es \u00e0 partir de 16 ans, il s&rsquo;agit d&rsquo;une tr\u00e8s bonne nouvelle pour la rel\u00e8ve motocycliste suisse.<\/p>\n\n<h3 class=\"wp-block-heading\">Rouler avec les \u00ab\u00a0grands<\/h3>\n\n<p>Compte tenu du nombre \u00e9lev\u00e9 de kW et de chevaux que l&rsquo;on trouve aujourd&rsquo;hui dans l&rsquo;industrie automobile, 35 kW ou 48 chevaux peuvent para\u00eetre peu. Mais dans le monde de la moto, ils ne le sont pas. Les motos de cette cat\u00e9gorie atteignent des vitesses de pointe allant jusqu&rsquo;\u00e0 200 km\/h et passent \u00e0 100 km\/h en 5 secondes environ. Cela correspond \u00e0 peu pr\u00e8s aux valeurs d&rsquo;acc\u00e9l\u00e9ration d&rsquo;une voiture de sport comme la Porsche Cayman.<br\/><br\/>Les motos de la cat\u00e9gorie A (limit\u00e9e) sont donc des motos adultes qui peuvent rivaliser sur la route avec des machines non r\u00e9duites. La circulation quotidienne, que ce soit en ville, hors de la ville ou sur l&rsquo;autoroute, ne pose donc absolument aucun probl\u00e8me. Les d\u00e9butants \u00e2g\u00e9s de 18 ans et plus peuvent donc sans probl\u00e8me rouler avec les \u00ab\u00a0grands\u00a0\u00bb.<\/p>\n\n<h4 class=\"wp-block-heading\">Cat\u00e9gorie A1 (sous-cat\u00e9gorie)<\/h4>\n\n<h5 class=\"wp-block-heading\"><strong>\u00c2ge minimum<\/strong><\/h5>\n\n<p>15 ans : motocycles d&rsquo;une cylindr\u00e9e n&rsquo;exc\u00e9dant pas 50 cm\u00b3 et d&rsquo;une puissance maximale de 4 kW, ainsi que d&rsquo;un poids maximal de 1,5 kg. 45 km\/h<\/p>\n\n<p>16 ans : autres motocycles de la sous-cat\u00e9gorie A1 (motocycles d&rsquo;une cylindr\u00e9e n&rsquo;exc\u00e9dant pas 125 cm\u00b3 et d&rsquo;une puissance maximale de 11 kW)<\/p>\n\n<p>Si un candidat est cr\u00e9dit\u00e9 de la cat\u00e9gorie A1 lors de l&rsquo;\u00e9change de son permis de conduire bleu, cette cat\u00e9gorie est limit\u00e9e dans le PCC avec une vitesse maximale de 45 km\/h. Le permis de conduire bleu peut \u00eatre \u00e9chang\u00e9 contre un permis A1.<\/p>\n\n<p><strong>Cat\u00e9gorie requise<\/strong><\/p>\n\n<p>pas de<\/p>\n\n<p><strong>Cours de sauveteur<\/strong><\/p>\n\n<p>\u00e0 l&rsquo;exception de Inh. Cat. B ou B1. Ne doit pas remonter \u00e0 plus de 6 ans.  <\/p>\n\n<h3 class=\"wp-block-heading\">Une performance \u00e9lev\u00e9e est suivie d&rsquo;une responsabilit\u00e9 \u00e9lev\u00e9e<\/h3>\n\n<p>La conduite sportive est amusante, mais elle comporte toujours des risques. En tant que conducteurs de deux-roues, nous faisons partie des usagers de la route les plus vuln\u00e9rables. C&rsquo;est pourquoi nous veillons particuli\u00e8rement \u00e0 nous d\u00e9placer en toute s\u00e9curit\u00e9 dans la circulation et \u00e0 nous prot\u00e9ger le mieux possible contre les blessures. Cela implique non seulement une bonne formation initiale et continue, mais aussi une moto parfaitement \u00e9quip\u00e9e et entretenue ainsi qu&rsquo;un \u00e9quipement de protection de qualit\u00e9.<\/p>\n\n<h3 class=\"wp-block-heading\">\u00c9ducation et formation<\/h3>\n\n<p>Tous les d\u00e9tails sur la cat\u00e9gorie de permis A (limit\u00e9e) et les conseils d&rsquo;expert de J\u00fcrg Stalder sont disponibles dans la deuxi\u00e8me partie de la s\u00e9rie d&rsquo;articles \u00ab\u00a0<a href=\"https:\/\/www.hostettler-moto.ch\/luzern\/tipps\/detail\/35_kw_fuehrerschein\/19211\" target=\"_blank\" rel=\"noreferrer noopener\">Comment obtenir un permis de conduire de 35 kW\u00a0\u00bb sur le site web de hostettler moto ag<\/a>. La r\u00e9ussite de l&rsquo;examen de conduite ne marque pas la fin de la formation initiale et continue. Les motards avis\u00e9s se perfectionnent continuellement et participent r\u00e9guli\u00e8rement \u00e0 des stages de conduite.<br\/><br\/>Selon notre exp\u00e9rience, les cours de moto et les stages de conduite du TCS sont particuli\u00e8rement recommand\u00e9s. Manuela <a href=\"https:\/\/www.moto-lifestyle.ch\/tcs-fahrtraining-yamaha-mt10-2022\/\" target=\"_blank\" rel=\"noreferrer noopener\">a suivi un stage de conduite TCS la saison derni\u00e8re et en a rendu compte<\/a>.<br\/><br\/>Tu trouveras \u00e9galement des informations d\u00e9taill\u00e9es sur le permis de conduire de la cat\u00e9gorie A (limit\u00e9) sur <a href=\"https:\/\/fuehrerausweise.ch\/ausweiskategorien\/\" target=\"_blank\" rel=\"noreferrer noopener\">fuererausweise.ch<\/a>. Une vue d&rsquo;ensemble de tous les cours de moto et stages de conduite du TCS avec les dates actuelles des cours est mise en ligne sur <a href=\"https:\/\/www.tcs.ch\/de\/kurse-fahrzeugchecks\/kurse-fahrtrainings\/motorrad\/\" target=\"_blank\" rel=\"noreferrer noopener\">tcs.ch.<\/a> <\/p>\n\n<h2 class=\"wp-block-heading\">Le bon \u00e9quipement de protection<\/h2>\n\n<p>Les v\u00eatements de protection pour motards existent pour toutes sortes d&rsquo;utilisations et dans diff\u00e9rents mod\u00e8les. Pour les longues randonn\u00e9es, nous recommandons les combinaisons de randonn\u00e9e en textile. Ils sont flexibles et offrent une bonne protection contre le froid et les intemp\u00e9ries.<br\/><br\/>Pour le quotidien ou les courtes sorties, les combinaisons de vestes de moto au look d\u00e9contract\u00e9 (textile ou cuir) et de jeans de moto constituent une alternative int\u00e9ressante. Les liens suivants proposent des comptes rendus de tenues qui ont fait leurs preuves dans notre vie quotidienne ou en randonn\u00e9e.<\/p>\n","protected":false},"excerpt":{"rendered":"<p>NOUS TE MONTRONS COMMENT FAIRE ! &#8211; LE CHEMIN VERS LE PERMIS DE CONDUIRE 35 KW Tu es pr\u00eat \u00e0 commencer ta premi\u00e8re saison de moto cette ann\u00e9e et tu ne veux pas perdre de temps ni d&rsquo;argent ? Alors tu es \u00e0 la bonne place chez nous. Dans cet article, nous mettons \u00e0 ta [&hellip;]<\/p>\n","protected":false},"author":1,"featured_media":0,"parent":0,"menu_order":0,"comment_status":"closed","ping_status":"closed","template":"","meta":{"itsec_x_frame_options":"","footnotes":""},"class_list":["post-1884","page","type-page","status-publish","hentry"],"_links":{"self":[{"href":"https:\/\/moto-boutique-valais.ch\/fr\/wp-json\/wp\/v2\/pages\/1884","targetHints":{"allow":["GET"]}}],"collection":[{"href":"https:\/\/moto-boutique-valais.ch\/fr\/wp-json\/wp\/v2\/pages"}],"about":[{"href":"https:\/\/moto-boutique-valais.ch\/fr\/wp-json\/wp\/v2\/types\/page"}],"author":[{"embeddable":true,"href":"https:\/\/moto-boutique-valais.ch\/fr\/wp-json\/wp\/v2\/users\/1"}],"replies":[{"embeddable":true,"href":"https:\/\/moto-boutique-valais.ch\/fr\/wp-json\/wp\/v2\/comments?post=1884"}],"version-history":[{"count":2,"href":"https:\/\/moto-boutique-valais.ch\/fr\/wp-json\/wp\/v2\/pages\/1884\/revisions"}],"predecessor-version":[{"id":2469,"href":"https:\/\/moto-boutique-valais.ch\/fr\/wp-json\/wp\/v2\/pages\/1884\/revisions\/2469"}],"wp:attachment":[{"href":"https:\/\/moto-boutique-valais.ch\/fr\/wp-json\/wp\/v2\/media?parent=1884"}],"curies":[{"name":"wp","href":"https:\/\/api.w.org\/{rel}","templated":true}]}}