{"id":1924,"date":"2023-10-12T17:09:52","date_gmt":"2023-10-12T16:09:52","guid":{"rendered":"https:\/\/www.moto-boutique-valais.ch\/produits\/couvertures-de-moto-garages-pliants\/"},"modified":"2025-03-31T12:21:28","modified_gmt":"2025-03-31T11:21:28","slug":"couvertures-de-moto-garages-pliants","status":"publish","type":"page","link":"https:\/\/moto-boutique-valais.ch\/fr\/produits\/couvertures-de-moto-garages-pliants\/","title":{"rendered":"Couvertures de moto (garages pliants)"},"content":{"rendered":"\t\t<div data-elementor-type=\"wp-page\" data-elementor-id=\"1924\" class=\"elementor elementor-1924 elementor-896\" data-elementor-post-type=\"page\">\n\t\t\t\t<div class=\"elementor-element elementor-element-2589d527 e-flex e-con-boxed e-con e-parent\" data-id=\"2589d527\" data-element_type=\"container\" data-e-type=\"container\">\n\t\t\t\t\t<div class=\"e-con-inner\">\n\t\t\t\t<div class=\"elementor-element elementor-element-4fd8377c elementor-widget elementor-widget-text-editor\" data-id=\"4fd8377c\" data-element_type=\"widget\" data-e-type=\"widget\" data-widget_type=\"text-editor.default\">\n\t\t\t\t<div class=\"elementor-widget-container\">\n\t\t\t\t\t\t\t\t\t<p>Les housses de moto, \u00e9galement appel\u00e9es garages pliants, sont des accessoires souvent sous-estim\u00e9s, mais extr\u00eamement utiles pour chaque motard. Ils prot\u00e8gent ta moto contre les \u00e9l\u00e9ments tels que la pluie, la neige et le soleil, ce qui prolonge la dur\u00e9e de vie du v\u00e9hicule et de ses composants. En outre, ils offrent une protection suppl\u00e9mentaire contre la poussi\u00e8re et la salet\u00e9 qui peuvent s&rsquo;incruster dans les pi\u00e8ces mobiles et nuire aux performances.&nbsp;<\/p>\n<p>Les garages pliants sont \u00e9galement un bon moyen de dissuasion contre le vol, car ils rendent la moto moins visible et donc moins attractive pour les voleurs. Elles sont faciles \u00e0 transporter et peuvent \u00eatre mont\u00e9es et d\u00e9mont\u00e9es rapidement, ce qui les rend id\u00e9ales pour les voyages ou pour le stockage \u00e0 la maison. En bref, une housse de moto est un investissement judicieux pour garder ta moto en parfait \u00e9tat.<\/p>\n\t\t\t\t\t\t\t\t<\/div>\n\t\t\t\t<\/div>\n\t\t<div class=\"elementor-element elementor-element-d70723f e-flex e-con-boxed e-con e-child\" data-id=\"d70723f\" data-element_type=\"container\" data-e-type=\"container\">\n\t\t\t\t\t<div class=\"e-con-inner\">\n\t\t<div class=\"elementor-element elementor-element-1842348 e-con-full e-flex e-con e-child\" data-id=\"1842348\" data-element_type=\"container\" data-e-type=\"container\">\n\t\t\t\t<div class=\"elementor-element elementor-element-056c899 elementor-widget elementor-widget-image\" data-id=\"056c899\" data-element_type=\"widget\" data-e-type=\"widget\" data-widget_type=\"image.default\">\n\t\t\t\t<div class=\"elementor-widget-container\">\n\t\t\t\t\t\t\t\t\t\t\t\t\t\t\t<img fetchpriority=\"high\" decoding=\"async\" width=\"300\" height=\"300\" src=\"https:\/\/moto-boutique-valais.ch\/wp-content\/uploads\/2023\/10\/Held-Bike-Fashion-Logo.png\" class=\"attachment-medium size-medium wp-image-1052\" alt=\"logo held bike fashion\" srcset=\"https:\/\/moto-boutique-valais.ch\/wp-content\/uploads\/2023\/10\/Held-Bike-Fashion-Logo.png 300w, https:\/\/moto-boutique-valais.ch\/wp-content\/uploads\/2023\/10\/Held-Bike-Fashion-Logo-150x150.png 150w\" sizes=\"(max-width: 300px) 100vw, 300px\" \/>\t\t\t\t\t\t\t\t\t\t\t\t\t\t\t<\/div>\n\t\t\t\t<\/div>\n\t\t\t\t<\/div>\n\t\t<div class=\"elementor-element elementor-element-2306ce7 e-con-full e-flex e-con e-child\" data-id=\"2306ce7\" data-element_type=\"container\" data-e-type=\"container\">\n\t\t\t\t<div class=\"elementor-element elementor-element-4a4b7cd elementor-widget elementor-widget-heading\" data-id=\"4a4b7cd\" data-element_type=\"widget\" data-e-type=\"widget\" data-widget_type=\"heading.default\">\n\t\t\t\t<div class=\"elementor-widget-container\">\n\t\t\t\t\t<h5 class=\"elementor-heading-title elementor-size-default\">H\u00e9ros<\/h5>\t\t\t\t<\/div>\n\t\t\t\t<\/div>\n\t\t\t\t<div class=\"elementor-element elementor-element-5bafb86 elementor-widget elementor-widget-text-editor\" data-id=\"5bafb86\" data-element_type=\"widget\" data-e-type=\"widget\" data-widget_type=\"text-editor.default\">\n\t\t\t\t<div class=\"elementor-widget-container\">\n\t\t\t\t\t\t\t\t\t<p>Held a plus de 75 ans d&rsquo;exp\u00e9rience dans la fabrication de v\u00eatements pour motards. La marque est synonyme de confort maximal, de facilit\u00e9 d&rsquo;utilisation et de s\u00e9curit\u00e9 non compromise.<\/p>\n\t\t\t\t\t\t\t\t<\/div>\n\t\t\t\t<\/div>\n\t\t\t\t<\/div>\n\t\t<div class=\"elementor-element elementor-element-a6567b6 e-con-full e-flex e-con e-child\" data-id=\"a6567b6\" data-element_type=\"container\" data-e-type=\"container\">\n\t\t\t\t<\/div>\n\t\t<div class=\"elementor-element elementor-element-c61b033 e-con-full e-flex e-con e-child\" data-id=\"c61b033\" data-element_type=\"container\" data-e-type=\"container\">\n\t\t\t\t<\/div>\n\t\t\t\t\t<\/div>\n\t\t\t\t<\/div>\n\t\t\t\t\t<\/div>\n\t\t\t\t<\/div>\n\t\t\t\t<\/div>\n\t\t","protected":false},"excerpt":{"rendered":"<p>Les housses de moto, \u00e9galement appel\u00e9es garages pliants, sont des accessoires souvent sous-estim\u00e9s, mais extr\u00eamement utiles pour chaque motard. Ils prot\u00e8gent ta moto contre les \u00e9l\u00e9ments tels que la pluie, la neige et le soleil, ce qui prolonge la dur\u00e9e de vie du v\u00e9hicule et de ses composants. En outre, ils offrent une protection suppl\u00e9mentaire [&hellip;]<\/p>\n","protected":false},"author":1,"featured_media":0,"parent":1894,"menu_order":0,"comment_status":"closed","ping_status":"closed","template":"elementor_theme","meta":{"itsec_x_frame_options":"","footnotes":""},"class_list":["post-1924","page","type-page","status-publish","hentry"],"_links":{"self":[{"href":"https:\/\/moto-boutique-valais.ch\/fr\/wp-json\/wp\/v2\/pages\/1924","targetHints":{"allow":["GET"]}}],"collection":[{"href":"https:\/\/moto-boutique-valais.ch\/fr\/wp-json\/wp\/v2\/pages"}],"about":[{"href":"https:\/\/moto-boutique-valais.ch\/fr\/wp-json\/wp\/v2\/types\/page"}],"author":[{"embeddable":true,"href":"https:\/\/moto-boutique-valais.ch\/fr\/wp-json\/wp\/v2\/users\/1"}],"replies":[{"embeddable":true,"href":"https:\/\/moto-boutique-valais.ch\/fr\/wp-json\/wp\/v2\/comments?post=1924"}],"version-history":[{"count":2,"href":"https:\/\/moto-boutique-valais.ch\/fr\/wp-json\/wp\/v2\/pages\/1924\/revisions"}],"predecessor-version":[{"id":2448,"href":"https:\/\/moto-boutique-valais.ch\/fr\/wp-json\/wp\/v2\/pages\/1924\/revisions\/2448"}],"up":[{"embeddable":true,"href":"https:\/\/moto-boutique-valais.ch\/fr\/wp-json\/wp\/v2\/pages\/1894"}],"wp:attachment":[{"href":"https:\/\/moto-boutique-valais.ch\/fr\/wp-json\/wp\/v2\/media?parent=1924"}],"curies":[{"name":"wp","href":"https:\/\/api.w.org\/{rel}","templated":true}]}}