{"id":1928,"date":"2023-10-12T17:09:16","date_gmt":"2023-10-12T16:09:16","guid":{"rendered":"https:\/\/www.moto-boutique-valais.ch\/produits\/cross-trial\/"},"modified":"2025-03-31T12:21:27","modified_gmt":"2025-03-31T11:21:27","slug":"cross-trial","status":"publish","type":"page","link":"https:\/\/moto-boutique-valais.ch\/fr\/produits\/cross-trial\/","title":{"rendered":"Cross &amp; Trial"},"content":{"rendered":"\t\t<div data-elementor-type=\"wp-page\" data-elementor-id=\"1928\" class=\"elementor elementor-1928 elementor-892\" data-elementor-post-type=\"page\">\n\t\t\t\t<div class=\"elementor-element elementor-element-2589d527 e-con-full e-ecs-flex e-flex e-con e-parent\" data-id=\"2589d527\" data-element_type=\"container\" data-e-type=\"container\" data-settings=\"{&quot;ecs_container_type&quot;:&quot;flex&quot;}\">\n\t\t\t\t<div class=\"elementor-element elementor-element-4fd8377c elementor-widget elementor-widget-text-editor\" data-id=\"4fd8377c\" data-element_type=\"widget\" data-e-type=\"widget\" data-widget_type=\"text-editor.default\">\n\t\t\t\t<div class=\"elementor-widget-container\">\n\t\t\t\t\t\t\t\t\t<p>L&rsquo;\u00e9quipement Cross &amp; Trial est sp\u00e9cialement con\u00e7u pour r\u00e9pondre aux exigences \u00e9lev\u00e9es du tout-terrain et du trial. Elle offre non seulement une protection optimale, mais aussi la libert\u00e9 de mouvement indispensable dans ce sport. Des casques avec un champ de vision \u00e9largi, des bottes robustes et des gants sp\u00e9ciaux ne sont que quelques-uns des \u00e9l\u00e9ments qui garantissent une s\u00e9curit\u00e9 et des performances maximales. Souvent, les mat\u00e9riaux sont l\u00e9gers, mais extr\u00eamement r\u00e9sistants, afin de prot\u00e9ger le cycliste des d\u00e9fis du terrain. Des rembourrages et des renforts suppl\u00e9mentaires aux endroits critiques comme les genoux et les coudes offrent une protection suppl\u00e9mentaire en cas de chute ou de collision.<\/p>\n<p>Globalement, un \u00e9quipement de cross &amp; trial bien choisi permet au pilote de se concentrer pleinement sur sa technique et sur le parcours, sans avoir \u00e0 se soucier de sa s\u00e9curit\u00e9.<\/p>\n\t\t\t\t\t\t\t\t<\/div>\n\t\t\t\t<\/div>\n\t\t<div class=\"elementor-element elementor-element-d70723f e-ecs-flex e-flex e-con-boxed e-con e-child\" data-id=\"d70723f\" data-element_type=\"container\" data-e-type=\"container\" data-settings=\"{&quot;ecs_container_type&quot;:&quot;flex&quot;}\">\n\t\t\t\t\t<div class=\"e-con-inner\">\n\t\t<div class=\"elementor-element elementor-element-1842348 e-con-full e-ecs-flex e-flex e-con e-child\" data-id=\"1842348\" data-element_type=\"container\" data-e-type=\"container\" data-settings=\"{&quot;ecs_container_type&quot;:&quot;flex&quot;}\">\n\t\t\t\t<div class=\"elementor-element elementor-element-056c899 elementor-widget elementor-widget-image\" data-id=\"056c899\" data-element_type=\"widget\" data-e-type=\"widget\" data-widget_type=\"image.default\">\n\t\t\t\t<div class=\"elementor-widget-container\">\n\t\t\t\t\t\t\t\t\t\t\t\t\t\t\t<img fetchpriority=\"high\" decoding=\"async\" width=\"300\" height=\"300\" src=\"https:\/\/moto-boutique-valais.ch\/wp-content\/uploads\/2023\/10\/Fox-cross-helmet-logo.png\" class=\"attachment-medium size-medium wp-image-980\" alt=\"logo fox cross helmet\" srcset=\"https:\/\/moto-boutique-valais.ch\/wp-content\/uploads\/2023\/10\/Fox-cross-helmet-logo.png 300w, https:\/\/moto-boutique-valais.ch\/wp-content\/uploads\/2023\/10\/Fox-cross-helmet-logo-150x150.png 150w\" sizes=\"(max-width: 300px) 100vw, 300px\" \/>\t\t\t\t\t\t\t\t\t\t\t\t\t\t\t<\/div>\n\t\t\t\t<\/div>\n\t\t\t\t<\/div>\n\t\t<div class=\"elementor-element elementor-element-2306ce7 e-con-full e-ecs-flex e-flex e-con e-child\" data-id=\"2306ce7\" data-element_type=\"container\" data-e-type=\"container\" data-settings=\"{&quot;ecs_container_type&quot;:&quot;flex&quot;}\">\n\t\t\t\t<div class=\"elementor-element elementor-element-4a4b7cd elementor-widget elementor-widget-heading\" data-id=\"4a4b7cd\" data-element_type=\"widget\" data-e-type=\"widget\" data-widget_type=\"heading.default\">\n\t\t\t\t<div class=\"elementor-widget-container\">\n\t\t\t\t\t<h5 class=\"elementor-heading-title elementor-size-default\">Terrain FOX<\/h5>\t\t\t\t<\/div>\n\t\t\t\t<\/div>\n\t\t\t\t<div class=\"elementor-element elementor-element-5bafb86 elementor-widget elementor-widget-text-editor\" data-id=\"5bafb86\" data-element_type=\"widget\" data-e-type=\"widget\" data-widget_type=\"text-editor.default\">\n\t\t\t\t<div class=\"elementor-widget-container\">\n\t\t\t\t\t\t\t\t\t<p>FOX est plus qu&rsquo;une marque ; c&rsquo;est une famille de passionn\u00e9s de moto. Elle est synonyme d&rsquo;aventure, de communaut\u00e9 et de plaisir de conduire.<\/p>\n\t\t\t\t\t\t\t\t<\/div>\n\t\t\t\t<\/div>\n\t\t\t\t<\/div>\n\t\t<div class=\"elementor-element elementor-element-a6567b6 e-con-full e-ecs-flex e-flex e-con e-child\" data-id=\"a6567b6\" data-element_type=\"container\" data-e-type=\"container\" data-settings=\"{&quot;ecs_container_type&quot;:&quot;flex&quot;}\">\n\t\t\t\t<div class=\"elementor-element elementor-element-f8424c0 elementor-widget elementor-widget-image\" data-id=\"f8424c0\" data-element_type=\"widget\" data-e-type=\"widget\" data-widget_type=\"image.default\">\n\t\t\t\t<div class=\"elementor-widget-container\">\n\t\t\t\t\t\t\t\t\t\t\t\t\t\t\t<img decoding=\"async\" width=\"300\" height=\"300\" src=\"https:\/\/moto-boutique-valais.ch\/wp-content\/uploads\/2023\/10\/TCX-Logo.png\" class=\"attachment-medium size-medium wp-image-1115\" alt=\"logo TCX\" srcset=\"https:\/\/moto-boutique-valais.ch\/wp-content\/uploads\/2023\/10\/TCX-Logo.png 300w, https:\/\/moto-boutique-valais.ch\/wp-content\/uploads\/2023\/10\/TCX-Logo-150x150.png 150w\" sizes=\"(max-width: 300px) 100vw, 300px\" \/>\t\t\t\t\t\t\t\t\t\t\t\t\t\t\t<\/div>\n\t\t\t\t<\/div>\n\t\t\t\t<\/div>\n\t\t<div class=\"elementor-element elementor-element-c61b033 e-con-full e-ecs-flex e-flex e-con e-child\" data-id=\"c61b033\" data-element_type=\"container\" data-e-type=\"container\" data-settings=\"{&quot;ecs_container_type&quot;:&quot;flex&quot;}\">\n\t\t\t\t<div class=\"elementor-element elementor-element-8cdd136 elementor-widget elementor-widget-heading\" data-id=\"8cdd136\" data-element_type=\"widget\" data-e-type=\"widget\" data-widget_type=\"heading.default\">\n\t\t\t\t<div class=\"elementor-widget-container\">\n\t\t\t\t\t<h5 class=\"elementor-heading-title elementor-size-default\">Terrain TCX<\/h5>\t\t\t\t<\/div>\n\t\t\t\t<\/div>\n\t\t\t\t<div class=\"elementor-element elementor-element-40cb0a1 elementor-widget elementor-widget-text-editor\" data-id=\"40cb0a1\" data-element_type=\"widget\" data-e-type=\"widget\" data-widget_type=\"text-editor.default\">\n\t\t\t\t<div class=\"elementor-widget-container\">\n\t\t\t\t\t\t\t\t\t<p>TCX est une marque italienne connue pour ses bottes de moto de haute qualit\u00e9. Ils proposent une large gamme de produits \u00e0 la fois confortables et s\u00fbrs.<\/p>\n\t\t\t\t\t\t\t\t<\/div>\n\t\t\t\t<\/div>\n\t\t\t\t<\/div>\n\t\t\t\t\t<\/div>\n\t\t\t\t<\/div>\n\t\t<div class=\"elementor-element elementor-element-60429f3 e-ecs-flex e-flex e-con-boxed e-con e-child\" data-id=\"60429f3\" data-element_type=\"container\" data-e-type=\"container\" data-settings=\"{&quot;ecs_container_type&quot;:&quot;flex&quot;}\">\n\t\t\t\t\t<div class=\"e-con-inner\">\n\t\t<div class=\"elementor-element elementor-element-3875a5c e-con-full e-ecs-flex e-flex e-con e-child\" data-id=\"3875a5c\" data-element_type=\"container\" data-e-type=\"container\" data-settings=\"{&quot;ecs_container_type&quot;:&quot;flex&quot;}\">\n\t\t\t\t<div class=\"elementor-element elementor-element-3ae524c elementor-widget elementor-widget-image\" data-id=\"3ae524c\" data-element_type=\"widget\" data-e-type=\"widget\" data-widget_type=\"image.default\">\n\t\t\t\t<div class=\"elementor-widget-container\">\n\t\t\t\t\t\t\t\t\t\t\t\t\t\t\t<img decoding=\"async\" width=\"300\" height=\"300\" src=\"https:\/\/moto-boutique-valais.ch\/wp-content\/uploads\/2023\/10\/alpines-Logo.png\" class=\"attachment-medium size-medium wp-image-1080\" alt=\"logo alpinestars\" srcset=\"https:\/\/moto-boutique-valais.ch\/wp-content\/uploads\/2023\/10\/alpines-Logo.png 300w, https:\/\/moto-boutique-valais.ch\/wp-content\/uploads\/2023\/10\/alpines-Logo-150x150.png 150w\" sizes=\"(max-width: 300px) 100vw, 300px\" \/>\t\t\t\t\t\t\t\t\t\t\t\t\t\t\t<\/div>\n\t\t\t\t<\/div>\n\t\t\t\t<\/div>\n\t\t<div class=\"elementor-element elementor-element-099ca81 e-con-full e-ecs-flex e-flex e-con e-child\" data-id=\"099ca81\" data-element_type=\"container\" data-e-type=\"container\" data-settings=\"{&quot;ecs_container_type&quot;:&quot;flex&quot;}\">\n\t\t\t\t<div class=\"elementor-element elementor-element-9e09015 elementor-widget elementor-widget-heading\" data-id=\"9e09015\" data-element_type=\"widget\" data-e-type=\"widget\" data-widget_type=\"heading.default\">\n\t\t\t\t<div class=\"elementor-widget-container\">\n\t\t\t\t\t<h5 class=\"elementor-heading-title elementor-size-default\">Terrain Alpinestars<\/h5>\t\t\t\t<\/div>\n\t\t\t\t<\/div>\n\t\t\t\t<div class=\"elementor-element elementor-element-d040d68 elementor-widget elementor-widget-text-editor\" data-id=\"d040d68\" data-element_type=\"widget\" data-e-type=\"widget\" data-widget_type=\"text-editor.default\">\n\t\t\t\t<div class=\"elementor-widget-container\">\n\t\t\t\t\t\t\t\t\t<p>Alpinestars offre une protection compl\u00e8te pour tous les types de coureurs. De la course sur route \u00e0 l&rsquo;enduro, la marque est connue pour ses produits de haute qualit\u00e9.<\/p>\n\t\t\t\t\t\t\t\t<\/div>\n\t\t\t\t<\/div>\n\t\t\t\t<\/div>\n\t\t<div class=\"elementor-element elementor-element-fce87b6 e-con-full e-ecs-flex e-flex e-con e-child\" data-id=\"fce87b6\" data-element_type=\"container\" data-e-type=\"container\" data-settings=\"{&quot;ecs_container_type&quot;:&quot;flex&quot;}\">\n\t\t\t\t<div class=\"elementor-element elementor-element-ac8feb0 elementor-widget elementor-widget-image\" data-id=\"ac8feb0\" data-element_type=\"widget\" data-e-type=\"widget\" data-widget_type=\"image.default\">\n\t\t\t\t<div class=\"elementor-widget-container\">\n\t\t\t\t\t\t\t\t\t\t\t\t\t\t\t<img loading=\"lazy\" decoding=\"async\" width=\"300\" height=\"300\" src=\"https:\/\/moto-boutique-valais.ch\/wp-content\/uploads\/2023\/10\/100-Logo.png\" class=\"attachment-medium size-medium wp-image-1346\" alt=\"logo 100 percent\" srcset=\"https:\/\/moto-boutique-valais.ch\/wp-content\/uploads\/2023\/10\/100-Logo.png 300w, https:\/\/moto-boutique-valais.ch\/wp-content\/uploads\/2023\/10\/100-Logo-150x150.png 150w\" sizes=\"(max-width: 300px) 100vw, 300px\" \/>\t\t\t\t\t\t\t\t\t\t\t\t\t\t\t<\/div>\n\t\t\t\t<\/div>\n\t\t\t\t<\/div>\n\t\t<div class=\"elementor-element elementor-element-f044014 e-con-full e-ecs-flex e-flex e-con e-child\" data-id=\"f044014\" data-element_type=\"container\" data-e-type=\"container\" data-settings=\"{&quot;ecs_container_type&quot;:&quot;flex&quot;}\">\n\t\t\t\t<div class=\"elementor-element elementor-element-a553abf elementor-widget elementor-widget-heading\" data-id=\"a553abf\" data-element_type=\"widget\" data-e-type=\"widget\" data-widget_type=\"heading.default\">\n\t\t\t\t<div class=\"elementor-widget-container\">\n\t\t\t\t\t<h5 class=\"elementor-heading-title elementor-size-default\">100% terrain<\/h5>\t\t\t\t<\/div>\n\t\t\t\t<\/div>\n\t\t\t\t<div class=\"elementor-element elementor-element-b50367c elementor-widget elementor-widget-text-editor\" data-id=\"b50367c\" data-element_type=\"widget\" data-e-type=\"widget\" data-widget_type=\"text-editor.default\">\n\t\t\t\t<div class=\"elementor-widget-container\">\n\t\t\t\t\t\t\t\t\t<p>Depuis les ann\u00e9es 1980, la marque 100% repr\u00e9sente le c\u0153ur du motocross am\u00e9ricain et est devenue au fil des ans le symbole d&rsquo;un engagement total dans diff\u00e9rents types de courses comme le downhill et le BMX.<\/p>\n\t\t\t\t\t\t\t\t<\/div>\n\t\t\t\t<\/div>\n\t\t\t\t<\/div>\n\t\t\t\t\t<\/div>\n\t\t\t\t<\/div>\n\t\t<div class=\"elementor-element elementor-element-c56a1d6 e-ecs-flex e-flex e-con-boxed e-con e-child\" data-id=\"c56a1d6\" data-element_type=\"container\" data-e-type=\"container\" data-settings=\"{&quot;ecs_container_type&quot;:&quot;flex&quot;}\">\n\t\t\t\t\t<div class=\"e-con-inner\">\n\t\t<div class=\"elementor-element elementor-element-b819a1a e-con-full e-ecs-flex e-flex e-con e-child\" data-id=\"b819a1a\" data-element_type=\"container\" data-e-type=\"container\" data-settings=\"{&quot;ecs_container_type&quot;:&quot;flex&quot;}\">\n\t\t\t\t<div class=\"elementor-element elementor-element-da5eb94 elementor-widget elementor-widget-image\" data-id=\"da5eb94\" data-element_type=\"widget\" data-e-type=\"widget\" data-widget_type=\"image.default\">\n\t\t\t\t<div class=\"elementor-widget-container\">\n\t\t\t\t\t\t\t\t\t\t\t\t\t\t\t<img loading=\"lazy\" decoding=\"async\" width=\"300\" height=\"300\" src=\"https:\/\/moto-boutique-valais.ch\/wp-content\/uploads\/2023\/10\/IXS-logo.png\" class=\"attachment-medium size-medium wp-image-1048\" alt=\"logo IXS\" srcset=\"https:\/\/moto-boutique-valais.ch\/wp-content\/uploads\/2023\/10\/IXS-logo.png 300w, https:\/\/moto-boutique-valais.ch\/wp-content\/uploads\/2023\/10\/IXS-logo-150x150.png 150w\" sizes=\"(max-width: 300px) 100vw, 300px\" \/>\t\t\t\t\t\t\t\t\t\t\t\t\t\t\t<\/div>\n\t\t\t\t<\/div>\n\t\t\t\t<\/div>\n\t\t<div class=\"elementor-element elementor-element-8049adc e-con-full e-ecs-flex e-flex e-con e-child\" data-id=\"8049adc\" data-element_type=\"container\" data-e-type=\"container\" data-settings=\"{&quot;ecs_container_type&quot;:&quot;flex&quot;}\">\n\t\t\t\t<div class=\"elementor-element elementor-element-f8991b4 elementor-widget elementor-widget-heading\" data-id=\"f8991b4\" data-element_type=\"widget\" data-e-type=\"widget\" data-widget_type=\"heading.default\">\n\t\t\t\t<div class=\"elementor-widget-container\">\n\t\t\t\t\t<h5 class=\"elementor-heading-title elementor-size-default\">Terrain iXS<\/h5>\t\t\t\t<\/div>\n\t\t\t\t<\/div>\n\t\t\t\t<div class=\"elementor-element elementor-element-279a3ab elementor-widget elementor-widget-text-editor\" data-id=\"279a3ab\" data-element_type=\"widget\" data-e-type=\"widget\" data-widget_type=\"text-editor.default\">\n\t\t\t\t<div class=\"elementor-widget-container\">\n\t\t\t\t\t\t\t\t\t<p>iXS est une marque connue pour ses v\u00eatements de protection efficaces pour les motards. Ils proposent une large gamme de produits \u00e0 la fois protecteurs et \u00e9l\u00e9gants.<\/p>\n\t\t\t\t\t\t\t\t<\/div>\n\t\t\t\t<\/div>\n\t\t\t\t<\/div>\n\t\t<div class=\"elementor-element elementor-element-728d475 e-con-full e-ecs-flex e-flex e-con e-child\" data-id=\"728d475\" data-element_type=\"container\" data-e-type=\"container\" data-settings=\"{&quot;ecs_container_type&quot;:&quot;flex&quot;}\">\n\t\t\t\t<div class=\"elementor-element elementor-element-6944da7 elementor-widget elementor-widget-image\" data-id=\"6944da7\" data-element_type=\"widget\" data-e-type=\"widget\" data-widget_type=\"image.default\">\n\t\t\t\t<div class=\"elementor-widget-container\">\n\t\t\t\t\t\t\t\t\t\t\t\t\t\t\t<img loading=\"lazy\" decoding=\"async\" width=\"300\" height=\"300\" src=\"https:\/\/moto-boutique-valais.ch\/wp-content\/uploads\/2023\/10\/SCOTT-Logo.png\" class=\"attachment-medium size-medium wp-image-1044\" alt=\"logo scott\" srcset=\"https:\/\/moto-boutique-valais.ch\/wp-content\/uploads\/2023\/10\/SCOTT-Logo.png 300w, https:\/\/moto-boutique-valais.ch\/wp-content\/uploads\/2023\/10\/SCOTT-Logo-150x150.png 150w\" sizes=\"(max-width: 300px) 100vw, 300px\" \/>\t\t\t\t\t\t\t\t\t\t\t\t\t\t\t<\/div>\n\t\t\t\t<\/div>\n\t\t\t\t<\/div>\n\t\t<div class=\"elementor-element elementor-element-67e1f8f e-con-full e-ecs-flex e-flex e-con e-child\" data-id=\"67e1f8f\" data-element_type=\"container\" data-e-type=\"container\" data-settings=\"{&quot;ecs_container_type&quot;:&quot;flex&quot;}\">\n\t\t\t\t<div class=\"elementor-element elementor-element-80ee8d1 elementor-widget elementor-widget-heading\" data-id=\"80ee8d1\" data-element_type=\"widget\" data-e-type=\"widget\" data-widget_type=\"heading.default\">\n\t\t\t\t<div class=\"elementor-widget-container\">\n\t\t\t\t\t<h5 class=\"elementor-heading-title elementor-size-default\">Terrain SCOTT<\/h5>\t\t\t\t<\/div>\n\t\t\t\t<\/div>\n\t\t\t\t<div class=\"elementor-element elementor-element-01a5c7c elementor-widget elementor-widget-text-editor\" data-id=\"01a5c7c\" data-element_type=\"widget\" data-e-type=\"widget\" data-widget_type=\"text-editor.default\">\n\t\t\t\t<div class=\"elementor-widget-container\">\n\t\t\t\t\t\t\t\t\t<p>Scott ne propose pas seulement des casques de qualit\u00e9, mais aussi des exp\u00e9riences uniques pour les aventuriers. La marque est synonyme de qualit\u00e9 et de plaisir de conduire.<\/p>\n\t\t\t\t\t\t\t\t<\/div>\n\t\t\t\t<\/div>\n\t\t\t\t<\/div>\n\t\t\t\t\t<\/div>\n\t\t\t\t<\/div>\n\t\t<div class=\"elementor-element elementor-element-eeca46d e-ecs-flex e-flex e-con-boxed e-con e-child\" data-id=\"eeca46d\" data-element_type=\"container\" data-e-type=\"container\" data-settings=\"{&quot;ecs_container_type&quot;:&quot;flex&quot;}\">\n\t\t\t\t\t<div class=\"e-con-inner\">\n\t\t<div class=\"elementor-element elementor-element-9ccb54e e-con-full e-ecs-flex e-flex e-con e-child\" data-id=\"9ccb54e\" data-element_type=\"container\" data-e-type=\"container\" data-settings=\"{&quot;ecs_container_type&quot;:&quot;flex&quot;}\">\n\t\t\t\t<div class=\"elementor-element elementor-element-272ee8a elementor-widget elementor-widget-image\" data-id=\"272ee8a\" data-element_type=\"widget\" data-e-type=\"widget\" data-widget_type=\"image.default\">\n\t\t\t\t<div class=\"elementor-widget-container\">\n\t\t\t\t\t\t\t\t\t\t\t\t\t\t\t<img loading=\"lazy\" decoding=\"async\" width=\"300\" height=\"300\" src=\"https:\/\/moto-boutique-valais.ch\/wp-content\/uploads\/2023\/10\/SiDi-Logo.png\" class=\"attachment-medium size-medium wp-image-1350\" alt=\"logo SiDi\" srcset=\"https:\/\/moto-boutique-valais.ch\/wp-content\/uploads\/2023\/10\/SiDi-Logo.png 300w, https:\/\/moto-boutique-valais.ch\/wp-content\/uploads\/2023\/10\/SiDi-Logo-150x150.png 150w\" sizes=\"(max-width: 300px) 100vw, 300px\" \/>\t\t\t\t\t\t\t\t\t\t\t\t\t\t\t<\/div>\n\t\t\t\t<\/div>\n\t\t\t\t<\/div>\n\t\t<div class=\"elementor-element elementor-element-c990f0e e-con-full e-ecs-flex e-flex e-con e-child\" data-id=\"c990f0e\" data-element_type=\"container\" data-e-type=\"container\" data-settings=\"{&quot;ecs_container_type&quot;:&quot;flex&quot;}\">\n\t\t\t\t<div class=\"elementor-element elementor-element-7e78ab2 elementor-widget elementor-widget-heading\" data-id=\"7e78ab2\" data-element_type=\"widget\" data-e-type=\"widget\" data-widget_type=\"heading.default\">\n\t\t\t\t<div class=\"elementor-widget-container\">\n\t\t\t\t\t<h5 class=\"elementor-heading-title elementor-size-default\">Terrain SiDi<\/h5>\t\t\t\t<\/div>\n\t\t\t\t<\/div>\n\t\t\t\t<div class=\"elementor-element elementor-element-65e8cba elementor-widget elementor-widget-text-editor\" data-id=\"65e8cba\" data-element_type=\"widget\" data-e-type=\"widget\" data-widget_type=\"text-editor.default\">\n\t\t\t\t<div class=\"elementor-widget-container\">\n\t\t\t\t\t\t\t\t\t<p>Avec 60 ans d&rsquo;innovation et de victoires, SIDI est pass\u00e9 d&rsquo;un petit atelier de fabrication de chaussures de montagne \u00e0 un leader mondial de la chaussure de moto et de cyclisme, en mettant l&rsquo;accent sur la tradition, le confort et le design.<\/p>\n\t\t\t\t\t\t\t\t<\/div>\n\t\t\t\t<\/div>\n\t\t\t\t<\/div>\n\t\t<div class=\"elementor-element elementor-element-57e92e9 e-con-full e-ecs-flex e-flex e-con e-child\" data-id=\"57e92e9\" data-element_type=\"container\" data-e-type=\"container\" data-settings=\"{&quot;ecs_container_type&quot;:&quot;flex&quot;}\">\n\t\t\t\t<\/div>\n\t\t<div class=\"elementor-element elementor-element-610d59c e-con-full e-ecs-flex e-flex e-con e-child\" data-id=\"610d59c\" data-element_type=\"container\" data-e-type=\"container\" data-settings=\"{&quot;ecs_container_type&quot;:&quot;flex&quot;}\">\n\t\t\t\t<\/div>\n\t\t\t\t\t<\/div>\n\t\t\t\t<\/div>\n\t\t\t\t<\/div>\n\t\t\t\t<\/div>\n\t\t","protected":false},"excerpt":{"rendered":"<p>L&rsquo;\u00e9quipement Cross &amp; Trial est sp\u00e9cialement con\u00e7u pour r\u00e9pondre aux exigences \u00e9lev\u00e9es du tout-terrain et du trial. Elle offre non seulement une protection optimale, mais aussi la libert\u00e9 de mouvement indispensable dans ce sport. Des casques avec un champ de vision \u00e9largi, des bottes robustes et des gants sp\u00e9ciaux ne sont que quelques-uns des \u00e9l\u00e9ments [&hellip;]<\/p>\n","protected":false},"author":1,"featured_media":0,"parent":1894,"menu_order":0,"comment_status":"closed","ping_status":"closed","template":"elementor_theme","meta":{"itsec_x_frame_options":"","footnotes":""},"class_list":["post-1928","page","type-page","status-publish","hentry"],"_links":{"self":[{"href":"https:\/\/moto-boutique-valais.ch\/fr\/wp-json\/wp\/v2\/pages\/1928","targetHints":{"allow":["GET"]}}],"collection":[{"href":"https:\/\/moto-boutique-valais.ch\/fr\/wp-json\/wp\/v2\/pages"}],"about":[{"href":"https:\/\/moto-boutique-valais.ch\/fr\/wp-json\/wp\/v2\/types\/page"}],"author":[{"embeddable":true,"href":"https:\/\/moto-boutique-valais.ch\/fr\/wp-json\/wp\/v2\/users\/1"}],"replies":[{"embeddable":true,"href":"https:\/\/moto-boutique-valais.ch\/fr\/wp-json\/wp\/v2\/comments?post=1928"}],"version-history":[{"count":2,"href":"https:\/\/moto-boutique-valais.ch\/fr\/wp-json\/wp\/v2\/pages\/1928\/revisions"}],"predecessor-version":[{"id":2440,"href":"https:\/\/moto-boutique-valais.ch\/fr\/wp-json\/wp\/v2\/pages\/1928\/revisions\/2440"}],"up":[{"embeddable":true,"href":"https:\/\/moto-boutique-valais.ch\/fr\/wp-json\/wp\/v2\/pages\/1894"}],"wp:attachment":[{"href":"https:\/\/moto-boutique-valais.ch\/fr\/wp-json\/wp\/v2\/media?parent=1928"}],"curies":[{"name":"wp","href":"https:\/\/api.w.org\/{rel}","templated":true}]}}