{"id":2707,"date":"2023-10-17T02:14:23","date_gmt":"2023-10-17T01:14:23","guid":{"rendered":"https:\/\/moto-boutique-valais.ch\/protection-des-donnees\/"},"modified":"2026-04-17T13:01:35","modified_gmt":"2026-04-17T12:01:35","slug":"protection-des-donnees","status":"publish","type":"page","link":"https:\/\/moto-boutique-valais.ch\/fr\/protection-des-donnees\/","title":{"rendered":"Protection des donn\u00e9es"},"content":{"rendered":"\n<p>Moto-Boutique \/ V\u00eatements moto Gampel-Steg VS<br\/>Kantonsstrasse 16\/18<br\/>3940 Steg<br\/>Suisse<br\/><strong>E-mail<\/strong>: info@moto-boutique-valais.ch<\/p>\n\n<p><strong>Personnes habilit\u00e9es \u00e0 repr\u00e9senter l&rsquo;<\/strong>entreprise<br\/>Ernst D\u00e4twyler<\/p>\n\n<p><strong>Nom de l&rsquo;entreprise<\/strong>: Moto-Boutique \/ T\u00f6ff Bekleidung Gampel-Steg VS<\/p>\n\n<p><strong>Personne charg\u00e9e de la protection des donn\u00e9es :<\/strong><br\/>Ernst D\u00e4twyler<br\/>027 473 11 11<br\/>info@toeffbekleidung.ch<\/p>\n\n<p><strong>G\u00e9n\u00e9ralit\u00e9s \/ Introduction<\/strong><br\/>En vertu de l&rsquo;article 13 de la Constitution f\u00e9d\u00e9rale suisse et des dispositions f\u00e9d\u00e9rales relatives \u00e0 la protection des donn\u00e9es (loi sur la protection des donn\u00e9es, LPD), toute personne a droit \u00e0 la protection de sa vie priv\u00e9e ainsi qu&rsquo;\u00e0 la protection contre l&#8217;emploi abusif de ses donn\u00e9es personnelles. Les exploitants de ces pages prennent la protection de vos donn\u00e9es personnelles tr\u00e8s au s\u00e9rieux. Nous traitons vos donn\u00e9es personnelles de mani\u00e8re confidentielle et conform\u00e9ment aux dispositions l\u00e9gales en mati\u00e8re de protection des donn\u00e9es et \u00e0 la pr\u00e9sente d\u00e9claration de confidentialit\u00e9.  <\/p>\n\n<p>En collaboration avec nos h\u00e9bergeurs, nous nous effor\u00e7ons de prot\u00e9ger autant que possible les bases de donn\u00e9es contre tout acc\u00e8s non autoris\u00e9, toute perte, tout abus ou toute falsification.<\/p>\n\n<p>Nous attirons votre attention sur le fait que la transmission de donn\u00e9es sur Internet (par ex. lors de la communication par e-mail) peut pr\u00e9senter des failles de s\u00e9curit\u00e9. Une protection compl\u00e8te des donn\u00e9es contre l&rsquo;acc\u00e8s par des tiers n&rsquo;est pas possible. <\/p>\n\n<p>En utilisant ce site web, vous acceptez la collecte, le traitement et l&rsquo;utilisation des donn\u00e9es conform\u00e9ment \u00e0 la description ci-dessous. Ce site web peut en principe \u00eatre visit\u00e9 sans enregistrement. Les donn\u00e9es telles que les pages consult\u00e9es ou les noms des fichiers appel\u00e9s, la date et l&rsquo;heure sont enregistr\u00e9es sur le serveur \u00e0 des fins statistiques, sans que ces donn\u00e9es soient directement li\u00e9es \u00e0 votre personne. Dans la mesure o\u00f9 des donn\u00e9es personnelles (par exemple nom, adresse ou adresse e-mail) sont collect\u00e9es sur nos pages, elles le sont toujours, dans la mesure du possible, sur une base volontaire. Ces donn\u00e9es ne sont pas transmises \u00e0 des tiers sans votre accord explicite.    <\/p>\n\n<p><strong>Traitement des donn\u00e9es \u00e0 caract\u00e8re personnel<\/strong><br\/>Les donn\u00e9es \u00e0 caract\u00e8re personnel sont toutes les informations qui se rapportent \u00e0 une personne identifi\u00e9e ou identifiable. Une personne concern\u00e9e est une personne au sujet de laquelle des donn\u00e9es \u00e0 caract\u00e8re personnel sont trait\u00e9es. Le traitement comprend toute manipulation de donn\u00e9es \u00e0 caract\u00e8re personnel, quels que soient les moyens et proc\u00e9dures utilis\u00e9s, notamment l&rsquo;enregistrement, la communication, l&rsquo;obtention, l&rsquo;effacement, la conservation, la modification, la destruction et l&rsquo;utilisation de donn\u00e9es \u00e0 caract\u00e8re personnel.  <\/p>\n\n<p>Nous traitons les donn\u00e9es personnelles conform\u00e9ment \u00e0 la l\u00e9gislation suisse sur la protection des donn\u00e9es. Si et dans la mesure o\u00f9 le RGPD de l&rsquo;UE est applicable, nous traitons en outre les donn\u00e9es \u00e0 caract\u00e8re personnel sur les bases juridiques suivantes en relation avec l&rsquo;article 6 (1) du GDPR :<br\/>let. a) Traitement des donn\u00e9es \u00e0 caract\u00e8re personnel avec le consentement de la personne concern\u00e9e.<br\/>let. b) Traitement des donn\u00e9es \u00e0 caract\u00e8re personnel pour l&rsquo;ex\u00e9cution d&rsquo;un contrat avec la personne concern\u00e9e ainsi que pour l&rsquo;ex\u00e9cution de mesures pr\u00e9contractuelles correspondantes.<br\/>let. c) Traitement des donn\u00e9es \u00e0 caract\u00e8re personnel pour satisfaire \u00e0 une obligation l\u00e9gale \u00e0 laquelle nous sommes soumis en vertu du droit en vigueur dans l&rsquo;UE ou du droit en vigueur dans un pays o\u00f9 le GDPR est applicable en tout ou en partie.<br\/>let. d) Traitement des donn\u00e9es \u00e0 caract\u00e8re personnel pour sauvegarder les int\u00e9r\u00eats vitaux de la personne concern\u00e9e ou d&rsquo;une autre personne physique.<br\/>let. f) Traitement des donn\u00e9es \u00e0 caract\u00e8re personnel pour sauvegarder nos int\u00e9r\u00eats l\u00e9gitimes ou ceux de tiers, \u00e0 moins que les libert\u00e9s fondamentales et les droits et int\u00e9r\u00eats de la personne concern\u00e9e ne pr\u00e9valent. Les int\u00e9r\u00eats l\u00e9gitimes comprennent notamment notre int\u00e9r\u00eat commercial \u00e0 pouvoir fournir notre site web, la s\u00e9curit\u00e9 des informations, l&rsquo;application de nos propres droits juridiques et le respect du droit suisse.       <\/p>\n\n<p>Nous traitons les donn\u00e9es \u00e0 caract\u00e8re personnel pendant la dur\u00e9e n\u00e9cessaire \u00e0 la ou aux finalit\u00e9s concern\u00e9es. En cas d&rsquo;obligation de conservation \u00e0 plus long terme en raison d&rsquo;obligations l\u00e9gales ou autres auxquelles nous sommes soumis, nous limitons le traitement en cons\u00e9quence. <\/p>\n\n<p><strong>Cookies<\/strong><br\/>Ce site utilise des cookies. Il s&rsquo;agit de petits fichiers texte qui permettent de stocker des informations sp\u00e9cifiques \u00e0 l&rsquo;utilisateur sur son terminal pendant qu&rsquo;il utilise le site. Les cookies permettent notamment de d\u00e9terminer la fr\u00e9quence d&rsquo;utilisation et le nombre d&rsquo;utilisateurs des pages, d&rsquo;analyser les mod\u00e8les de comportement de l&rsquo;utilisation des pages, mais aussi de concevoir notre offre de mani\u00e8re plus conviviale. Les cookies restent stock\u00e9s au-del\u00e0 de la fin d&rsquo;une session de navigation et peuvent \u00eatre r\u00e9cup\u00e9r\u00e9s lors d&rsquo;une nouvelle visite du site. Si vous ne le souhaitez pas, vous devez configurer votre navigateur Internet pour qu&rsquo;il refuse les cookies.    <\/p>\n\n<p>Une opposition g\u00e9n\u00e9rale \u00e0 l&rsquo;utilisation de cookies \u00e0 des fins de marketing en ligne peut \u00eatre d\u00e9clar\u00e9e pour un grand nombre de services, en particulier pour le suivi, via le site am\u00e9ricain http:\/\/www.aboutads.info\/choices\/ ou le site de l&rsquo;UE http:\/\/www.youronlinechoices.com\/. En outre, le stockage des cookies peut \u00eatre obtenu en les d\u00e9sactivant dans les param\u00e8tres du navigateur. Veuillez noter que dans ce cas, toutes les fonctions de cette offre en ligne ne pourront pas \u00eatre utilis\u00e9es.  <\/p>\n\n<p><strong>Avec cryptage SSL\/TLS<\/strong><br\/>Pour des raisons de s\u00e9curit\u00e9 et pour prot\u00e9ger la transmission de contenus confidentiels, tels que les demandes que vous nous envoyez en tant qu&rsquo;exploitant du site, ce site utilise un cryptage SSL\/TLS. Vous pouvez reconna\u00eetre une connexion crypt\u00e9e au fait que la ligne d&rsquo;adresse du navigateur passe de \u00ab\u00a0http:\/\/\u00a0\u00bb \u00e0 \u00ab\u00a0https:\/\/\u00a0\u00bb et au symbole du cadenas dans la ligne de votre navigateur. <\/p>\n\n<p>Si le cryptage SSL ou TLS est activ\u00e9, les donn\u00e9es que vous nous transmettez ne peuvent pas \u00eatre lues par des tiers.<\/p>\n\n<p><strong>Fichiers journaux du serveur<\/strong><br\/>Le fournisseur de ce site Internet collecte et enregistre automatiquement des informations dans des fichiers journaux du serveur que votre navigateur nous transmet automatiquement. Il s&rsquo;agit de :<br\/>Type et version du navigateur<br\/>Syst\u00e8me d&rsquo;exploitation utilis\u00e9<br\/>Referrer URL<br\/>Nom d&rsquo;h\u00f4te de l&rsquo;ordinateur acc\u00e9dant<br\/>Heure de la demande du serveur <\/p>\n\n<p>Ces donn\u00e9es ne peuvent pas \u00eatre attribu\u00e9es \u00e0 des personnes sp\u00e9cifiques. Nous n&rsquo;effectuons pas de recoupement de ces donn\u00e9es avec d&rsquo;autres sources de donn\u00e9es. Nous nous r\u00e9servons le droit de v\u00e9rifier ces donn\u00e9es ult\u00e9rieurement si nous avons connaissance d&rsquo;indices concrets d&rsquo;une utilisation ill\u00e9gale.  <\/p>\n\n<p><strong>Formulaire de contact<\/strong><br\/>Si vous nous envoyez des demandes par le biais du formulaire de contact, les informations que vous avez fournies dans le formulaire de demande, y compris les donn\u00e9es de contact que vous y avez indiqu\u00e9es, seront stock\u00e9es chez nous \u00e0 des fins de traitement de la demande et en cas de questions de suivi. Nous ne transmettons pas ces donn\u00e9es sans votre consentement. <\/p>\n\n<p><strong>Newsletter<\/strong><br\/>Si vous souhaitez recevoir la newsletter propos\u00e9e sur le site (par e-mail et ou SMS), nous avons besoin d&rsquo;un num\u00e9ro de t\u00e9l\u00e9phone portable, d&rsquo;une adresse e-mail et d&rsquo;informations nous permettant de v\u00e9rifier que vous \u00eates bien le propri\u00e9taire de l&rsquo;adresse e-mail indiqu\u00e9e et que vous acceptez de recevoir la newsletter. Nous ne collectons pas d&rsquo;autres donn\u00e9es. Nous utilisons ces donn\u00e9es exclusivement pour l&rsquo;envoi des informations demand\u00e9es et ne les transmettons pas \u00e0 des tiers.<br\/>Apr\u00e8s avoir donn\u00e9 votre consentement \u00e0 l&rsquo;enregistrement des donn\u00e9es, de l&rsquo;adresse e-mail et de leur utilisation pour l&rsquo;envoi de la newsletter, vous pouvez le r\u00e9voquer \u00e0 tout moment, par exemple en cliquant sur le \u00ab\u00a0lien de d\u00e9sinscription\u00a0\u00bb dans la newsletter ou en utilisant la fonction \u00ab\u00a0stop\u00a0\u00bb dans le SMS.  <\/p>\n\n<p><strong>Droits d&rsquo;auteur<\/strong><br\/>Les droits d&rsquo;auteur et tous les autres droits li\u00e9s aux contenus, images, photos ou autres fichiers figurant sur le site Internet appartiennent exclusivement \u00e0 l&rsquo;exploitant de ce site Internet ou aux titulaires de droits nomm\u00e9ment cit\u00e9s. Pour la reproduction de tous les fichiers, il est n\u00e9cessaire d&rsquo;obtenir au pr\u00e9alable l&rsquo;autorisation \u00e9crite des d\u00e9tenteurs des droits d&rsquo;auteur.<br\/>Toute personne commettant une infraction aux droits d&rsquo;auteur sans l&rsquo;autorisation des d\u00e9tenteurs des droits d&rsquo;auteur concern\u00e9s peut \u00eatre punie par la loi et, dans certaines circonstances, faire l&rsquo;objet d&rsquo;une demande de dommages et int\u00e9r\u00eats. <\/p>\n\n<p><strong>Clause de non-responsabilit\u00e9<\/strong><br\/>Toutes les informations figurant sur notre site Internet ont \u00e9t\u00e9 soigneusement v\u00e9rifi\u00e9es. Nous nous effor\u00e7ons de veiller \u00e0 ce que les informations que nous fournissons soient actuelles, correctes et compl\u00e8tes. Toutefois, l&rsquo;apparition d&rsquo;erreurs ne peut pas \u00eatre totalement exclue, de sorte que nous ne pouvons pas garantir l&rsquo;exhaustivit\u00e9, l&rsquo;exactitude et l&rsquo;actualit\u00e9 des informations, y compris celles de nature journalistique et \u00e9ditoriale. Nous d\u00e9clinons toute responsabilit\u00e9 en cas de dommages mat\u00e9riels ou immat\u00e9riels caus\u00e9s par l&rsquo;utilisation ou la non-utilisation des informations pr\u00e9sent\u00e9es ou par l&rsquo;utilisation d&rsquo;informations erron\u00e9es ou incompl\u00e8tes.<br\/>L&rsquo;\u00e9diteur peut modifier ou supprimer des textes \u00e0 sa discr\u00e9tion et sans pr\u00e9avis et n&rsquo;est pas tenu de mettre \u00e0 jour le contenu de ce site. L&rsquo;utilisation de ce site web ou l&rsquo;acc\u00e8s \u00e0 celui-ci se fait aux risques et p\u00e9rils du visiteur. L&rsquo;\u00e9diteur, ses clients ou partenaires ne sont pas responsables des dommages, tels que les dommages directs, indirects, accidentels ou cons\u00e9cutifs, pr\u00e9tendument caus\u00e9s par la visite de ce site web et n&rsquo;assument par cons\u00e9quent aucune responsabilit\u00e9 pour de tels dommages.<br\/>L&rsquo;\u00e9diteur n&rsquo;assume pas non plus de responsabilit\u00e9 ou d&rsquo;obligation pour le contenu et la disponibilit\u00e9 de sites web de tiers accessibles par des liens externes \u00e0 partir de ce site web. Seuls les exploitants de ces sites sont responsables de leur contenu. L&rsquo;\u00e9diteur se distancie donc express\u00e9ment de tous les contenus \u00e9trangers qui pourraient \u00e9ventuellement relever du droit p\u00e9nal ou de la responsabilit\u00e9 civile ou qui pourraient \u00eatre contraires aux bonnes m\u0153urs.       <\/p>\n\n<p><strong>Google Maps<\/strong><br\/>Ce site utilise l&rsquo;offre de Google Maps. Cela nous permet d&rsquo;afficher des cartes interactives directement sur le site Web et de vous permettre d&rsquo;utiliser confortablement la fonction de carte. En visitant le site Web, Google est inform\u00e9 que vous avez consult\u00e9 la sous-page correspondante de notre site Web. Cela se produit ind\u00e9pendamment du fait que Google mette \u00e0 disposition un compte d&rsquo;utilisateur avec lequel vous \u00eates connect\u00e9 ou qu&rsquo;il n&rsquo;y ait pas de compte d&rsquo;utilisateur. Si vous \u00eates connect\u00e9 \u00e0 Google, vos donn\u00e9es seront directement associ\u00e9es \u00e0 votre compte. Si vous ne souhaitez pas que le bouton soit associ\u00e9 \u00e0 votre profil Google, vous devez vous d\u00e9connecter avant de l&rsquo;activer. Google enregistre vos donn\u00e9es en tant que profils d&rsquo;utilisation et les utilise \u00e0 des fins de publicit\u00e9, d&rsquo;\u00e9tude de march\u00e9 et\/ou de conception de son site Web en fonction des besoins. Une telle \u00e9valuation a lieu en particulier (\u00e9galement pour les utilisateurs non connect\u00e9s) pour fournir une publicit\u00e9 adapt\u00e9e aux besoins et pour informer les autres utilisateurs du r\u00e9seau social de vos activit\u00e9s sur notre site Web. Vous avez le droit de vous opposer \u00e0 la cr\u00e9ation de ces profils d&rsquo;utilisateurs, auquel cas vous devez contacter Google pour exercer ce droit. Pour plus d&rsquo;informations sur l&rsquo;objectif et l&rsquo;\u00e9tendue de la collecte et du traitement des donn\u00e9es par Google, ainsi que pour plus d&rsquo;informations sur vos droits \u00e0 cet \u00e9gard et sur les options de configuration pour la protection de votre vie priv\u00e9e, veuillez consulter : www.google.de\/intl\/de\/policies\/privacy.         <\/p>\n\n<p><strong>Google reCAPTCHA<\/strong><br\/>Ce site utilise le service reCAPTCHA de Google Ireland Limited (Gordon House, Barrow Street Dublin 4, Irlande \u00ab\u00a0Google\u00a0\u00bb). La requ\u00eate sert \u00e0 distinguer si la saisie est effectu\u00e9e par un \u00eatre humain ou par un traitement automatis\u00e9 par une machine. La requ\u00eate implique la transmission \u00e0 Google de l&rsquo;adresse IP et, le cas \u00e9ch\u00e9ant, d&rsquo;autres donn\u00e9es requises par Google pour le service reCAPTCHA. \u00c0 cette fin, votre saisie sera transmise \u00e0 Google qui l&rsquo;utilisera. Votre adresse IP sera cependant pr\u00e9alablement abr\u00e9g\u00e9e par Google dans les \u00c9tats membres de l&rsquo;Union europ\u00e9enne ou dans d&rsquo;autres \u00c9tats signataires de l&rsquo;accord sur l&rsquo;Espace \u00e9conomique europ\u00e9en. Ce n&rsquo;est que dans des cas exceptionnels que l&rsquo;adresse IP compl\u00e8te est transmise \u00e0 un serveur de Google aux \u00c9tats-Unis et y est abr\u00e9g\u00e9e. Google utilisera ces informations pour le compte de l&rsquo;exploitant de ce site web afin d&rsquo;\u00e9valuer votre utilisation de ce service. L&rsquo;adresse IP transmise par votre navigateur dans le cadre de reCaptcha ne sera pas fusionn\u00e9e avec d&rsquo;autres donn\u00e9es de Google. Vos donn\u00e9es peuvent \u00e9galement \u00eatre transf\u00e9r\u00e9es aux \u00c9tats-Unis. Pour les transferts de donn\u00e9es vers les \u00c9tats-Unis, il existe une d\u00e9cision d&rsquo;ad\u00e9quation de la Commission europ\u00e9enne, le \u00ab\u00a0Privacy Shield\u00a0\u00bb. Google participe au \u00ab\u00a0Privacy Shield\u00a0\u00bb et s&rsquo;est soumis \u00e0 ses exigences. En cliquant sur la requ\u00eate, vous acceptez le traitement de vos donn\u00e9es. Le traitement est effectu\u00e9 sur la base de l&rsquo;article 6 (1) lettre a du RGPD avec votre consentement. Vous pouvez retirer votre consentement \u00e0 tout moment, sans que cela n&rsquo;affecte la l\u00e9galit\u00e9 du traitement effectu\u00e9 sur la base de votre consentement jusqu&rsquo;au retrait de celui-ci.<br\/>Pour plus d&rsquo;informations sur Google reCAPTCHA et ses r\u00e8gles de confidentialit\u00e9, consultez : https:\/\/policies.google.com\/privacy?hl=de              <\/p>\n\n<p><strong>Google Analytics<\/strong><br\/>Ce site utilise Google Analytics, un service d&rsquo;analyse web fourni par Google Ireland Limited. Si le responsable du traitement des donn\u00e9es sur ce site est situ\u00e9 en dehors de l&rsquo;Espace \u00e9conomique europ\u00e9en ou de la Suisse, le traitement des donn\u00e9es de Google Analytics est effectu\u00e9 par Google LLC. Google LLC et Google Ireland Limited sont d\u00e9sign\u00e9s ci-apr\u00e8s par le terme \u00ab\u00a0Google\u00a0\u00bb.<br\/>Les statistiques obtenues nous permettent d&rsquo;am\u00e9liorer notre offre et de la rendre plus int\u00e9ressante pour vous en tant qu&rsquo;utilisateur. Ce site utilise \u00e9galement Google Analytics pour une analyse des flux de visiteurs sur tous les appareils, via un identifiant utilisateur. Si vous disposez d&rsquo;un compte utilisateur Google, vous pouvez d\u00e9sactiver l&rsquo;analyse de votre utilisation sur plusieurs appareils dans les param\u00e8tres de ce compte sous \u00ab\u00a0Mes donn\u00e9es\u00a0\u00bb, \u00ab\u00a0Donn\u00e9es personnelles\u00a0\u00bb.<br\/>La base juridique de l&rsquo;utilisation de Google Analytics est l&rsquo;article 6, paragraphe 1, phrase 1, point f du RGPD. L&rsquo;adresse IP transmise par votre navigateur dans le cadre de Google Analytics n&rsquo;est pas recoup\u00e9e avec d&rsquo;autres donn\u00e9es de Google. Nous attirons votre attention sur le fait que sur ce site, Google Analytics a \u00e9t\u00e9 compl\u00e9t\u00e9 par le code \u00ab\u00a0_anonymizeIp() ;\u00a0\u00bb afin de garantir une saisie anonyme des adresses IP. Cela signifie que les adresses IP sont trait\u00e9es sous une forme abr\u00e9g\u00e9e, de sorte qu&rsquo;elles ne peuvent pas \u00eatre associ\u00e9es \u00e0 une personne sp\u00e9cifique. Si les donn\u00e9es collect\u00e9es sur vous peuvent \u00eatre attribu\u00e9es \u00e0 une personne, cela est imm\u00e9diatement exclu et les donn\u00e9es personnelles sont imm\u00e9diatement supprim\u00e9es.<br\/>sauf dans des cas exceptionnels, l&rsquo;adresse IP compl\u00e8te est transmise \u00e0 un serveur de Google aux \u00c9tats-Unis et y est raccourcie. Google utilisera ces informations pour le compte de l&rsquo;exploitant de ce site web afin d&rsquo;\u00e9valuer votre utilisation du site web, de compiler des rapports sur les activit\u00e9s du site web et de fournir \u00e0 l&rsquo;exploitant du site web d&rsquo;autres services li\u00e9s \u00e0 l&rsquo;utilisation du site web et d&rsquo;Internet. Pour les cas exceptionnels o\u00f9 les donn\u00e9es personnelles sont transf\u00e9r\u00e9es aux \u00c9tats-Unis, Google s&rsquo;est soumis au Privacy Shield UE-US, https:\/\/www.privacyshield.gov\/EU-US-Framework.<br\/>Google Analytics utilise des cookies. Les informations g\u00e9n\u00e9r\u00e9es par le cookie concernant votre utilisation de ce site Web sont g\u00e9n\u00e9ralement transmises \u00e0 un serveur de Google aux \u00c9tats-Unis et y sont stock\u00e9es. Vous pouvez emp\u00eacher l&rsquo;enregistrement des cookies en param\u00e9trant votre logiciel de navigation en cons\u00e9quence ; nous attirons toutefois votre attention sur le fait que, dans ce cas, vous ne pourrez peut-\u00eatre pas utiliser toutes les fonctions de ce site web dans leur int\u00e9gralit\u00e9. Vous pouvez en outre emp\u00eacher la saisie par Google des donn\u00e9es g\u00e9n\u00e9r\u00e9es par le cookie et relatives \u00e0 votre utilisation du site web (y compris votre adresse IP) ainsi que le traitement de ces donn\u00e9es par Google en t\u00e9l\u00e9chargeant et en installant le plug-in de navigateur disponible sous le lien suivant : D\u00e9sactiver Google Analytics.<br\/>En outre, vous pouvez \u00e9galement emp\u00eacher l&rsquo;utilisation de Google Analytics en cliquant sur ce lien : D\u00e9sactiver Google Analytics. Un cookie opt-out sera alors enregistr\u00e9 sur votre disque dur et emp\u00eachera le traitement de vos donn\u00e9es personnelles par Google Analytics.                 Veuillez noter que si vous supprimez tous les cookies de votre terminal, ces cookies opt-out seront \u00e9galement supprim\u00e9s, ce qui signifie que vous devrez \u00e0 nouveau d\u00e9finir les cookies opt-out si vous souhaitez continuer \u00e0 emp\u00eacher cette forme de collecte de donn\u00e9es. Les cookies opt-out sont plac\u00e9s par navigateur et par ordinateur\/terminal et doivent donc \u00eatre activ\u00e9s s\u00e9par\u00e9ment pour chaque navigateur, ordinateur ou autre terminal. <\/p>\n\n<p><strong>Google WebFonts<\/strong><br\/>Ce site utilise des polices Web fournies par Google pour l&rsquo;affichage uniforme des polices. Lorsque vous consultez une page, votre navigateur charge les polices Web requises dans le cache de son navigateur afin d&rsquo;afficher correctement les textes et les polices. Si votre navigateur ne prend pas en charge les polices Web, une police standard est utilis\u00e9e par votre ordinateur.<br\/>Pour plus d&rsquo;informations sur les polices Web de Google, consultez le site https:\/\/developers.google.com\/fonts\/faq et les r\u00e8gles de confidentialit\u00e9 de Google : https:\/\/www.google.com\/policies\/privacy\/  <\/p>\n\n<p><strong>Google TagManager<\/strong><br\/>Le Google Tag Manager est une solution qui nous permet de g\u00e9rer, via une interface, ce que l&rsquo;on appelle les tags de site web et d&rsquo;int\u00e9grer ainsi, par exemple, Google Analytics et d&rsquo;autres services de marketing Google dans notre offre en ligne. Le gestionnaire de balises lui-m\u00eame, qui met en \u0153uvre les balises, ne traite pas les donn\u00e9es personnelles des utilisateurs. En ce qui concerne le traitement des donn\u00e9es \u00e0 caract\u00e8re personnel des utilisateurs, nous vous renvoyons aux informations suivantes sur les services Google. Politique d&rsquo;utilisation : https:\/\/www.google.com\/intl\/de\/tagmanager\/use-policy.html.   <\/p>\n\n<p><strong>Transfert de donn\u00e9es vers les \u00c9tats-Unis<\/strong><br\/>Notre site web int\u00e8gre, entre autres, des outils de soci\u00e9t\u00e9s bas\u00e9es aux \u00c9tats-Unis. Lorsque ces outils sont actifs, vos donn\u00e9es personnelles peuvent \u00eatre transf\u00e9r\u00e9es vers les serveurs am\u00e9ricains des entreprises concern\u00e9es. Nous attirons votre attention sur le fait que les \u00c9tats-Unis ne sont pas un pays tiers s\u00fbr au sens de la l\u00e9gislation europ\u00e9enne sur la protection des donn\u00e9es. Les entreprises am\u00e9ricaines sont tenues de fournir des donn\u00e9es \u00e0 caract\u00e8re personnel aux autorit\u00e9s de s\u00e9curit\u00e9 sans que vous puissiez, en tant que personne concern\u00e9e, engager une action en justice. Il ne peut donc pas \u00eatre exclu que les autorit\u00e9s am\u00e9ricaines (par ex. les services secrets) traitent, \u00e9valuent et stockent durablement vos donn\u00e9es se trouvant sur des serveurs am\u00e9ricains \u00e0 des fins de surveillance. Nous n&rsquo;avons aucune influence sur ces op\u00e9rations de traitement.     <\/p>\n\n<p><strong>Modifications<\/strong><br\/>Nous pouvons modifier la pr\u00e9sente politique de confidentialit\u00e9 \u00e0 tout moment et sans pr\u00e9avis. La version en vigueur publi\u00e9e sur notre site web s&rsquo;applique. Si la politique de confidentialit\u00e9 fait partie d&rsquo;un accord avec vous, nous vous informerons de la modification par e-mail ou par tout autre moyen appropri\u00e9 en cas de mise \u00e0 jour.  <\/p>\n\n<p><strong>Clause de non-responsabilit\u00e9<\/strong><br\/>L&rsquo;auteur ne garantit pas la v\u00e9racit\u00e9, l&rsquo;exactitude, l&rsquo;actualit\u00e9, la fiabilit\u00e9 et l&rsquo;exhaustivit\u00e9 des informations.<br\/>L&rsquo;auteur ne saurait \u00eatre tenu responsable des dommages mat\u00e9riels ou immat\u00e9riels qui pourraient \u00eatre caus\u00e9s par l&rsquo;acc\u00e8s aux informations diffus\u00e9es ou par leur utilisation ou non-utilisation, par le mauvais usage de la connexion ou par des probl\u00e8mes techniques.<\/p>\n\n<p>Toutes les offres sont sans engagement. L&rsquo;auteur se r\u00e9serve express\u00e9ment le droit de modifier, de compl\u00e9ter ou de supprimer des parties de pages ou l&rsquo;ensemble de l&rsquo;offre sans avis pr\u00e9alable, ou d&rsquo;en suspendre temporairement ou d\u00e9finitivement la publication. <\/p>\n\n<p><strong>Source<\/strong>: <a href=\"https:\/\/brainbox.swiss\/\">BrainBox Solutions<\/a><\/p>\n","protected":false},"excerpt":{"rendered":"<p>Moto-Boutique \/ V\u00eatements moto Gampel-Steg VSKantonsstrasse 16\/183940 StegSuisseE-mail: info@moto-boutique-valais.ch Personnes habilit\u00e9es \u00e0 repr\u00e9senter l&rsquo;entrepriseErnst D\u00e4twyler Nom de l&rsquo;entreprise: Moto-Boutique \/ T\u00f6ff Bekleidung Gampel-Steg VS Personne charg\u00e9e de la protection des donn\u00e9es :Ernst D\u00e4twyler027 473 11 11info@toeffbekleidung.ch G\u00e9n\u00e9ralit\u00e9s \/ IntroductionEn vertu de l&rsquo;article 13 de la Constitution f\u00e9d\u00e9rale suisse et des dispositions f\u00e9d\u00e9rales relatives \u00e0 la [&hellip;]<\/p>\n","protected":false},"author":1,"featured_media":0,"parent":0,"menu_order":0,"comment_status":"closed","ping_status":"closed","template":"","meta":{"itsec_x_frame_options":"","footnotes":""},"class_list":["post-2707","page","type-page","status-publish","hentry"],"_links":{"self":[{"href":"https:\/\/moto-boutique-valais.ch\/fr\/wp-json\/wp\/v2\/pages\/2707","targetHints":{"allow":["GET"]}}],"collection":[{"href":"https:\/\/moto-boutique-valais.ch\/fr\/wp-json\/wp\/v2\/pages"}],"about":[{"href":"https:\/\/moto-boutique-valais.ch\/fr\/wp-json\/wp\/v2\/types\/page"}],"author":[{"embeddable":true,"href":"https:\/\/moto-boutique-valais.ch\/fr\/wp-json\/wp\/v2\/users\/1"}],"replies":[{"embeddable":true,"href":"https:\/\/moto-boutique-valais.ch\/fr\/wp-json\/wp\/v2\/comments?post=2707"}],"version-history":[{"count":1,"href":"https:\/\/moto-boutique-valais.ch\/fr\/wp-json\/wp\/v2\/pages\/2707\/revisions"}],"predecessor-version":[{"id":2708,"href":"https:\/\/moto-boutique-valais.ch\/fr\/wp-json\/wp\/v2\/pages\/2707\/revisions\/2708"}],"wp:attachment":[{"href":"https:\/\/moto-boutique-valais.ch\/fr\/wp-json\/wp\/v2\/media?parent=2707"}],"curies":[{"name":"wp","href":"https:\/\/api.w.org\/{rel}","templated":true}]}}