{"id":2002,"date":"2023-11-13T17:02:41","date_gmt":"2023-11-13T16:02:41","guid":{"rendered":"https:\/\/www.moto-boutique-valais.ch\/auricolare-bluetooth-ucom6r\/"},"modified":"2023-12-11T16:29:50","modified_gmt":"2023-12-11T15:29:50","slug":"auricolare-bluetooth-ucom6r","status":"publish","type":"page","link":"https:\/\/moto-boutique-valais.ch\/it\/cuffie-per-motociclisti\/auricolare-bluetooth-ucom6r\/","title":{"rendered":"AURICOLARE BLUETOOTH UCOM6R"},"content":{"rendered":"\t\t<div data-elementor-type=\"wp-page\" data-elementor-id=\"2002\" class=\"elementor elementor-2002 elementor-1528\" data-elementor-post-type=\"page\">\n\t\t\t\t<div class=\"elementor-element elementor-element-693d28e8 e-con-full e-flex e-con e-parent\" data-id=\"693d28e8\" data-element_type=\"container\" data-e-type=\"container\" data-settings=\"{&quot;background_background&quot;:&quot;classic&quot;}\">\n\t\t<div class=\"elementor-element elementor-element-4cf7c1cb e-con-full e-flex e-con e-child\" data-id=\"4cf7c1cb\" data-element_type=\"container\" data-e-type=\"container\">\n\t\t\t\t<div class=\"elementor-element elementor-element-7255c21a elementor-invisible elementor-widget elementor-widget-text-editor\" data-id=\"7255c21a\" data-element_type=\"widget\" data-e-type=\"widget\" data-settings=\"{&quot;_animation&quot;:&quot;fadeIn&quot;,&quot;_animation_delay&quot;:200}\" data-widget_type=\"text-editor.default\">\n\t\t\t\t<div class=\"elementor-widget-container\">\n\t\t\t\t\t\t\t\t\t<p>2 persone (pilota+passeggero o pilota su un&#8217;altra moto fino a 1 km di distanza)<\/p>\n\t\t\t\t\t\t\t\t<\/div>\n\t\t\t\t<\/div>\n\t\t\t\t<div class=\"elementor-element elementor-element-bbcfe9f elementor-widget elementor-widget-text-editor\" data-id=\"bbcfe9f\" data-element_type=\"widget\" data-e-type=\"widget\" data-widget_type=\"text-editor.default\">\n\t\t\t\t<div class=\"elementor-widget-container\">\n\t\t\t\t\t\t\t\t\t<p>Entrambi i pacchetti includono l&#8217;attrezzatura microfonica per caschi jet aperti, caschi flip-up e caschi integrali!<\/p>\n<p>U-com 6R \u00e8 il sistema interfono dotato di tecnologia Bluetooth 5.2, perfetto per la comunicazione bidirezionale: sia tra pilota e passeggero che da moto a moto fino a una distanza massima di 1 km. La piena compatibilit\u00e0 con tutti i sistemi Sena, TFT, GPS e OEM dei principali produttori di caschi sul mercato lo rende il compagno perfetto per le avventure. U-com 6R offre anche prestazioni audio molto elevate grazie ai nuovi altoparlanti HD da 32 mm per bassi profondi e avvolgenti durante l&#8217;ascolto delle playlist preferite, anche in sottofondo durante una conversazione. Cos\u00ec come le prestazioni audio, anche la batteria offre prestazioni di alto livello: ben 15 ore in modalit\u00e0 interfono! Un&#8217;altra caratteristica speciale di questo modello \u00e8 la sua completa rimovibilit\u00e0. Grazie alle staffe in dotazione (adesive o a morsetto), \u00e8 possibile fissarlo a tutti i caschi preferiti in pochi semplici passaggi. Inoltre, il design a pi\u00f9 tasti garantisce la massima facilit\u00e0 d&#8217;uso anche quando si indossano i guanti.<\/p>\n\t\t\t\t\t\t\t\t<\/div>\n\t\t\t\t<\/div>\n\t\t\t\t<div class=\"elementor-element elementor-element-58fd58c elementor-widget elementor-widget-text-editor\" data-id=\"58fd58c\" data-element_type=\"widget\" data-e-type=\"widget\" data-widget_type=\"text-editor.default\">\n\t\t\t\t<div class=\"elementor-widget-container\">\n\t\t\t\t\t\t\t\t\t<p>L&#8217;<strong>installazione<\/strong> del dispositivo nel casco non dovrebbe essere un problema per le persone con conoscenze tecniche. Sono disponibili video esplicativi. Ma se volete che lo installiamo per voi, non c&#8217;\u00e8 problema: possiamo costruirlo per voi. 100 per casco e lo imposter\u00e0 e configurer\u00e0 insieme a voi!<\/p>\n\t\t\t\t\t\t\t\t<\/div>\n\t\t\t\t<\/div>\n\t\t\t\t<div class=\"elementor-element elementor-element-a3d6567 elementor-widget elementor-widget-heading\" data-id=\"a3d6567\" data-element_type=\"widget\" data-e-type=\"widget\" data-widget_type=\"heading.default\">\n\t\t\t\t<div class=\"elementor-widget-container\">\n\t\t\t\t\t<h3 class=\"elementor-heading-title elementor-size-default\">Prezzi<\/h3>\t\t\t\t<\/div>\n\t\t\t\t<\/div>\n\t\t\t\t<div class=\"elementor-element elementor-element-8f4fbcf elementor-widget elementor-widget-text-editor\" data-id=\"8f4fbcf\" data-element_type=\"widget\" data-e-type=\"widget\" data-widget_type=\"text-editor.default\">\n\t\t\t\t<div class=\"elementor-widget-container\">\n\t\t\t\t\t\t\t\t\t<ul>\n<li>CUFFIA BLUETOOTH UCOM6R TWIN PACK (per 2 caschi) fr. 309.-<\/li>\n<li>CUFFIA BLUETOOTH UCOM6R (per 1 casco) Fr. 179.-<\/li>\n<\/ul>\n<div> <\/div>\n\t\t\t\t\t\t\t\t<\/div>\n\t\t\t\t<\/div>\n\t\t\t\t<\/div>\n\t\t<div class=\"elementor-element elementor-element-71e2a63d e-con-full e-flex e-con e-child\" data-id=\"71e2a63d\" data-element_type=\"container\" data-e-type=\"container\" data-settings=\"{&quot;background_background&quot;:&quot;classic&quot;}\">\n\t\t\t\t<div class=\"elementor-element elementor-element-741697df elementor-invisible elementor-widget elementor-widget-image\" data-id=\"741697df\" data-element_type=\"widget\" data-e-type=\"widget\" data-settings=\"{&quot;_animation&quot;:&quot;zoomIn&quot;}\" data-widget_type=\"image.default\">\n\t\t\t\t<div class=\"elementor-widget-container\">\n\t\t\t\t\t\t\t\t\t\t\t\t\t\t\t<img fetchpriority=\"high\" decoding=\"async\" width=\"704\" height=\"412\" src=\"https:\/\/moto-boutique-valais.ch\/wp-content\/uploads\/2023\/11\/Bild-1.jpg\" class=\"attachment-large size-large wp-image-1606\" alt=\"\" srcset=\"https:\/\/moto-boutique-valais.ch\/wp-content\/uploads\/2023\/11\/Bild-1.jpg 704w, https:\/\/moto-boutique-valais.ch\/wp-content\/uploads\/2023\/11\/Bild-1-300x176.jpg 300w\" sizes=\"(max-width: 704px) 100vw, 704px\" \/>\t\t\t\t\t\t\t\t\t\t\t\t\t\t\t<\/div>\n\t\t\t\t<\/div>\n\t\t<div class=\"elementor-element elementor-element-015e92c e-flex e-con-boxed e-con e-child\" data-id=\"015e92c\" data-element_type=\"container\" data-e-type=\"container\">\n\t\t\t\t\t<div class=\"e-con-inner\">\n\t\t\t\t<div class=\"elementor-element elementor-element-6e8e3e2 elementor-widget elementor-widget-image\" data-id=\"6e8e3e2\" data-element_type=\"widget\" data-e-type=\"widget\" data-widget_type=\"image.default\">\n\t\t\t\t<div class=\"elementor-widget-container\">\n\t\t\t\t\t\t\t\t\t\t\t\t\t\t\t\t<a href=\"https:\/\/www.moto-boutique-valais.ch\/wp-content\/uploads\/2023\/11\/Bild-1A.jpg\" data-elementor-open-lightbox=\"yes\" data-elementor-lightbox-title=\"Bild 1A\" data-e-action-hash=\"#elementor-action%3Aaction%3Dlightbox%26settings%3DeyJpZCI6MTQ5MCwidXJsIjoiaHR0cHM6XC9cL21vdG8tYm91dGlxdWUtdmFsYWlzLmNoXC93cC1jb250ZW50XC91cGxvYWRzXC8yMDIzXC8xMVwvQmlsZC0xQS5qcGcifQ%3D%3D\">\n\t\t\t\t\t\t\t<img decoding=\"async\" width=\"281\" height=\"300\" src=\"https:\/\/moto-boutique-valais.ch\/wp-content\/uploads\/2023\/11\/Bild-1A-281x300.jpg\" class=\"attachment-medium size-medium wp-image-1490\" alt=\"\" srcset=\"https:\/\/moto-boutique-valais.ch\/wp-content\/uploads\/2023\/11\/Bild-1A-281x300.jpg 281w, https:\/\/moto-boutique-valais.ch\/wp-content\/uploads\/2023\/11\/Bild-1A.jpg 659w\" sizes=\"(max-width: 281px) 100vw, 281px\" \/>\t\t\t\t\t\t\t\t<\/a>\n\t\t\t\t\t\t\t\t\t\t\t\t\t\t\t<\/div>\n\t\t\t\t<\/div>\n\t\t\t\t<div class=\"elementor-element elementor-element-3a19d9d elementor-widget elementor-widget-image\" data-id=\"3a19d9d\" data-element_type=\"widget\" data-e-type=\"widget\" data-widget_type=\"image.default\">\n\t\t\t\t<div class=\"elementor-widget-container\">\n\t\t\t\t\t\t\t\t\t\t\t\t\t\t\t\t<a href=\"https:\/\/www.moto-boutique-valais.ch\/wp-content\/uploads\/2023\/11\/Bild-5.jpg\" data-elementor-open-lightbox=\"yes\" data-elementor-lightbox-title=\"Bild 5\" data-e-action-hash=\"#elementor-action%3Aaction%3Dlightbox%26settings%3DeyJpZCI6MTQ4NiwidXJsIjoiaHR0cHM6XC9cL21vdG8tYm91dGlxdWUtdmFsYWlzLmNoXC93cC1jb250ZW50XC91cGxvYWRzXC8yMDIzXC8xMVwvQmlsZC01LmpwZyJ9\">\n\t\t\t\t\t\t\t<img decoding=\"async\" width=\"263\" height=\"300\" src=\"https:\/\/moto-boutique-valais.ch\/wp-content\/uploads\/2023\/11\/Bild-5-263x300.jpg\" class=\"attachment-medium size-medium wp-image-1486\" alt=\"\" srcset=\"https:\/\/moto-boutique-valais.ch\/wp-content\/uploads\/2023\/11\/Bild-5-263x300.jpg 263w, https:\/\/moto-boutique-valais.ch\/wp-content\/uploads\/2023\/11\/Bild-5.jpg 618w\" sizes=\"(max-width: 263px) 100vw, 263px\" \/>\t\t\t\t\t\t\t\t<\/a>\n\t\t\t\t\t\t\t\t\t\t\t\t\t\t\t<\/div>\n\t\t\t\t<\/div>\n\t\t\t\t<div class=\"elementor-element elementor-element-6174ded elementor-widget elementor-widget-image\" data-id=\"6174ded\" data-element_type=\"widget\" data-e-type=\"widget\" data-widget_type=\"image.default\">\n\t\t\t\t<div class=\"elementor-widget-container\">\n\t\t\t\t\t\t\t\t\t\t\t\t\t\t\t\t<a href=\"https:\/\/www.moto-boutique-valais.ch\/wp-content\/uploads\/2023\/11\/Bild-1B.jpg\" data-elementor-open-lightbox=\"yes\" data-elementor-lightbox-title=\"Bild 1B\" data-e-action-hash=\"#elementor-action%3Aaction%3Dlightbox%26settings%3DeyJpZCI6MTUzOCwidXJsIjoiaHR0cHM6XC9cL21vdG8tYm91dGlxdWUtdmFsYWlzLmNoXC93cC1jb250ZW50XC91cGxvYWRzXC8yMDIzXC8xMVwvQmlsZC0xQi5qcGcifQ%3D%3D\">\n\t\t\t\t\t\t\t<img loading=\"lazy\" decoding=\"async\" width=\"300\" height=\"278\" src=\"https:\/\/moto-boutique-valais.ch\/wp-content\/uploads\/2023\/11\/Bild-1B-300x278.jpg\" class=\"attachment-medium size-medium wp-image-1538\" alt=\"\" srcset=\"https:\/\/moto-boutique-valais.ch\/wp-content\/uploads\/2023\/11\/Bild-1B-300x278.jpg 300w, https:\/\/moto-boutique-valais.ch\/wp-content\/uploads\/2023\/11\/Bild-1B.jpg 704w\" sizes=\"(max-width: 300px) 100vw, 300px\" \/>\t\t\t\t\t\t\t\t<\/a>\n\t\t\t\t\t\t\t\t\t\t\t\t\t\t\t<\/div>\n\t\t\t\t<\/div>\n\t\t\t\t<div class=\"elementor-element elementor-element-6837b8b elementor-widget elementor-widget-image\" data-id=\"6837b8b\" data-element_type=\"widget\" data-e-type=\"widget\" data-widget_type=\"image.default\">\n\t\t\t\t<div class=\"elementor-widget-container\">\n\t\t\t\t\t\t\t\t\t\t\t\t\t\t\t\t<a href=\"https:\/\/www.moto-boutique-valais.ch\/wp-content\/uploads\/2023\/11\/Bild-7.jpg\" data-elementor-open-lightbox=\"yes\" data-elementor-lightbox-title=\"Bild 7\" data-e-action-hash=\"#elementor-action%3Aaction%3Dlightbox%26settings%3DeyJpZCI6MTU1OCwidXJsIjoiaHR0cHM6XC9cL21vdG8tYm91dGlxdWUtdmFsYWlzLmNoXC93cC1jb250ZW50XC91cGxvYWRzXC8yMDIzXC8xMVwvQmlsZC03LmpwZyJ9\">\n\t\t\t\t\t\t\t<img loading=\"lazy\" decoding=\"async\" width=\"300\" height=\"222\" src=\"https:\/\/moto-boutique-valais.ch\/wp-content\/uploads\/2023\/11\/Bild-7-300x222.jpg\" class=\"attachment-medium size-medium wp-image-1558\" alt=\"\" srcset=\"https:\/\/moto-boutique-valais.ch\/wp-content\/uploads\/2023\/11\/Bild-7-300x222.jpg 300w, https:\/\/moto-boutique-valais.ch\/wp-content\/uploads\/2023\/11\/Bild-7.jpg 704w\" sizes=\"(max-width: 300px) 100vw, 300px\" \/>\t\t\t\t\t\t\t\t<\/a>\n\t\t\t\t\t\t\t\t\t\t\t\t\t\t\t<\/div>\n\t\t\t\t<\/div>\n\t\t\t\t\t<\/div>\n\t\t\t\t<\/div>\n\t\t<div class=\"elementor-element elementor-element-f1f7f9d e-flex e-con-boxed e-con e-child\" data-id=\"f1f7f9d\" data-element_type=\"container\" data-e-type=\"container\">\n\t\t\t\t\t<div class=\"e-con-inner\">\n\t\t\t\t<div class=\"elementor-element elementor-element-22d0e6f elementor-widget elementor-widget-image\" data-id=\"22d0e6f\" data-element_type=\"widget\" data-e-type=\"widget\" data-widget_type=\"image.default\">\n\t\t\t\t<div class=\"elementor-widget-container\">\n\t\t\t\t\t\t\t\t\t\t\t\t\t\t\t\t<a href=\"https:\/\/www.moto-boutique-valais.ch\/wp-content\/uploads\/2023\/11\/Bild-7B.jpg\" data-elementor-open-lightbox=\"yes\" data-elementor-lightbox-title=\"Bild 7B\" data-e-action-hash=\"#elementor-action%3Aaction%3Dlightbox%26settings%3DeyJpZCI6MTU2MiwidXJsIjoiaHR0cHM6XC9cL21vdG8tYm91dGlxdWUtdmFsYWlzLmNoXC93cC1jb250ZW50XC91cGxvYWRzXC8yMDIzXC8xMVwvQmlsZC03Qi5qcGcifQ%3D%3D\">\n\t\t\t\t\t\t\t<img loading=\"lazy\" decoding=\"async\" width=\"300\" height=\"110\" src=\"https:\/\/moto-boutique-valais.ch\/wp-content\/uploads\/2023\/11\/Bild-7B-300x110.jpg\" class=\"attachment-medium size-medium wp-image-1562\" alt=\"\" srcset=\"https:\/\/moto-boutique-valais.ch\/wp-content\/uploads\/2023\/11\/Bild-7B-300x110.jpg 300w, https:\/\/moto-boutique-valais.ch\/wp-content\/uploads\/2023\/11\/Bild-7B.jpg 352w\" sizes=\"(max-width: 300px) 100vw, 300px\" \/>\t\t\t\t\t\t\t\t<\/a>\n\t\t\t\t\t\t\t\t\t\t\t\t\t\t\t<\/div>\n\t\t\t\t<\/div>\n\t\t\t\t<div class=\"elementor-element elementor-element-4969493 elementor-widget elementor-widget-image\" data-id=\"4969493\" data-element_type=\"widget\" data-e-type=\"widget\" data-widget_type=\"image.default\">\n\t\t\t\t<div class=\"elementor-widget-container\">\n\t\t\t\t\t\t\t\t\t\t\t\t\t\t\t\t<a href=\"https:\/\/www.moto-boutique-valais.ch\/wp-content\/uploads\/2023\/11\/Bild-2.jpg\" data-elementor-open-lightbox=\"yes\" data-elementor-lightbox-title=\"Bild 2\" data-e-action-hash=\"#elementor-action%3Aaction%3Dlightbox%26settings%3DeyJpZCI6MTU0MiwidXJsIjoiaHR0cHM6XC9cL21vdG8tYm91dGlxdWUtdmFsYWlzLmNoXC93cC1jb250ZW50XC91cGxvYWRzXC8yMDIzXC8xMVwvQmlsZC0yLmpwZyJ9\">\n\t\t\t\t\t\t\t<img loading=\"lazy\" decoding=\"async\" width=\"300\" height=\"93\" src=\"https:\/\/moto-boutique-valais.ch\/wp-content\/uploads\/2023\/11\/Bild-2-300x93.jpg\" class=\"attachment-medium size-medium wp-image-1542\" alt=\"\" srcset=\"https:\/\/moto-boutique-valais.ch\/wp-content\/uploads\/2023\/11\/Bild-2-300x93.jpg 300w, https:\/\/moto-boutique-valais.ch\/wp-content\/uploads\/2023\/11\/Bild-2.jpg 704w\" sizes=\"(max-width: 300px) 100vw, 300px\" \/>\t\t\t\t\t\t\t\t<\/a>\n\t\t\t\t\t\t\t\t\t\t\t\t\t\t\t<\/div>\n\t\t\t\t<\/div>\n\t\t\t\t<div class=\"elementor-element elementor-element-d523d37 elementor-widget elementor-widget-image\" data-id=\"d523d37\" data-element_type=\"widget\" data-e-type=\"widget\" data-widget_type=\"image.default\">\n\t\t\t\t<div class=\"elementor-widget-container\">\n\t\t\t\t\t\t\t\t\t\t\t\t\t\t\t\t<a href=\"https:\/\/www.moto-boutique-valais.ch\/wp-content\/uploads\/2023\/11\/Bild-3.jpg\" data-elementor-open-lightbox=\"yes\" data-elementor-lightbox-title=\"Bild 3\" data-e-action-hash=\"#elementor-action%3Aaction%3Dlightbox%26settings%3DeyJpZCI6MTU0NiwidXJsIjoiaHR0cHM6XC9cL21vdG8tYm91dGlxdWUtdmFsYWlzLmNoXC93cC1jb250ZW50XC91cGxvYWRzXC8yMDIzXC8xMVwvQmlsZC0zLmpwZyJ9\">\n\t\t\t\t\t\t\t<img loading=\"lazy\" decoding=\"async\" width=\"300\" height=\"282\" src=\"https:\/\/moto-boutique-valais.ch\/wp-content\/uploads\/2023\/11\/Bild-3-300x282.jpg\" class=\"attachment-medium size-medium wp-image-1546\" alt=\"\" srcset=\"https:\/\/moto-boutique-valais.ch\/wp-content\/uploads\/2023\/11\/Bild-3-300x282.jpg 300w, https:\/\/moto-boutique-valais.ch\/wp-content\/uploads\/2023\/11\/Bild-3.jpg 704w\" sizes=\"(max-width: 300px) 100vw, 300px\" \/>\t\t\t\t\t\t\t\t<\/a>\n\t\t\t\t\t\t\t\t\t\t\t\t\t\t\t<\/div>\n\t\t\t\t<\/div>\n\t\t\t\t<div class=\"elementor-element elementor-element-cb938ea elementor-widget elementor-widget-image\" data-id=\"cb938ea\" data-element_type=\"widget\" data-e-type=\"widget\" data-widget_type=\"image.default\">\n\t\t\t\t<div class=\"elementor-widget-container\">\n\t\t\t\t\t\t\t\t\t\t\t\t\t\t\t\t<a href=\"https:\/\/www.moto-boutique-valais.ch\/wp-content\/uploads\/2023\/11\/Bild-4.jpg\" data-elementor-open-lightbox=\"yes\" data-elementor-lightbox-title=\"Bild 4\" data-e-action-hash=\"#elementor-action%3Aaction%3Dlightbox%26settings%3DeyJpZCI6MTU1MCwidXJsIjoiaHR0cHM6XC9cL21vdG8tYm91dGlxdWUtdmFsYWlzLmNoXC93cC1jb250ZW50XC91cGxvYWRzXC8yMDIzXC8xMVwvQmlsZC00LmpwZyJ9\">\n\t\t\t\t\t\t\t<img loading=\"lazy\" decoding=\"async\" width=\"300\" height=\"296\" src=\"https:\/\/moto-boutique-valais.ch\/wp-content\/uploads\/2023\/11\/Bild-4-300x296.jpg\" class=\"attachment-medium size-medium wp-image-1550\" alt=\"\" srcset=\"https:\/\/moto-boutique-valais.ch\/wp-content\/uploads\/2023\/11\/Bild-4-300x296.jpg 300w, https:\/\/moto-boutique-valais.ch\/wp-content\/uploads\/2023\/11\/Bild-4.jpg 704w\" sizes=\"(max-width: 300px) 100vw, 300px\" \/>\t\t\t\t\t\t\t\t<\/a>\n\t\t\t\t\t\t\t\t\t\t\t\t\t\t\t<\/div>\n\t\t\t\t<\/div>\n\t\t\t\t\t<\/div>\n\t\t\t\t<\/div>\n\t\t\t\t<\/div>\n\t\t\t\t<\/div>\n\t\t\t\t<\/div>\n\t\t","protected":false},"excerpt":{"rendered":"<p>2 persone (pilota+passeggero o pilota su un&#8217;altra moto fino a 1 km di distanza) Entrambi i pacchetti includono l&#8217;attrezzatura microfonica per caschi jet aperti, caschi flip-up e caschi integrali! U-com 6R \u00e8 il sistema interfono dotato di tecnologia Bluetooth 5.2, perfetto per la comunicazione bidirezionale: sia tra pilota e passeggero che da moto a moto [&hellip;]<\/p>\n","protected":false},"author":1,"featured_media":0,"parent":2034,"menu_order":0,"comment_status":"closed","ping_status":"closed","template":"elementor_theme","meta":{"itsec_x_frame_options":"","footnotes":""},"class_list":["post-2002","page","type-page","status-publish","hentry"],"_links":{"self":[{"href":"https:\/\/moto-boutique-valais.ch\/it\/wp-json\/wp\/v2\/pages\/2002","targetHints":{"allow":["GET"]}}],"collection":[{"href":"https:\/\/moto-boutique-valais.ch\/it\/wp-json\/wp\/v2\/pages"}],"about":[{"href":"https:\/\/moto-boutique-valais.ch\/it\/wp-json\/wp\/v2\/types\/page"}],"author":[{"embeddable":true,"href":"https:\/\/moto-boutique-valais.ch\/it\/wp-json\/wp\/v2\/users\/1"}],"replies":[{"embeddable":true,"href":"https:\/\/moto-boutique-valais.ch\/it\/wp-json\/wp\/v2\/comments?post=2002"}],"version-history":[{"count":0,"href":"https:\/\/moto-boutique-valais.ch\/it\/wp-json\/wp\/v2\/pages\/2002\/revisions"}],"up":[{"embeddable":true,"href":"https:\/\/moto-boutique-valais.ch\/it\/wp-json\/wp\/v2\/pages\/2034"}],"wp:attachment":[{"href":"https:\/\/moto-boutique-valais.ch\/it\/wp-json\/wp\/v2\/media?parent=2002"}],"curies":[{"name":"wp","href":"https:\/\/api.w.org\/{rel}","templated":true}]}}