{"id":2009,"date":"2023-11-13T17:57:15","date_gmt":"2023-11-13T16:57:15","guid":{"rendered":"https:\/\/www.moto-boutique-valais.ch\/sistema-interfonico-n-com-b902l-r-per-caschi-nolan-x-lite\/"},"modified":"2023-12-11T16:29:52","modified_gmt":"2023-12-11T15:29:52","slug":"sistema-interfonico-n-com-b902l-r-per-caschi-nolan-x-lite","status":"publish","type":"page","link":"https:\/\/moto-boutique-valais.ch\/it\/cuffie-per-motociclisti\/sistema-interfonico-n-com-b902l-r-per-caschi-nolan-x-lite\/","title":{"rendered":"Sistema interfonico N-COM B902L R per caschi Nolan\/X-lite"},"content":{"rendered":"\t\t<div data-elementor-type=\"wp-page\" data-elementor-id=\"2009\" class=\"elementor elementor-2009 elementor-1671\" data-elementor-post-type=\"page\">\n\t\t\t\t<div class=\"elementor-element elementor-element-693d28e8 e-con-full e-ecs-flex e-flex e-con e-parent\" data-id=\"693d28e8\" data-element_type=\"container\" data-e-type=\"container\" data-settings=\"{&quot;background_background&quot;:&quot;classic&quot;,&quot;ecs_container_type&quot;:&quot;flex&quot;}\">\n\t\t<div class=\"elementor-element elementor-element-4cf7c1cb e-con-full e-ecs-flex e-flex e-con e-child\" data-id=\"4cf7c1cb\" data-element_type=\"container\" data-e-type=\"container\" data-settings=\"{&quot;ecs_container_type&quot;:&quot;flex&quot;}\">\n\t\t\t\t<div class=\"elementor-element elementor-element-7255c21a elementor-invisible elementor-widget elementor-widget-text-editor\" data-id=\"7255c21a\" data-element_type=\"widget\" data-e-type=\"widget\" data-settings=\"{&quot;_animation&quot;:&quot;fadeIn&quot;,&quot;_animation_delay&quot;:200}\" data-widget_type=\"text-editor.default\">\n\t\t\t\t<div class=\"elementor-widget-container\">\n\t\t\t\t\t\t\t\t\t<p>Appositamente progettato e sviluppato per il vostro casco Nolan compatibile<\/p>\n\t\t\t\t\t\t\t\t<\/div>\n\t\t\t\t<\/div>\n\t\t\t\t<div class=\"elementor-element elementor-element-bbcfe9f elementor-widget elementor-widget-text-editor\" data-id=\"bbcfe9f\" data-element_type=\"widget\" data-e-type=\"widget\" data-widget_type=\"text-editor.default\">\n\t\t\t\t<div class=\"elementor-widget-container\">\n\t\t\t\t\t\t\t\t\t<p>Per tutti i motociclisti che apprezzano le alte prestazioni e l&#8217;esperienza di guida condivisa, N-Com B902L R Series \u00e8 il miglior sistema di comunicazione integrabile che pu\u00f2 essere installato nei caschi Nolan progettati per questo scopo. Grazie alla funzione Audio Multitasking, \u00e8 possibile la ricezione simultanea di diverse sorgenti audio collegate a N-Com. L&#8217;attivazione\/disattivazione automatica, i messaggi vocali multilingue e le funzioni Smart Conference rendono l&#8217;N-Com B902 un sistema interfono versatile e potente, ideale per chi viaggia su lunghe distanze. Inoltre, la visibilit\u00e0 \u00e8 garantita grazie all&#8217;esclusivo sistema ESS per gli indicatori di posizione e di frenata.<\/p>\n\t\t\t\t\t\t\t\t<\/div>\n\t\t\t\t<\/div>\n\t\t\t\t<div class=\"elementor-element elementor-element-58fd58c elementor-widget elementor-widget-text-editor\" data-id=\"58fd58c\" data-element_type=\"widget\" data-e-type=\"widget\" data-widget_type=\"text-editor.default\">\n\t\t\t\t<div class=\"elementor-widget-container\">\n\t\t\t\t\t\t\t\t\t<p>L&#8217;<strong>installazione<\/strong> del dispositivo nel casco non dovrebbe essere un problema per le persone con conoscenze tecniche. Sono disponibili video esplicativi. Ma se volete che lo installiamo per voi, non c&#8217;\u00e8 problema: possiamo costruirlo per voi. 100 per casco e lo imposter\u00e0 e configurer\u00e0 insieme a voi!<\/p>\n\t\t\t\t\t\t\t\t<\/div>\n\t\t\t\t<\/div>\n\t\t\t\t<div class=\"elementor-element elementor-element-a3d6567 elementor-widget elementor-widget-heading\" data-id=\"a3d6567\" data-element_type=\"widget\" data-e-type=\"widget\" data-widget_type=\"heading.default\">\n\t\t\t\t<div class=\"elementor-widget-container\">\n\t\t\t\t\t<h3 class=\"elementor-heading-title elementor-size-default\">Prezzi<\/h3>\t\t\t\t<\/div>\n\t\t\t\t<\/div>\n\t\t\t\t<div class=\"elementor-element elementor-element-8f4fbcf elementor-widget elementor-widget-text-editor\" data-id=\"8f4fbcf\" data-element_type=\"widget\" data-e-type=\"widget\" data-widget_type=\"text-editor.default\">\n\t\t\t\t<div class=\"elementor-widget-container\">\n\t\t\t\t\t\t\t\t\t<ul>\n<li>Ven. 370.00<\/li>\n<\/ul>\n\t\t\t\t\t\t\t\t<\/div>\n\t\t\t\t<\/div>\n\t\t\t\t<\/div>\n\t\t<div class=\"elementor-element elementor-element-71e2a63d e-con-full e-ecs-flex e-flex e-con e-child\" data-id=\"71e2a63d\" data-element_type=\"container\" data-e-type=\"container\" data-settings=\"{&quot;background_background&quot;:&quot;classic&quot;,&quot;ecs_container_type&quot;:&quot;flex&quot;}\">\n\t\t\t\t<div class=\"elementor-element elementor-element-741697df elementor-invisible elementor-widget elementor-widget-image\" data-id=\"741697df\" data-element_type=\"widget\" data-e-type=\"widget\" data-settings=\"{&quot;_animation&quot;:&quot;zoomIn&quot;}\" data-widget_type=\"image.default\">\n\t\t\t\t<div class=\"elementor-widget-container\">\n\t\t\t\t\t\t\t\t\t\t\t\t\t\t\t<img fetchpriority=\"high\" decoding=\"async\" width=\"352\" height=\"309\" src=\"https:\/\/moto-boutique-valais.ch\/wp-content\/uploads\/2023\/11\/Bild-901.jpg\" class=\"attachment-large size-large wp-image-1602\" alt=\"\" srcset=\"https:\/\/moto-boutique-valais.ch\/wp-content\/uploads\/2023\/11\/Bild-901.jpg 352w, https:\/\/moto-boutique-valais.ch\/wp-content\/uploads\/2023\/11\/Bild-901-300x263.jpg 300w\" sizes=\"(max-width: 352px) 100vw, 352px\" \/>\t\t\t\t\t\t\t\t\t\t\t\t\t\t\t<\/div>\n\t\t\t\t<\/div>\n\t\t<div class=\"elementor-element elementor-element-015e92c e-ecs-flex e-flex e-con-boxed e-con e-child\" data-id=\"015e92c\" data-element_type=\"container\" data-e-type=\"container\" data-settings=\"{&quot;ecs_container_type&quot;:&quot;flex&quot;}\">\n\t\t\t\t\t<div class=\"e-con-inner\">\n\t\t\t\t\t<\/div>\n\t\t\t\t<\/div>\n\t\t\t\t<\/div>\n\t\t\t\t<\/div>\n\t\t\t\t<\/div>\n\t\t","protected":false},"excerpt":{"rendered":"<p>Appositamente progettato e sviluppato per il vostro casco Nolan compatibile Per tutti i motociclisti che apprezzano le alte prestazioni e l&#8217;esperienza di guida condivisa, N-Com B902L R Series \u00e8 il miglior sistema di comunicazione integrabile che pu\u00f2 essere installato nei caschi Nolan progettati per questo scopo. Grazie alla funzione Audio Multitasking, \u00e8 possibile la ricezione [&hellip;]<\/p>\n","protected":false},"author":1,"featured_media":0,"parent":2034,"menu_order":0,"comment_status":"closed","ping_status":"closed","template":"elementor_theme","meta":{"itsec_x_frame_options":"","footnotes":""},"class_list":["post-2009","page","type-page","status-publish","hentry"],"_links":{"self":[{"href":"https:\/\/moto-boutique-valais.ch\/it\/wp-json\/wp\/v2\/pages\/2009","targetHints":{"allow":["GET"]}}],"collection":[{"href":"https:\/\/moto-boutique-valais.ch\/it\/wp-json\/wp\/v2\/pages"}],"about":[{"href":"https:\/\/moto-boutique-valais.ch\/it\/wp-json\/wp\/v2\/types\/page"}],"author":[{"embeddable":true,"href":"https:\/\/moto-boutique-valais.ch\/it\/wp-json\/wp\/v2\/users\/1"}],"replies":[{"embeddable":true,"href":"https:\/\/moto-boutique-valais.ch\/it\/wp-json\/wp\/v2\/comments?post=2009"}],"version-history":[{"count":0,"href":"https:\/\/moto-boutique-valais.ch\/it\/wp-json\/wp\/v2\/pages\/2009\/revisions"}],"up":[{"embeddable":true,"href":"https:\/\/moto-boutique-valais.ch\/it\/wp-json\/wp\/v2\/pages\/2034"}],"wp:attachment":[{"href":"https:\/\/moto-boutique-valais.ch\/it\/wp-json\/wp\/v2\/media?parent=2009"}],"curies":[{"name":"wp","href":"https:\/\/api.w.org\/{rel}","templated":true}]}}