{"id":2022,"date":"2023-11-13T17:38:14","date_gmt":"2023-11-13T16:38:14","guid":{"rendered":"https:\/\/www.moto-boutique-valais.ch\/sistema-interfonico-srl-mesh-per-shoei\/"},"modified":"2023-12-11T16:29:59","modified_gmt":"2023-12-11T15:29:59","slug":"sistema-interfonico-srl-mesh-per-shoei","status":"publish","type":"page","link":"https:\/\/moto-boutique-valais.ch\/it\/cuffie-per-motociclisti\/sistema-interfonico-srl-mesh-per-shoei\/","title":{"rendered":"Sistema interfonico SRL-Mesh per SHOEI"},"content":{"rendered":"\t\t<div data-elementor-type=\"wp-page\" data-elementor-id=\"2022\" class=\"elementor elementor-2022 elementor-1647\" data-elementor-post-type=\"page\">\n\t\t\t\t<div class=\"elementor-element elementor-element-693d28e8 e-con-full e-flex e-con e-parent\" data-id=\"693d28e8\" data-element_type=\"container\" data-e-type=\"container\" data-settings=\"{&quot;background_background&quot;:&quot;classic&quot;}\">\n\t\t<div class=\"elementor-element elementor-element-4cf7c1cb e-con-full e-flex e-con e-child\" data-id=\"4cf7c1cb\" data-element_type=\"container\" data-e-type=\"container\">\n\t\t\t\t<div class=\"elementor-element elementor-element-7255c21a elementor-invisible elementor-widget elementor-widget-text-editor\" data-id=\"7255c21a\" data-element_type=\"widget\" data-e-type=\"widget\" data-settings=\"{&quot;_animation&quot;:&quot;fadeIn&quot;,&quot;_animation_delay&quot;:200}\" data-widget_type=\"text-editor.default\">\n\t\t\t\t<div class=\"elementor-widget-container\">\n\t\t\t\t\t\t\t\t\t<p>Compatibile con i caschi SHOEI Neotec 2, SHOEI GT-Air 2 e SHOEI J-Cruise 2<\/p>\n\t\t\t\t\t\t\t\t<\/div>\n\t\t\t\t<\/div>\n\t\t\t\t<div class=\"elementor-element elementor-element-bbcfe9f elementor-widget elementor-widget-text-editor\" data-id=\"bbcfe9f\" data-element_type=\"widget\" data-e-type=\"widget\" data-widget_type=\"text-editor.default\">\n\t\t\t\t<div class=\"elementor-widget-container\">\n\t\t\t\t\t\t\t\t\t<p>Si inserisce esattamente negli incavi fresati in questi caschi!<\/p>\n<h4>COMUNICAZIONE PREMIUM. SUONO PREMIUM<\/h4>\n<p>\u00c8 arrivata la nuova generazione di SRL di Sena per SHOEI. L&#8217;SRL-MESH \u00e8 dotato di funzioni di alto livello, tra cui Mesh Intercom\u2122 e altoparlanti e microfono SOUND BY Harman Kardon. L&#8217;SRL-MESH \u00e8 stato sviluppato appositamente per tre dei caschi pi\u00f9 popolari di SHOEI ed \u00e8 il compagno perfetto per la vostra prossima corsa. Il dispositivo sottile offre questo<\/p>\n<h4>Funzioni<\/h4>\n<ul>\n<li>SUONO DI Harman Kardon<\/li>\n<li>Sviluppato per i caschi SHOEI: SHOEI Neotec 2, SHOEI GT-Air 2 e SHOEI J-Cruise 2<\/li>\n<li>Bluetooth 5<\/li>\n<li>Interfono a rete<\/li>\n<li>Interfono Bluetooth\u00ae a 4 vie<\/li>\n<li>Accesso agli assistenti digitali<\/li>\n<li>Controllo avanzato del rumore<\/li>\n<\/ul>\n<h4>Generale<\/h4>\n<p>Dimensioni<\/p>\n<p>Modulo principale: 82 mm x 39 mm x 33 mm<br \/>Altoparlante: 40 mm &#8211; spessore 7,3 mm<br \/>microfono ad asta: lunghezza 55 mm<br \/>Lunghezza del cavo tra i diffusori: 85 mm<br \/>Peso: modulo principale &#8211; 100 g<br \/>Temperatura di esercizio: -10\u00b0C &#8211; 50\u00b0C<\/p>\n<h4>INTERFONICO MESH<\/h4>\n<ul>\n<li>Tecnologia Mesh Intercom<br \/>BLUETOOTH<\/li>\n<li>Bluetooth 5<\/li>\n<li>Profilo della cuffia (HSP)<\/li>\n<li>Profilo a mani libere (HFP)<\/li>\n<li>Profilo di distribuzione audio avanzato (A2DP)<\/li>\n<li>Profilo di controllo remoto audio-video (AVRCP)<\/li>\n<\/ul>\n<h4>SISTEMA DI ALTOPARLANTI<\/h4>\n<p>Gamma:<br \/>Interfono Bluetooth: fino a 2 km in terreno aperto<br \/>Interfono a rete: fino a 2 km in terreno aperto<br \/>*Pu\u00f2 essere fino a 8,0 km tra almeno 6 corridori<br \/>Supporta fino a:<br \/>Citofono Bluetooth: 4 altoparlanti<br \/>Interfono a maglia aperta: numero illimitato<br \/>Citofono a rete di gruppo: 24 driver<br \/>Canali supportati:<br \/>Interfono a maglia aperta: 9 canali<br \/>AUDIO<br \/>Riduzione del rumore: Advanced Noise Control\u2122<br \/>Codec: codec SBC integrato<br \/>Radio FM:<br \/>Dati di frequenza radio: 76 ~ 108MHz<br \/>10 stazioni preimpostate e ricerca automatica<br \/>Altoparlante e microfono premium con SOUND BY Harman Kardon<br \/>ACCU<\/p>\n<h4>Tempo di conversazione<\/h4>\n<ul>\n<li>Interfono Bluetooth: 8 ore<\/li>\n<li>Interfono a rete: 8 ore<\/li>\n<li>Tempo di ricarica: 2,5 ore<\/li>\n<li>Tipo: batteria ai polimeri di litio<\/li>\n<\/ul>\n<h4>COSTRUITO PER CASCHI SHOEI<\/h4>\n<p>L&#8217;SRL-MESH \u00e8 stato sviluppato appositamente per l&#8217;installazione negli incavi interni dei caschi SHOEI Neotec 2, SHOEI GT-Air 2 e SHOEI J-Cruise 2. Una volta installata, l&#8217;unit\u00e0 compatta SRL-MESH \u00e8 praticamente irriconoscibile dall&#8217;esterno. Sul lato sinistro dell&#8217;SRL-MESH si trova un comando a 3 pulsanti, mentre sul lato destro si trova il pulsante Mesh Intercom\u2122, che consente di collegarsi con la sola pressione di un pulsante.<\/p>\n<h4>COMODIT\u00c0 CON IL CONTROLLO VOCALE DI SENA<\/h4>\n<p>\u00c8 possibile utilizzare i comandi vocali di Sena per controllare le funzioni di sistema dell&#8217;SRL-MESH, come rispondere al telefono o avviare una sessione Group Mesh. L&#8217;SRL-MESH supporta i comandi vocali in otto lingue: Inglese, francese, tedesco, spagnolo, italiano, cinese, giapponese e russo!<\/p>\n<p>Siete a corto di benzina? &#8220;Ehi Google, indicazioni per il distributore di benzina pi\u00f9 vicino&#8221;. L&#8217;SRL-MESH pu\u00f2 connettersi all&#8217;Assistente Google e a Siri di Apple con un semplice comando vocale, consentendo di utilizzare le funzioni dello smartphone, tra cui la navigazione GPS, la riproduzione musicale, la composizione vocale o una serie di altre opzioni.<\/p>\n<h4>RIMANETE IN CONTATTO CON L&#8217;APP DI SENA MOTORBIKES<\/h4>\n<p>L&#8217;applicazione Sena Motorcycles consente agli utenti di configurare le impostazioni del dispositivo SRL-MESH. Scaricando l&#8217;app \u00e8 possibile personalizzare varie impostazioni e funzioni, tra cui la possibilit\u00e0 di gestire in remoto le impostazioni dei canali per Open Mesh o di creare un gruppo privato per Group Mesh. Scaricate l&#8217;applicazione Sena Motorcycles dall&#8217;App Store o da Google Play Store.<\/p>\n<h4>SUONO MESH DI HARMAN KARDON PROGETTATO PER I CASCHI SHOEI<\/h4>\n<p>L&#8217;SRL-MESH \u00e8 stato sviluppato appositamente per l&#8217;installazione negli incavi interni dei caschi SHOEI Neotec 2, SHOEI GT-Air 2 e SHOEI J-Cruise 2.<\/p>\n\t\t\t\t\t\t\t\t<\/div>\n\t\t\t\t<\/div>\n\t\t\t\t<div class=\"elementor-element elementor-element-58fd58c elementor-widget elementor-widget-text-editor\" data-id=\"58fd58c\" data-element_type=\"widget\" data-e-type=\"widget\" data-widget_type=\"text-editor.default\">\n\t\t\t\t<div class=\"elementor-widget-container\">\n\t\t\t\t\t\t\t\t\t<p>L&#8217;<strong>installazione<\/strong> del dispositivo nel casco non dovrebbe essere un problema per le persone con conoscenze tecniche. Sono disponibili video esplicativi. Ma se volete che lo installiamo per voi, non c&#8217;\u00e8 problema: possiamo costruirlo per voi. 100 per casco e lo imposter\u00e0 e configurer\u00e0 insieme a voi!<\/p>\n\t\t\t\t\t\t\t\t<\/div>\n\t\t\t\t<\/div>\n\t\t\t\t<div class=\"elementor-element elementor-element-a3d6567 elementor-widget elementor-widget-heading\" data-id=\"a3d6567\" data-element_type=\"widget\" data-e-type=\"widget\" data-widget_type=\"heading.default\">\n\t\t\t\t<div class=\"elementor-widget-container\">\n\t\t\t\t\t<h3 class=\"elementor-heading-title elementor-size-default\">Prezzi<\/h3>\t\t\t\t<\/div>\n\t\t\t\t<\/div>\n\t\t\t\t<div class=\"elementor-element elementor-element-8f4fbcf elementor-widget elementor-widget-text-editor\" data-id=\"8f4fbcf\" data-element_type=\"widget\" data-e-type=\"widget\" data-widget_type=\"text-editor.default\">\n\t\t\t\t<div class=\"elementor-widget-container\">\n\t\t\t\t\t\t\t\t\t<ul>\n<li>Confezione per 1 casco ciascuno: Fr. 399,00 (con tutti gli accessori di installazione)  <\/li>\n<\/ul>\n\t\t\t\t\t\t\t\t<\/div>\n\t\t\t\t<\/div>\n\t\t\t\t<\/div>\n\t\t<div class=\"elementor-element elementor-element-71e2a63d e-con-full e-flex e-con e-child\" data-id=\"71e2a63d\" data-element_type=\"container\" data-e-type=\"container\" data-settings=\"{&quot;background_background&quot;:&quot;classic&quot;}\">\n\t\t\t\t<div class=\"elementor-element elementor-element-741697df elementor-invisible elementor-widget elementor-widget-image\" data-id=\"741697df\" data-element_type=\"widget\" data-e-type=\"widget\" data-settings=\"{&quot;_animation&quot;:&quot;zoomIn&quot;}\" data-widget_type=\"image.default\">\n\t\t\t\t<div class=\"elementor-widget-container\">\n\t\t\t\t\t\t\t\t\t\t\t\t\t\t\t<img fetchpriority=\"high\" decoding=\"async\" width=\"704\" height=\"704\" src=\"https:\/\/moto-boutique-valais.ch\/wp-content\/uploads\/2023\/11\/Bild-701-1.jpg\" class=\"attachment-large size-large wp-image-1566\" alt=\"\" srcset=\"https:\/\/moto-boutique-valais.ch\/wp-content\/uploads\/2023\/11\/Bild-701-1.jpg 704w, https:\/\/moto-boutique-valais.ch\/wp-content\/uploads\/2023\/11\/Bild-701-1-300x300.jpg 300w, https:\/\/moto-boutique-valais.ch\/wp-content\/uploads\/2023\/11\/Bild-701-1-150x150.jpg 150w\" sizes=\"(max-width: 704px) 100vw, 704px\" \/>\t\t\t\t\t\t\t\t\t\t\t\t\t\t\t<\/div>\n\t\t\t\t<\/div>\n\t\t<div class=\"elementor-element elementor-element-015e92c e-flex e-con-boxed e-con e-child\" data-id=\"015e92c\" data-element_type=\"container\" data-e-type=\"container\">\n\t\t\t\t\t<div class=\"e-con-inner\">\n\t\t\t\t<div class=\"elementor-element elementor-element-6e8e3e2 elementor-widget elementor-widget-image\" data-id=\"6e8e3e2\" data-element_type=\"widget\" data-e-type=\"widget\" data-widget_type=\"image.default\">\n\t\t\t\t<div class=\"elementor-widget-container\">\n\t\t\t\t\t\t\t\t\t\t\t\t\t\t\t\t<a href=\"https:\/\/www.moto-boutique-valais.ch\/wp-content\/uploads\/2023\/11\/Bild-701-2.jpg\" data-elementor-open-lightbox=\"yes\" data-elementor-lightbox-title=\"Bild 701-2\" data-e-action-hash=\"#elementor-action%3Aaction%3Dlightbox%26settings%3DeyJpZCI6MTU3MCwidXJsIjoiaHR0cHM6XC9cL21vdG8tYm91dGlxdWUtdmFsYWlzLmNoXC93cC1jb250ZW50XC91cGxvYWRzXC8yMDIzXC8xMVwvQmlsZC03MDEtMi5qcGcifQ%3D%3D\">\n\t\t\t\t\t\t\t<img decoding=\"async\" width=\"300\" height=\"300\" src=\"https:\/\/moto-boutique-valais.ch\/wp-content\/uploads\/2023\/11\/Bild-701-2-300x300.jpg\" class=\"attachment-medium size-medium wp-image-1570\" alt=\"\" srcset=\"https:\/\/moto-boutique-valais.ch\/wp-content\/uploads\/2023\/11\/Bild-701-2-300x300.jpg 300w, https:\/\/moto-boutique-valais.ch\/wp-content\/uploads\/2023\/11\/Bild-701-2-150x150.jpg 150w, https:\/\/moto-boutique-valais.ch\/wp-content\/uploads\/2023\/11\/Bild-701-2.jpg 704w\" sizes=\"(max-width: 300px) 100vw, 300px\" \/>\t\t\t\t\t\t\t\t<\/a>\n\t\t\t\t\t\t\t\t\t\t\t\t\t\t\t<\/div>\n\t\t\t\t<\/div>\n\t\t\t\t<div class=\"elementor-element elementor-element-3a19d9d elementor-widget elementor-widget-image\" data-id=\"3a19d9d\" data-element_type=\"widget\" data-e-type=\"widget\" data-widget_type=\"image.default\">\n\t\t\t\t<div class=\"elementor-widget-container\">\n\t\t\t\t\t\t\t\t\t\t\t\t\t\t\t\t<a href=\"https:\/\/www.moto-boutique-valais.ch\/wp-content\/uploads\/2023\/11\/Bild-701-3.jpg\" data-elementor-open-lightbox=\"yes\" data-elementor-lightbox-title=\"Bild 701-3\" data-e-action-hash=\"#elementor-action%3Aaction%3Dlightbox%26settings%3DeyJpZCI6MTU3NCwidXJsIjoiaHR0cHM6XC9cL21vdG8tYm91dGlxdWUtdmFsYWlzLmNoXC93cC1jb250ZW50XC91cGxvYWRzXC8yMDIzXC8xMVwvQmlsZC03MDEtMy5qcGcifQ%3D%3D\">\n\t\t\t\t\t\t\t<img decoding=\"async\" width=\"300\" height=\"300\" src=\"https:\/\/moto-boutique-valais.ch\/wp-content\/uploads\/2023\/11\/Bild-701-3-300x300.jpg\" class=\"attachment-medium size-medium wp-image-1574\" alt=\"\" srcset=\"https:\/\/moto-boutique-valais.ch\/wp-content\/uploads\/2023\/11\/Bild-701-3-300x300.jpg 300w, https:\/\/moto-boutique-valais.ch\/wp-content\/uploads\/2023\/11\/Bild-701-3-150x150.jpg 150w, https:\/\/moto-boutique-valais.ch\/wp-content\/uploads\/2023\/11\/Bild-701-3.jpg 704w\" sizes=\"(max-width: 300px) 100vw, 300px\" \/>\t\t\t\t\t\t\t\t<\/a>\n\t\t\t\t\t\t\t\t\t\t\t\t\t\t\t<\/div>\n\t\t\t\t<\/div>\n\t\t\t\t<div class=\"elementor-element elementor-element-6174ded elementor-widget elementor-widget-image\" data-id=\"6174ded\" data-element_type=\"widget\" data-e-type=\"widget\" data-widget_type=\"image.default\">\n\t\t\t\t<div class=\"elementor-widget-container\">\n\t\t\t\t\t\t\t\t\t\t\t\t\t\t\t\t<a href=\"https:\/\/www.moto-boutique-valais.ch\/wp-content\/uploads\/2023\/11\/Bild-801-4.jpg\" data-elementor-open-lightbox=\"yes\" data-elementor-lightbox-title=\"Bild 801-4\" data-e-action-hash=\"#elementor-action%3Aaction%3Dlightbox%26settings%3DeyJpZCI6MTU5OCwidXJsIjoiaHR0cHM6XC9cL21vdG8tYm91dGlxdWUtdmFsYWlzLmNoXC93cC1jb250ZW50XC91cGxvYWRzXC8yMDIzXC8xMVwvQmlsZC04MDEtNC5qcGcifQ%3D%3D\">\n\t\t\t\t\t\t\t<img loading=\"lazy\" decoding=\"async\" width=\"300\" height=\"262\" src=\"https:\/\/moto-boutique-valais.ch\/wp-content\/uploads\/2023\/11\/Bild-801-4-300x262.jpg\" class=\"attachment-medium size-medium wp-image-1598\" alt=\"\" srcset=\"https:\/\/moto-boutique-valais.ch\/wp-content\/uploads\/2023\/11\/Bild-801-4-300x262.jpg 300w, https:\/\/moto-boutique-valais.ch\/wp-content\/uploads\/2023\/11\/Bild-801-4.jpg 704w\" sizes=\"(max-width: 300px) 100vw, 300px\" \/>\t\t\t\t\t\t\t\t<\/a>\n\t\t\t\t\t\t\t\t\t\t\t\t\t\t\t<\/div>\n\t\t\t\t<\/div>\n\t\t\t\t\t<\/div>\n\t\t\t\t<\/div>\n\t\t\t\t<\/div>\n\t\t\t\t<\/div>\n\t\t\t\t<\/div>\n\t\t","protected":false},"excerpt":{"rendered":"<p>Compatibile con i caschi SHOEI Neotec 2, SHOEI GT-Air 2 e SHOEI J-Cruise 2 Si inserisce esattamente negli incavi fresati in questi caschi! COMUNICAZIONE PREMIUM. SUONO PREMIUM \u00c8 arrivata la nuova generazione di SRL di Sena per SHOEI. L&#8217;SRL-MESH \u00e8 dotato di funzioni di alto livello, tra cui Mesh Intercom\u2122 e altoparlanti e microfono SOUND [&hellip;]<\/p>\n","protected":false},"author":1,"featured_media":0,"parent":2034,"menu_order":0,"comment_status":"closed","ping_status":"closed","template":"elementor_theme","meta":{"itsec_x_frame_options":"","footnotes":""},"class_list":["post-2022","page","type-page","status-publish","hentry"],"_links":{"self":[{"href":"https:\/\/moto-boutique-valais.ch\/it\/wp-json\/wp\/v2\/pages\/2022","targetHints":{"allow":["GET"]}}],"collection":[{"href":"https:\/\/moto-boutique-valais.ch\/it\/wp-json\/wp\/v2\/pages"}],"about":[{"href":"https:\/\/moto-boutique-valais.ch\/it\/wp-json\/wp\/v2\/types\/page"}],"author":[{"embeddable":true,"href":"https:\/\/moto-boutique-valais.ch\/it\/wp-json\/wp\/v2\/users\/1"}],"replies":[{"embeddable":true,"href":"https:\/\/moto-boutique-valais.ch\/it\/wp-json\/wp\/v2\/comments?post=2022"}],"version-history":[{"count":0,"href":"https:\/\/moto-boutique-valais.ch\/it\/wp-json\/wp\/v2\/pages\/2022\/revisions"}],"up":[{"embeddable":true,"href":"https:\/\/moto-boutique-valais.ch\/it\/wp-json\/wp\/v2\/pages\/2034"}],"wp:attachment":[{"href":"https:\/\/moto-boutique-valais.ch\/it\/wp-json\/wp\/v2\/media?parent=2022"}],"curies":[{"name":"wp","href":"https:\/\/api.w.org\/{rel}","templated":true}]}}