{"id":2029,"date":"2023-11-13T17:29:34","date_gmt":"2023-11-13T16:29:34","guid":{"rendered":"https:\/\/www.moto-boutique-valais.ch\/auricolare-bluetooth-ucom8r\/"},"modified":"2023-12-11T16:29:59","modified_gmt":"2023-12-11T15:29:59","slug":"auricolare-bluetooth-ucom8r","status":"publish","type":"page","link":"https:\/\/moto-boutique-valais.ch\/it\/cuffie-per-motociclisti\/auricolare-bluetooth-ucom8r\/","title":{"rendered":"AURICOLARE BLUETOOTH UCOM8R"},"content":{"rendered":"\t\t<div data-elementor-type=\"wp-page\" data-elementor-id=\"2029\" class=\"elementor elementor-2029 elementor-1636\" data-elementor-post-type=\"page\">\n\t\t\t\t<div class=\"elementor-element elementor-element-693d28e8 e-con-full e-ecs-flex e-flex e-con e-parent\" data-id=\"693d28e8\" data-element_type=\"container\" data-e-type=\"container\" data-settings=\"{&quot;background_background&quot;:&quot;classic&quot;,&quot;ecs_container_type&quot;:&quot;flex&quot;}\">\n\t\t<div class=\"elementor-element elementor-element-4cf7c1cb e-con-full e-ecs-flex e-flex e-con e-child\" data-id=\"4cf7c1cb\" data-element_type=\"container\" data-e-type=\"container\" data-settings=\"{&quot;ecs_container_type&quot;:&quot;flex&quot;}\">\n\t\t\t\t<div class=\"elementor-element elementor-element-7255c21a elementor-invisible elementor-widget elementor-widget-text-editor\" data-id=\"7255c21a\" data-element_type=\"widget\" data-e-type=\"widget\" data-settings=\"{&quot;_animation&quot;:&quot;fadeIn&quot;,&quot;_animation_delay&quot;:200}\" data-widget_type=\"text-editor.default\">\n\t\t\t\t<div class=\"elementor-widget-container\">\n\t\t\t\t\t\t\t\t\t<p>Connessione solo tramite sistema Mesh 2.0 compatibile con Sena per un massimo di 24 persone<\/p>\n\t\t\t\t\t\t\t\t<\/div>\n\t\t\t\t<\/div>\n\t\t\t\t<div class=\"elementor-element elementor-element-bbcfe9f elementor-widget elementor-widget-text-editor\" data-id=\"bbcfe9f\" data-element_type=\"widget\" data-e-type=\"widget\" data-widget_type=\"text-editor.default\">\n\t\t\t\t<div class=\"elementor-widget-container\">\n\t\t\t\t\t\t\t\t\t<p>U-COM8R \u00e8 il sistema interfonico con tecnologia mesh pi\u00f9 intuitivo del mercato. Grazie a questa tecnologia avanzata, potrete usufruire di una connessione pi\u00f9 affidabile e di una connessione di gruppo con altri citofoni, fino a 24 persone, con un solo clic fino a 1,6 km. Il Bluetooth\u00ae 5.2 (solo per smartphone \/ GPS \/ TFT) e la piena compatibilit\u00e0 con tutti i sistemi Sena, TFT, GPS e OEM dei principali produttori di caschi sul mercato lo rendono il perfetto compagno di avventure. U-com8R offre anche prestazioni audio molto elevate grazie ai nuovi altoparlanti HD da 40 mm, per bassi profondi e avvolgenti durante l&#8217;ascolto delle playlist preferite, anche in sottofondo durante una conversazione.<\/p>\n<p>Un altro elemento caratteristico di questo modello \u00e8 il design a pi\u00f9 pulsanti per la massima facilit\u00e0 d&#8217;uso, con ogni pulsante corrispondente a una funzione per rendere il funzionamento intuitivo.<\/p>\n<p>Grazie alla sua completa smontabilit\u00e0, \u00e8 possibile fissare il sistema a tutti i caschi preferiti in pochi semplici passaggi.<\/p>\n<h3><b>Panoramica delle funzioni<\/b><\/h3>\n<h4>Tecnologia Mesh 2.0 e Bluetooth\u00ae 5.2<\/h4>\n<p>Comunicazione in rete in gruppi fino a 24 citofoni &#8211; Durata della batteria in modalit\u00e0 mesh 18 ore (durata variabile con musica di sottofondo\/GPS\/radio) &#8211; Ricarica completa in 2,5 ore &#8211; Compatibilit\u00e0 estesa con tutti i sistemi Sena, TFT e GPS presenti sul mercato &#8211; Comandi vocali integrati per gestire le funzioni del dispositivo.<\/p>\n<h4>Firmware:<\/h4>\n<p>Personalizzazione e configurazione del dispositivo sul PC (Windows e MacOs)<\/p>\n<h4>APP<\/h4>\n<p>Nuova app per iOS e Android &#8211; Controllo completo delle funzioni di interfono &#8211; Visualizzazione del tempo di autonomia residuo &#8211; Visualizzazione della versione del firmware installata e della disponibilit\u00e0 di nuove versioni &#8211; Visualizzazione del livello di carica della batteria in percentuale &#8211; Selezione delle preimpostazioni dell&#8217;equalizzatore audio.<\/p>\n<h4>AUDIO<\/h4>\n<p>Messaggi vocali preregistrati &#8211; Microfono direzionale antivento &#8211; Controllo automatico del volume (disattivabile) a 3 livelli &#8211; Nuovi altoparlanti HD top sound da 40 mm &#8211; Equalizzatore audio CHIP\/BATTERIA\/CARICABATTERIA: Chipset: Bluetooth\u00ae versione 5.2 (solo per i dispositivi) e Mesh 2.0 &#8211; Ricarica rapida: ricarica l&#8217;interfono alla massima velocit\u00e0. &#8211; Connessioni micro per microfono e altoparlante, tipo C per ricarica e dati.<\/p>\n<h4>Compatibilit\u00e0<\/h4>\n<p>Dotato di tutti gli smartphone con tecnologia Bluetooth\u00ae &#8211; Navigatori GPS con tecnologia Bluetooth\u00ae e profilo HFP &#8211; Piena integrazione con tutti i sistemi mesh Sena e i caschi con sistema di comunicazione mesh integrato (verificare la compatibilit\u00e0) &#8211; Compatibilit\u00e0 con tutti i TFT e i GPS &#8211; Pu\u00f2 essere installato sulla maggior parte dei caschi.<\/p>\n<h4>Dimensioni<\/h4>\n<p>Peso: 51 g &#8211; Lunghezza: 85 mm &#8211; Altezza: 49 mm &#8211; Spessore: 25 mm<\/p>\n<h4>Propriet\u00e0 generali<\/h4>\n<p>Connessione tra gli interfono fino a 1,6 km &#8211; Connessione tra gli interfono con un solo clic &#8211; Menu con guida vocale multilingue &#8211; Connessione allo smartphone per ascoltare musica, radio e telefonare &#8211; Impermeabilit\u00e0 IP 67 &#8211; Conversazione interfono con sottofondo di funzioni radio\/GPS\/musica &#8211; Configurazione del dispositivo in modalit\u00e0 principiante o esperto &#8211; Possibilit\u00e0 di ricaricare l&#8217;interfono durante l&#8217;uso GPS: Compatibile con i principali navigatori Bluetooth\u00ae per moto &#8211; Istruzioni vocali GPS anche in sottofondo durante la chiamata &#8211; Compatibile con le principali app di navigazione per smartphone, istruzioni vocali anche in sottofondo.<\/p>\n<h4>Telefono cellulare<\/h4>\n<p>Dual Point, possibilit\u00e0 di collegare due smartphone contemporaneamente alla centrale &#8211; Controllo vocale &#8211; Gestione con assistente vocale Apple e Android &#8211; Selezione rapida: Possibilit\u00e0 di salvare 3 numeri di telefono &#8211; Richiamo dell&#8217;ultima chiamata.<\/p>\n<h4>Musica<\/h4>\n<p>Riproduzione audio (A2DP\/AVRCP) da smartphone, sistemi multimediali per veicoli (tft), lettori MP3 e altri lettori Bluetooth\u00ae.<\/p>\n<h4>Contenuto della confezione<\/h4>\n<p>Clip adesiva per il montaggio sul casco &#8211; Supporto a clip &#8211; Altoparlante HD da 40 mm &#8211; Microfono Boom (caschi jet e modulari) e adesivo (caschi integrali) &#8211; Cavo USB Type-C per dati e ricarica.<\/p>\n\t\t\t\t\t\t\t\t<\/div>\n\t\t\t\t<\/div>\n\t\t\t\t<div class=\"elementor-element elementor-element-58fd58c elementor-widget elementor-widget-text-editor\" data-id=\"58fd58c\" data-element_type=\"widget\" data-e-type=\"widget\" data-widget_type=\"text-editor.default\">\n\t\t\t\t<div class=\"elementor-widget-container\">\n\t\t\t\t\t\t\t\t\t<p>L&#8217;<strong>installazione<\/strong> del dispositivo nel casco non dovrebbe essere un problema per le persone con conoscenze tecniche. Sono disponibili video esplicativi. Ma se volete che lo installiamo per voi, non c&#8217;\u00e8 problema: possiamo costruirlo per voi. 100 per casco e lo imposter\u00e0 e configurer\u00e0 insieme a voi!<\/p>\n\t\t\t\t\t\t\t\t<\/div>\n\t\t\t\t<\/div>\n\t\t\t\t<div class=\"elementor-element elementor-element-a3d6567 elementor-widget elementor-widget-heading\" data-id=\"a3d6567\" data-element_type=\"widget\" data-e-type=\"widget\" data-widget_type=\"heading.default\">\n\t\t\t\t<div class=\"elementor-widget-container\">\n\t\t\t\t\t<h3 class=\"elementor-heading-title elementor-size-default\">Prezzi<\/h3>\t\t\t\t<\/div>\n\t\t\t\t<\/div>\n\t\t\t\t<div class=\"elementor-element elementor-element-8f4fbcf elementor-widget elementor-widget-text-editor\" data-id=\"8f4fbcf\" data-element_type=\"widget\" data-e-type=\"widget\" data-widget_type=\"text-editor.default\">\n\t\t\t\t<div class=\"elementor-widget-container\">\n\t\t\t\t\t\t\t\t\t<ul>\n<li>CUFFIA BLUETOOTH UCOM8R TWIN PACK (per 2 caschi) fr. 459.-<\/li>\n<li>CUFFIA BLUETOOTH UCOM8R (per 1 casco) Fr. 259.-<\/li>\n<\/ul>\n\t\t\t\t\t\t\t\t<\/div>\n\t\t\t\t<\/div>\n\t\t\t\t<\/div>\n\t\t<div class=\"elementor-element elementor-element-71e2a63d e-con-full e-ecs-flex e-flex e-con e-child\" data-id=\"71e2a63d\" data-element_type=\"container\" data-e-type=\"container\" data-settings=\"{&quot;background_background&quot;:&quot;classic&quot;,&quot;ecs_container_type&quot;:&quot;flex&quot;}\">\n\t\t\t\t<div class=\"elementor-element elementor-element-741697df elementor-invisible elementor-widget elementor-widget-image\" data-id=\"741697df\" data-element_type=\"widget\" data-e-type=\"widget\" data-settings=\"{&quot;_animation&quot;:&quot;zoomIn&quot;}\" data-widget_type=\"image.default\">\n\t\t\t\t<div class=\"elementor-widget-container\">\n\t\t\t\t\t\t\t\t\t\t\t\t\t\t\t<img fetchpriority=\"high\" decoding=\"async\" width=\"704\" height=\"412\" src=\"https:\/\/moto-boutique-valais.ch\/wp-content\/uploads\/2023\/11\/Bild-1.jpg\" class=\"attachment-large size-large wp-image-1606\" alt=\"\" srcset=\"https:\/\/moto-boutique-valais.ch\/wp-content\/uploads\/2023\/11\/Bild-1.jpg 704w, https:\/\/moto-boutique-valais.ch\/wp-content\/uploads\/2023\/11\/Bild-1-300x176.jpg 300w\" sizes=\"(max-width: 704px) 100vw, 704px\" \/>\t\t\t\t\t\t\t\t\t\t\t\t\t\t\t<\/div>\n\t\t\t\t<\/div>\n\t\t<div class=\"elementor-element elementor-element-015e92c e-ecs-flex e-flex e-con-boxed e-con e-child\" data-id=\"015e92c\" data-element_type=\"container\" data-e-type=\"container\" data-settings=\"{&quot;ecs_container_type&quot;:&quot;flex&quot;}\">\n\t\t\t\t\t<div class=\"e-con-inner\">\n\t\t\t\t<div class=\"elementor-element elementor-element-6e8e3e2 elementor-widget elementor-widget-image\" data-id=\"6e8e3e2\" data-element_type=\"widget\" data-e-type=\"widget\" data-widget_type=\"image.default\">\n\t\t\t\t<div class=\"elementor-widget-container\">\n\t\t\t\t\t\t\t\t\t\t\t\t\t\t\t\t<a href=\"https:\/\/www.moto-boutique-valais.ch\/wp-content\/uploads\/2023\/11\/Bild-2.jpg\" data-elementor-open-lightbox=\"yes\" data-elementor-lightbox-title=\"Bild 2\" data-e-action-hash=\"#elementor-action%3Aaction%3Dlightbox%26settings%3DeyJpZCI6MTU0MiwidXJsIjoiaHR0cHM6XC9cL21vdG8tYm91dGlxdWUtdmFsYWlzLmNoXC93cC1jb250ZW50XC91cGxvYWRzXC8yMDIzXC8xMVwvQmlsZC0yLmpwZyJ9\">\n\t\t\t\t\t\t\t<img decoding=\"async\" width=\"300\" height=\"93\" src=\"https:\/\/moto-boutique-valais.ch\/wp-content\/uploads\/2023\/11\/Bild-2-300x93.jpg\" class=\"attachment-medium size-medium wp-image-1542\" alt=\"\" srcset=\"https:\/\/moto-boutique-valais.ch\/wp-content\/uploads\/2023\/11\/Bild-2-300x93.jpg 300w, https:\/\/moto-boutique-valais.ch\/wp-content\/uploads\/2023\/11\/Bild-2.jpg 704w\" sizes=\"(max-width: 300px) 100vw, 300px\" \/>\t\t\t\t\t\t\t\t<\/a>\n\t\t\t\t\t\t\t\t\t\t\t\t\t\t\t<\/div>\n\t\t\t\t<\/div>\n\t\t\t\t<div class=\"elementor-element elementor-element-3a19d9d elementor-widget elementor-widget-image\" data-id=\"3a19d9d\" data-element_type=\"widget\" data-e-type=\"widget\" data-widget_type=\"image.default\">\n\t\t\t\t<div class=\"elementor-widget-container\">\n\t\t\t\t\t\t\t\t\t\t\t\t\t\t\t\t<a href=\"https:\/\/www.moto-boutique-valais.ch\/wp-content\/uploads\/2023\/11\/Bild-3.jpg\" data-elementor-open-lightbox=\"yes\" data-elementor-lightbox-title=\"Bild 3\" data-e-action-hash=\"#elementor-action%3Aaction%3Dlightbox%26settings%3DeyJpZCI6MTU0NiwidXJsIjoiaHR0cHM6XC9cL21vdG8tYm91dGlxdWUtdmFsYWlzLmNoXC93cC1jb250ZW50XC91cGxvYWRzXC8yMDIzXC8xMVwvQmlsZC0zLmpwZyJ9\">\n\t\t\t\t\t\t\t<img decoding=\"async\" width=\"300\" height=\"282\" src=\"https:\/\/moto-boutique-valais.ch\/wp-content\/uploads\/2023\/11\/Bild-3-300x282.jpg\" class=\"attachment-medium size-medium wp-image-1546\" alt=\"\" srcset=\"https:\/\/moto-boutique-valais.ch\/wp-content\/uploads\/2023\/11\/Bild-3-300x282.jpg 300w, https:\/\/moto-boutique-valais.ch\/wp-content\/uploads\/2023\/11\/Bild-3.jpg 704w\" sizes=\"(max-width: 300px) 100vw, 300px\" \/>\t\t\t\t\t\t\t\t<\/a>\n\t\t\t\t\t\t\t\t\t\t\t\t\t\t\t<\/div>\n\t\t\t\t<\/div>\n\t\t\t\t<div class=\"elementor-element elementor-element-6174ded elementor-widget elementor-widget-image\" data-id=\"6174ded\" data-element_type=\"widget\" data-e-type=\"widget\" data-widget_type=\"image.default\">\n\t\t\t\t<div class=\"elementor-widget-container\">\n\t\t\t\t\t\t\t\t\t\t\t\t\t\t\t\t<a href=\"https:\/\/www.moto-boutique-valais.ch\/wp-content\/uploads\/2023\/11\/Bild-4.jpg\" data-elementor-open-lightbox=\"yes\" data-elementor-lightbox-title=\"Bild 4\" data-e-action-hash=\"#elementor-action%3Aaction%3Dlightbox%26settings%3DeyJpZCI6MTU1MCwidXJsIjoiaHR0cHM6XC9cL21vdG8tYm91dGlxdWUtdmFsYWlzLmNoXC93cC1jb250ZW50XC91cGxvYWRzXC8yMDIzXC8xMVwvQmlsZC00LmpwZyJ9\">\n\t\t\t\t\t\t\t<img loading=\"lazy\" decoding=\"async\" width=\"300\" height=\"296\" src=\"https:\/\/moto-boutique-valais.ch\/wp-content\/uploads\/2023\/11\/Bild-4-300x296.jpg\" class=\"attachment-medium size-medium wp-image-1550\" alt=\"\" srcset=\"https:\/\/moto-boutique-valais.ch\/wp-content\/uploads\/2023\/11\/Bild-4-300x296.jpg 300w, https:\/\/moto-boutique-valais.ch\/wp-content\/uploads\/2023\/11\/Bild-4.jpg 704w\" sizes=\"(max-width: 300px) 100vw, 300px\" \/>\t\t\t\t\t\t\t\t<\/a>\n\t\t\t\t\t\t\t\t\t\t\t\t\t\t\t<\/div>\n\t\t\t\t<\/div>\n\t\t\t\t\t<\/div>\n\t\t\t\t<\/div>\n\t\t\t\t<\/div>\n\t\t\t\t<\/div>\n\t\t\t\t<\/div>\n\t\t","protected":false},"excerpt":{"rendered":"<p>Connessione solo tramite sistema Mesh 2.0 compatibile con Sena per un massimo di 24 persone U-COM8R \u00e8 il sistema interfonico con tecnologia mesh pi\u00f9 intuitivo del mercato. Grazie a questa tecnologia avanzata, potrete usufruire di una connessione pi\u00f9 affidabile e di una connessione di gruppo con altri citofoni, fino a 24 persone, con un solo [&hellip;]<\/p>\n","protected":false},"author":1,"featured_media":0,"parent":2034,"menu_order":0,"comment_status":"closed","ping_status":"closed","template":"elementor_theme","meta":{"itsec_x_frame_options":"","footnotes":""},"class_list":["post-2029","page","type-page","status-publish","hentry"],"_links":{"self":[{"href":"https:\/\/moto-boutique-valais.ch\/it\/wp-json\/wp\/v2\/pages\/2029","targetHints":{"allow":["GET"]}}],"collection":[{"href":"https:\/\/moto-boutique-valais.ch\/it\/wp-json\/wp\/v2\/pages"}],"about":[{"href":"https:\/\/moto-boutique-valais.ch\/it\/wp-json\/wp\/v2\/types\/page"}],"author":[{"embeddable":true,"href":"https:\/\/moto-boutique-valais.ch\/it\/wp-json\/wp\/v2\/users\/1"}],"replies":[{"embeddable":true,"href":"https:\/\/moto-boutique-valais.ch\/it\/wp-json\/wp\/v2\/comments?post=2029"}],"version-history":[{"count":0,"href":"https:\/\/moto-boutique-valais.ch\/it\/wp-json\/wp\/v2\/pages\/2029\/revisions"}],"up":[{"embeddable":true,"href":"https:\/\/moto-boutique-valais.ch\/it\/wp-json\/wp\/v2\/pages\/2034"}],"wp:attachment":[{"href":"https:\/\/moto-boutique-valais.ch\/it\/wp-json\/wp\/v2\/media?parent=2029"}],"curies":[{"name":"wp","href":"https:\/\/api.w.org\/{rel}","templated":true}]}}