{"id":2041,"date":"2023-10-12T17:17:23","date_gmt":"2023-10-12T16:17:23","guid":{"rendered":"https:\/\/www.moto-boutique-valais.ch\/bagagli-per-moto\/"},"modified":"2025-03-31T12:21:28","modified_gmt":"2025-03-31T11:21:28","slug":"bagagli-per-moto","status":"publish","type":"page","link":"https:\/\/moto-boutique-valais.ch\/it\/prodotti\/bagagli-per-moto\/","title":{"rendered":"Bagagli per moto"},"content":{"rendered":"\t\t<div data-elementor-type=\"wp-page\" data-elementor-id=\"2041\" class=\"elementor elementor-2041 elementor-898\" data-elementor-post-type=\"page\">\n\t\t\t\t<div class=\"elementor-element elementor-element-2589d527 e-flex e-con-boxed e-con e-parent\" data-id=\"2589d527\" data-element_type=\"container\" data-e-type=\"container\">\n\t\t\t\t\t<div class=\"e-con-inner\">\n\t\t\t\t<div class=\"elementor-element elementor-element-4fd8377c elementor-widget elementor-widget-text-editor\" data-id=\"4fd8377c\" data-element_type=\"widget\" data-e-type=\"widget\" data-widget_type=\"text-editor.default\">\n\t\t\t\t<div class=\"elementor-widget-container\">\n\t\t\t\t\t\t\t\t\t<p>Il bagaglio da moto \u00e8 un accessorio spesso sottovalutato ma indispensabile per i motociclisti. Permette di trasportare in modo sicuro e confortevole qualsiasi cosa, dall&#8217;attrezzatura di base per brevi viaggi all&#8217;attrezzatura completa per lunghi tour. Le borse e le valigie speciali per moto sono progettate per essere aerodinamiche e non avere un impatto negativo sul baricentro della moto. Molti modelli offrono anche una protezione impermeabile, in modo che i vostri effetti personali rimangano asciutti anche in caso di maltempo. Inoltre, sono spesso dotati di dispositivi di sicurezza come catarifrangenti o scomparti con serratura. Nel complesso, un buon bagaglio per moto non solo aumenta la funzionalit\u00e0 della moto, ma anche il comfort e la sicurezza di guida.<\/p>\n\t\t\t\t\t\t\t\t<\/div>\n\t\t\t\t<\/div>\n\t\t<div class=\"elementor-element elementor-element-d70723f e-flex e-con-boxed e-con e-child\" data-id=\"d70723f\" data-element_type=\"container\" data-e-type=\"container\">\n\t\t\t\t\t<div class=\"e-con-inner\">\n\t\t<div class=\"elementor-element elementor-element-1842348 e-con-full e-flex e-con e-child\" data-id=\"1842348\" data-element_type=\"container\" data-e-type=\"container\">\n\t\t\t\t<div class=\"elementor-element elementor-element-056c899 elementor-widget elementor-widget-image\" data-id=\"056c899\" data-element_type=\"widget\" data-e-type=\"widget\" data-widget_type=\"image.default\">\n\t\t\t\t<div class=\"elementor-widget-container\">\n\t\t\t\t\t\t\t\t\t\t\t\t\t\t\t<img fetchpriority=\"high\" decoding=\"async\" width=\"300\" height=\"300\" src=\"https:\/\/moto-boutique-valais.ch\/wp-content\/uploads\/2023\/10\/IXS-logo.png\" class=\"attachment-medium size-medium wp-image-1049\" alt=\"logo IXS\" srcset=\"https:\/\/moto-boutique-valais.ch\/wp-content\/uploads\/2023\/10\/IXS-logo.png 300w, https:\/\/moto-boutique-valais.ch\/wp-content\/uploads\/2023\/10\/IXS-logo-150x150.png 150w\" sizes=\"(max-width: 300px) 100vw, 300px\" \/>\t\t\t\t\t\t\t\t\t\t\t\t\t\t\t<\/div>\n\t\t\t\t<\/div>\n\t\t\t\t<\/div>\n\t\t<div class=\"elementor-element elementor-element-2306ce7 e-con-full e-flex e-con e-child\" data-id=\"2306ce7\" data-element_type=\"container\" data-e-type=\"container\">\n\t\t\t\t<div class=\"elementor-element elementor-element-4a4b7cd elementor-widget elementor-widget-heading\" data-id=\"4a4b7cd\" data-element_type=\"widget\" data-e-type=\"widget\" data-widget_type=\"heading.default\">\n\t\t\t\t<div class=\"elementor-widget-container\">\n\t\t\t\t\t<h5 class=\"elementor-heading-title elementor-size-default\">iXS Gepack<\/h5>\t\t\t\t<\/div>\n\t\t\t\t<\/div>\n\t\t\t\t<div class=\"elementor-element elementor-element-5bafb86 elementor-widget elementor-widget-text-editor\" data-id=\"5bafb86\" data-element_type=\"widget\" data-e-type=\"widget\" data-widget_type=\"text-editor.default\">\n\t\t\t\t<div class=\"elementor-widget-container\">\n\t\t\t\t\t\t\t\t\t<p>iXS \u00e8 un marchio noto per il suo efficace abbigliamento protettivo per motociclisti. Offrono un&#8217;ampia gamma di prodotti protettivi ed eleganti.<\/p>\n\t\t\t\t\t\t\t\t<\/div>\n\t\t\t\t<\/div>\n\t\t\t\t<\/div>\n\t\t<div class=\"elementor-element elementor-element-a6567b6 e-con-full e-flex e-con e-child\" data-id=\"a6567b6\" data-element_type=\"container\" data-e-type=\"container\">\n\t\t\t\t<div class=\"elementor-element elementor-element-f8424c0 elementor-widget elementor-widget-image\" data-id=\"f8424c0\" data-element_type=\"widget\" data-e-type=\"widget\" data-widget_type=\"image.default\">\n\t\t\t\t<div class=\"elementor-widget-container\">\n\t\t\t\t\t\t\t\t\t\t\t\t\t\t\t<img decoding=\"async\" width=\"300\" height=\"300\" src=\"https:\/\/moto-boutique-valais.ch\/wp-content\/uploads\/2023\/10\/Held-Bike-Fashion-Logo.png\" class=\"attachment-medium size-medium wp-image-1053\" alt=\"logo held bike fashion\" srcset=\"https:\/\/moto-boutique-valais.ch\/wp-content\/uploads\/2023\/10\/Held-Bike-Fashion-Logo.png 300w, https:\/\/moto-boutique-valais.ch\/wp-content\/uploads\/2023\/10\/Held-Bike-Fashion-Logo-150x150.png 150w\" sizes=\"(max-width: 300px) 100vw, 300px\" \/>\t\t\t\t\t\t\t\t\t\t\t\t\t\t\t<\/div>\n\t\t\t\t<\/div>\n\t\t\t\t<\/div>\n\t\t<div class=\"elementor-element elementor-element-c61b033 e-con-full e-flex e-con e-child\" data-id=\"c61b033\" data-element_type=\"container\" data-e-type=\"container\">\n\t\t\t\t<div class=\"elementor-element elementor-element-8cdd136 elementor-widget elementor-widget-heading\" data-id=\"8cdd136\" data-element_type=\"widget\" data-e-type=\"widget\" data-widget_type=\"heading.default\">\n\t\t\t\t<div class=\"elementor-widget-container\">\n\t\t\t\t\t<h5 class=\"elementor-heading-title elementor-size-default\">Pacchetto eroe<\/h5>\t\t\t\t<\/div>\n\t\t\t\t<\/div>\n\t\t\t\t<div class=\"elementor-element elementor-element-40cb0a1 elementor-widget elementor-widget-text-editor\" data-id=\"40cb0a1\" data-element_type=\"widget\" data-e-type=\"widget\" data-widget_type=\"text-editor.default\">\n\t\t\t\t<div class=\"elementor-widget-container\">\n\t\t\t\t\t\t\t\t\t<p>Held vanta oltre 75 anni di esperienza nella produzione di abbigliamento per moto. Il marchio \u00e8 sinonimo di massimo comfort, facilit\u00e0 d&#8217;uso e sicurezza senza compromessi.<\/p>\n\t\t\t\t\t\t\t\t<\/div>\n\t\t\t\t<\/div>\n\t\t\t\t<\/div>\n\t\t\t\t\t<\/div>\n\t\t\t\t<\/div>\n\t\t<div class=\"elementor-element elementor-element-60429f3 e-flex e-con-boxed e-con e-child\" data-id=\"60429f3\" data-element_type=\"container\" data-e-type=\"container\">\n\t\t\t\t\t<div class=\"e-con-inner\">\n\t\t<div class=\"elementor-element elementor-element-3875a5c e-con-full e-flex e-con e-child\" data-id=\"3875a5c\" data-element_type=\"container\" data-e-type=\"container\">\n\t\t\t\t<div class=\"elementor-element elementor-element-3ae524c elementor-widget elementor-widget-image\" data-id=\"3ae524c\" data-element_type=\"widget\" data-e-type=\"widget\" data-widget_type=\"image.default\">\n\t\t\t\t<div class=\"elementor-widget-container\">\n\t\t\t\t\t\t\t\t\t\t\t\t\t\t\t<img decoding=\"async\" width=\"300\" height=\"300\" src=\"https:\/\/moto-boutique-valais.ch\/wp-content\/uploads\/2023\/10\/GIVI-Logo.png\" class=\"attachment-medium size-medium wp-image-1085\" alt=\"logo givi\" srcset=\"https:\/\/moto-boutique-valais.ch\/wp-content\/uploads\/2023\/10\/GIVI-Logo.png 300w, https:\/\/moto-boutique-valais.ch\/wp-content\/uploads\/2023\/10\/GIVI-Logo-150x150.png 150w\" sizes=\"(max-width: 300px) 100vw, 300px\" \/>\t\t\t\t\t\t\t\t\t\t\t\t\t\t\t<\/div>\n\t\t\t\t<\/div>\n\t\t\t\t<\/div>\n\t\t<div class=\"elementor-element elementor-element-099ca81 e-con-full e-flex e-con e-child\" data-id=\"099ca81\" data-element_type=\"container\" data-e-type=\"container\">\n\t\t\t\t<div class=\"elementor-element elementor-element-9e09015 elementor-widget elementor-widget-heading\" data-id=\"9e09015\" data-element_type=\"widget\" data-e-type=\"widget\" data-widget_type=\"heading.default\">\n\t\t\t\t<div class=\"elementor-widget-container\">\n\t\t\t\t\t<h5 class=\"elementor-heading-title elementor-size-default\">Sistema GIVI<\/h5>\t\t\t\t<\/div>\n\t\t\t\t<\/div>\n\t\t\t\t<div class=\"elementor-element elementor-element-d040d68 elementor-widget elementor-widget-text-editor\" data-id=\"d040d68\" data-element_type=\"widget\" data-e-type=\"widget\" data-widget_type=\"text-editor.default\">\n\t\t\t\t<div class=\"elementor-widget-container\">\n\t\t\t\t\t\t\t\t\t<p>GIVI offre un&#8217;ampia gamma di soluzioni per il motociclismo, dai sistemi di valigie all&#8217;abbigliamento protettivo. Il marchio \u00e8 ideale per i viaggiatori su due ruote.<\/p>\n\t\t\t\t\t\t\t\t<\/div>\n\t\t\t\t<\/div>\n\t\t\t\t<\/div>\n\t\t<div class=\"elementor-element elementor-element-fce87b6 e-con-full e-flex e-con e-child\" data-id=\"fce87b6\" data-element_type=\"container\" data-e-type=\"container\">\n\t\t\t\t<div class=\"elementor-element elementor-element-ac8feb0 elementor-widget elementor-widget-image\" data-id=\"ac8feb0\" data-element_type=\"widget\" data-e-type=\"widget\" data-widget_type=\"image.default\">\n\t\t\t\t<div class=\"elementor-widget-container\">\n\t\t\t\t\t\t\t\t\t\t\t\t\t\t\t<img loading=\"lazy\" decoding=\"async\" width=\"300\" height=\"300\" src=\"https:\/\/moto-boutique-valais.ch\/wp-content\/uploads\/2023\/10\/Richa-Logo.png\" class=\"attachment-medium size-medium wp-image-1064\" alt=\"logo richa\" srcset=\"https:\/\/moto-boutique-valais.ch\/wp-content\/uploads\/2023\/10\/Richa-Logo.png 300w, https:\/\/moto-boutique-valais.ch\/wp-content\/uploads\/2023\/10\/Richa-Logo-150x150.png 150w\" sizes=\"(max-width: 300px) 100vw, 300px\" \/>\t\t\t\t\t\t\t\t\t\t\t\t\t\t\t<\/div>\n\t\t\t\t<\/div>\n\t\t\t\t<\/div>\n\t\t<div class=\"elementor-element elementor-element-f044014 e-con-full e-flex e-con e-child\" data-id=\"f044014\" data-element_type=\"container\" data-e-type=\"container\">\n\t\t\t\t<div class=\"elementor-element elementor-element-a553abf elementor-widget elementor-widget-heading\" data-id=\"a553abf\" data-element_type=\"widget\" data-e-type=\"widget\" data-widget_type=\"heading.default\">\n\t\t\t\t<div class=\"elementor-widget-container\">\n\t\t\t\t\t<h5 class=\"elementor-heading-title elementor-size-default\">Accessori Richa<\/h5>\t\t\t\t<\/div>\n\t\t\t\t<\/div>\n\t\t\t\t<div class=\"elementor-element elementor-element-b50367c elementor-widget elementor-widget-text-editor\" data-id=\"b50367c\" data-element_type=\"widget\" data-e-type=\"widget\" data-widget_type=\"text-editor.default\">\n\t\t\t\t<div class=\"elementor-widget-container\">\n\t\t\t\t\t\t\t\t\t<p>Richa vanta sette decenni di esperienza nel settore dell&#8217;abbigliamento per moto ed \u00e8 sinonimo di qualit\u00e0 e variet\u00e0. Il marchio \u00e8 noto per i suoi jeans in Kevlar e altri indumenti protettivi di alta qualit\u00e0.<\/p>\n\t\t\t\t\t\t\t\t<\/div>\n\t\t\t\t<\/div>\n\t\t\t\t<\/div>\n\t\t\t\t\t<\/div>\n\t\t\t\t<\/div>\n\t\t<div class=\"elementor-element elementor-element-22fd0a9 e-flex e-con-boxed e-con e-child\" data-id=\"22fd0a9\" data-element_type=\"container\" data-e-type=\"container\">\n\t\t\t\t\t<div class=\"e-con-inner\">\n\t\t<div class=\"elementor-element elementor-element-336f9c4 e-con-full e-flex e-con e-child\" data-id=\"336f9c4\" data-element_type=\"container\" data-e-type=\"container\">\n\t\t\t\t<div class=\"elementor-element elementor-element-fd18c5d elementor-widget elementor-widget-image\" data-id=\"fd18c5d\" data-element_type=\"widget\" data-e-type=\"widget\" data-widget_type=\"image.default\">\n\t\t\t\t<div class=\"elementor-widget-container\">\n\t\t\t\t\t\t\t\t\t\t\t\t\t\t\t<img loading=\"lazy\" decoding=\"async\" width=\"300\" height=\"300\" src=\"https:\/\/moto-boutique-valais.ch\/wp-content\/uploads\/2023\/10\/SW-MOTECH-Logo.png\" class=\"attachment-medium size-medium wp-image-1092\" alt=\"logo sw motech\" srcset=\"https:\/\/moto-boutique-valais.ch\/wp-content\/uploads\/2023\/10\/SW-MOTECH-Logo.png 300w, https:\/\/moto-boutique-valais.ch\/wp-content\/uploads\/2023\/10\/SW-MOTECH-Logo-150x150.png 150w\" sizes=\"(max-width: 300px) 100vw, 300px\" \/>\t\t\t\t\t\t\t\t\t\t\t\t\t\t\t<\/div>\n\t\t\t\t<\/div>\n\t\t\t\t<\/div>\n\t\t<div class=\"elementor-element elementor-element-c0ff2e1 e-con-full e-flex e-con e-child\" data-id=\"c0ff2e1\" data-element_type=\"container\" data-e-type=\"container\">\n\t\t\t\t<div class=\"elementor-element elementor-element-037a1a7 elementor-widget elementor-widget-heading\" data-id=\"037a1a7\" data-element_type=\"widget\" data-e-type=\"widget\" data-widget_type=\"heading.default\">\n\t\t\t\t<div class=\"elementor-widget-container\">\n\t\t\t\t\t<h5 class=\"elementor-heading-title elementor-size-default\">SW Motech<\/h5>\t\t\t\t<\/div>\n\t\t\t\t<\/div>\n\t\t\t\t<div class=\"elementor-element elementor-element-0379818 elementor-widget elementor-widget-text-editor\" data-id=\"0379818\" data-element_type=\"widget\" data-e-type=\"widget\" data-widget_type=\"text-editor.default\">\n\t\t\t\t<div class=\"elementor-widget-container\">\n\t\t\t\t\t\t\t\t\t<p>SW Motech \u00e8 nota per la sua ampia gamma di accessori per moto. Dai sistemi di valigie all&#8217;illuminazione, il marchio offre tutto ci\u00f2 di cui un motociclista ha bisogno.<\/p>\n\t\t\t\t\t\t\t\t<\/div>\n\t\t\t\t<\/div>\n\t\t\t\t<\/div>\n\t\t<div class=\"elementor-element elementor-element-f067efe e-con-full e-flex e-con e-child\" data-id=\"f067efe\" data-element_type=\"container\" data-e-type=\"container\">\n\t\t\t\t<div class=\"elementor-element elementor-element-bf36fe9 elementor-widget elementor-widget-image\" data-id=\"bf36fe9\" data-element_type=\"widget\" data-e-type=\"widget\" data-widget_type=\"image.default\">\n\t\t\t\t<div class=\"elementor-widget-container\">\n\t\t\t\t\t\t\t\t\t\t\t\t\t\t\t<img loading=\"lazy\" decoding=\"async\" width=\"300\" height=\"300\" src=\"https:\/\/moto-boutique-valais.ch\/wp-content\/uploads\/2023\/10\/BAGSTER-Logo.png\" class=\"attachment-medium size-medium wp-image-1103\" alt=\"logo bagster\" srcset=\"https:\/\/moto-boutique-valais.ch\/wp-content\/uploads\/2023\/10\/BAGSTER-Logo.png 300w, https:\/\/moto-boutique-valais.ch\/wp-content\/uploads\/2023\/10\/BAGSTER-Logo-150x150.png 150w\" sizes=\"(max-width: 300px) 100vw, 300px\" \/>\t\t\t\t\t\t\t\t\t\t\t\t\t\t\t<\/div>\n\t\t\t\t<\/div>\n\t\t\t\t<\/div>\n\t\t<div class=\"elementor-element elementor-element-8b794b8 e-con-full e-flex e-con e-child\" data-id=\"8b794b8\" data-element_type=\"container\" data-e-type=\"container\">\n\t\t\t\t<div class=\"elementor-element elementor-element-2960ec8 elementor-widget elementor-widget-heading\" data-id=\"2960ec8\" data-element_type=\"widget\" data-e-type=\"widget\" data-widget_type=\"heading.default\">\n\t\t\t\t<div class=\"elementor-widget-container\">\n\t\t\t\t\t<h5 class=\"elementor-heading-title elementor-size-default\">Bagster<\/h5>\t\t\t\t<\/div>\n\t\t\t\t<\/div>\n\t\t\t\t<div class=\"elementor-element elementor-element-2512634 elementor-widget elementor-widget-text-editor\" data-id=\"2512634\" data-element_type=\"widget\" data-e-type=\"widget\" data-widget_type=\"text-editor.default\">\n\t\t\t\t<div class=\"elementor-widget-container\">\n\t\t\t\t\t\t\t\t\t<p>Bagster \u00e8 un marchio francese che offre un&#8217;ampia gamma di accessori per moto. Dalle selle ai sistemi di trasporto, Bagster ha tutto ci\u00f2 di cui un ciclista ha bisogno.<\/p>\n\t\t\t\t\t\t\t\t<\/div>\n\t\t\t\t<\/div>\n\t\t\t\t<\/div>\n\t\t\t\t\t<\/div>\n\t\t\t\t<\/div>\n\t\t\t\t\t<\/div>\n\t\t\t\t<\/div>\n\t\t\t\t<\/div>\n\t\t","protected":false},"excerpt":{"rendered":"<p>Il bagaglio da moto \u00e8 un accessorio spesso sottovalutato ma indispensabile per i motociclisti. Permette di trasportare in modo sicuro e confortevole qualsiasi cosa, dall&#8217;attrezzatura di base per brevi viaggi all&#8217;attrezzatura completa per lunghi tour. Le borse e le valigie speciali per moto sono progettate per essere aerodinamiche e non avere un impatto negativo sul [&hellip;]<\/p>\n","protected":false},"author":1,"featured_media":0,"parent":2055,"menu_order":0,"comment_status":"closed","ping_status":"closed","template":"elementor_theme","meta":{"itsec_x_frame_options":"","footnotes":""},"class_list":["post-2041","page","type-page","status-publish","hentry"],"_links":{"self":[{"href":"https:\/\/moto-boutique-valais.ch\/it\/wp-json\/wp\/v2\/pages\/2041","targetHints":{"allow":["GET"]}}],"collection":[{"href":"https:\/\/moto-boutique-valais.ch\/it\/wp-json\/wp\/v2\/pages"}],"about":[{"href":"https:\/\/moto-boutique-valais.ch\/it\/wp-json\/wp\/v2\/types\/page"}],"author":[{"embeddable":true,"href":"https:\/\/moto-boutique-valais.ch\/it\/wp-json\/wp\/v2\/users\/1"}],"replies":[{"embeddable":true,"href":"https:\/\/moto-boutique-valais.ch\/it\/wp-json\/wp\/v2\/comments?post=2041"}],"version-history":[{"count":2,"href":"https:\/\/moto-boutique-valais.ch\/it\/wp-json\/wp\/v2\/pages\/2041\/revisions"}],"predecessor-version":[{"id":2452,"href":"https:\/\/moto-boutique-valais.ch\/it\/wp-json\/wp\/v2\/pages\/2041\/revisions\/2452"}],"up":[{"embeddable":true,"href":"https:\/\/moto-boutique-valais.ch\/it\/wp-json\/wp\/v2\/pages\/2055"}],"wp:attachment":[{"href":"https:\/\/moto-boutique-valais.ch\/it\/wp-json\/wp\/v2\/media?parent=2041"}],"curies":[{"name":"wp","href":"https:\/\/api.w.org\/{rel}","templated":true}]}}